{"id":4945,"date":"2026-04-21T16:45:23","date_gmt":"2026-04-21T14:45:23","guid":{"rendered":"https:\/\/bdoadvisory.fr\/?post_type=product&#038;p=4945"},"modified":"2026-04-21T16:45:23","modified_gmt":"2026-04-21T14:45:23","slug":"poele-a-bois-justus-austin-7-7-kw","status":"publish","type":"product","link":"https:\/\/bdoadvisory.fr\/?product=poele-a-bois-justus-austin-7-7-kw","title":{"rendered":"Po\u00eale \u00e0 bois Justus Austin 7 | 7 kW"},"content":{"rendered":"<p>Po\u00eale \u00e0 bois Justus Austin 7\u00a0<\/p>\n<p>Le po\u00eale Justus Austin 7 est nouveau depuis 2015. Le po\u00eale est disponible avec une finition noir acier st\u00e9atite ou pierre cr\u00e8me dans les versions en acier noir. La dur\u00e9e de fonctionnement est illimit\u00e9e. La puissance thermique nominale est de 7 kW, la puissance du chauffage jusqu&rsquo;\u00e0\u00a060\u00a0m\u00b2 &#8211; avec un rendement de plus de 80 %.\u00a0<br \/>\nPour de l&rsquo;air de combustion dos\u00e9es de ma mani\u00e8re optimale, le syst\u00e8me sp\u00e9cial Justus d&rsquo;air \u00e0 trois compartiments assure cette fonction. Il en r\u00e9sulte ainsi une combustion particuli\u00e8rement propre et efficace.<br \/>\nLa buse de connexion d\u2019air ext\u00e9rieur est en option.<br \/>\nFonctionnement en continu 24h<br \/>\nUne caract\u00e9ristique particuli\u00e8re de qualit\u00e9 et de respect de l&rsquo;environnement. Le foyer peut fonctionner ind\u00e9finiment. Utilisez uniquement les combustibles autoris\u00e9s !<br \/>\nVerrouillage multiple<br \/>\nLe verrouillage multipoint emp\u00eache la d\u00e9formation de la porte coupe-feu par des temp\u00e9ratures \u00e9lev\u00e9es. Ceci assure \u00e9galement une bonne \u00e9tanch\u00e9it\u00e9 particuli\u00e8rement pour les entr\u00e9es d&rsquo;air parasites. Ce syst\u00e8me permet de maintenir ainsi une qualit\u00e9 et stabilit\u00e9 de combustion dans le foyer.<br \/>\nConnexion pour l&rsquo;alimentation en air ext\u00e9rieur<br \/>\nDans les b\u00e2timents modernes, plus denses avec des syst\u00e8mes de ventilation m\u00e9canique contr\u00f4l\u00e9e, l&rsquo;air de combustion doit \u00eatre fournie de l&rsquo;ext\u00e9rieur, de sorte qu&rsquo;aucune pression n\u00e9gative ne puisse interf\u00e9rer avec le foyer. Cela n\u00e9cessite une alimentation en air externe et s\u00e9par\u00e9e via une buse de raccordement pour une arriv\u00e9e d&rsquo;air ext\u00e9rieur.\u00a0<br \/>\nNettoyage des vitres<br \/>\nUn courant d&rsquo;air guid\u00e9 emp\u00eache la condensation et le d\u00e9p\u00f4t des gaz de combustion sur la vitre c\u00f4t\u00e9 int\u00e9rieur. Ainsi, le verre reste propre.<br \/>\nSyst\u00e8me Triple-air<br \/>\nLe syst\u00e8me triple d&rsquo;air sp\u00e9cial JUSTUS assure toujours un air de combustion dos\u00e9es de fa\u00e7on optimale et o\u00f9 il est n\u00e9cessaire pour le processus de combustion. Une combustion particuli\u00e8rement propre et efficace est le r\u00e9sultat souhait\u00e9.<br \/>\nToutes les donn\u00e9es techniques ont \u00e9t\u00e9 mesur\u00e9es \u00e0 la puissance calorifique nominale et sont soumis \u00e0 la variante \/ version.<br \/>\nLes Po\u00eales Justus Austin 7\u00a0et les Po\u00eales Justus sont disponibles dans\u00a0la boutique de po\u00eales, Chemineeo.fr,\u00a0site s\u00fbr et s\u00e9curis\u00e9 en ligne.<\/p>\n","protected":false},"excerpt":{"rendered":"<p>Po\u00eale \u00e0 bois Justus Austin 7 |\u00a07 kW\u00a0<br \/>\nBien-\u00eatre et confort d\u2019utilisation \u00e0 moindre co\u00fbt<br \/>\nDisponible avec des plaques lat\u00e9rales d\u00e9coratives aspect naturel<br \/>\nFonctionnement \u00e9cologique continu<br \/>\nCombustion efficace et sans r\u00e9sidus gr\u00e2ce \u00e0 la triple r\u00e9partition d\u2019air<br \/>\nPoign\u00e9e ventil\u00e9e<br \/>\nPour un volume d\u2019habitation de 144 m\u00e8tres cubes<br \/>\nCertifi\u00e9 conforme EN 13240<\/p>\n","protected":false},"featured_media":4946,"template":"","meta":{"inline_featured_image":false},"product_brand":[],"product_cat":[166],"product_tag":[],"class_list":{"0":"post-4945","1":"product","2":"type-product","3":"status-publish","4":"has-post-thumbnail","6":"product_cat-justus","8":"first","9":"instock","10":"shipping-taxable","11":"purchasable","12":"product-type-simple"},"_links":{"self":[{"href":"https:\/\/bdoadvisory.fr\/index.php?rest_route=\/wp\/v2\/product\/4945","targetHints":{"allow":["GET"]}}],"collection":[{"href":"https:\/\/bdoadvisory.fr\/index.php?rest_route=\/wp\/v2\/product"}],"about":[{"href":"https:\/\/bdoadvisory.fr\/index.php?rest_route=\/wp\/v2\/types\/product"}],"wp:featuredmedia":[{"embeddable":true,"href":"https:\/\/bdoadvisory.fr\/index.php?rest_route=\/wp\/v2\/media\/4946"}],"wp:attachment":[{"href":"https:\/\/bdoadvisory.fr\/index.php?rest_route=%2Fwp%2Fv2%2Fmedia&parent=4945"}],"wp:term":[{"taxonomy":"product_brand","embeddable":true,"href":"https:\/\/bdoadvisory.fr\/index.php?rest_route=%2Fwp%2Fv2%2Fproduct_brand&post=4945"},{"taxonomy":"product_cat","embeddable":true,"href":"https:\/\/bdoadvisory.fr\/index.php?rest_route=%2Fwp%2Fv2%2Fproduct_cat&post=4945"},{"taxonomy":"product_tag","embeddable":true,"href":"https:\/\/bdoadvisory.fr\/index.php?rest_route=%2Fwp%2Fv2%2Fproduct_tag&post=4945"}],"curies":[{"name":"wp","href":"https:\/\/api.w.org\/{rel}","templated":true}]}}