{"id":4943,"date":"2026-04-21T16:45:23","date_gmt":"2026-04-21T14:45:23","guid":{"rendered":"https:\/\/bdoadvisory.fr\/?post_type=product&#038;p=4943"},"modified":"2026-04-21T16:45:23","modified_gmt":"2026-04-21T14:45:23","slug":"poele-a-bois-justus-texas-6-kw","status":"publish","type":"product","link":"https:\/\/bdoadvisory.fr\/?product=poele-a-bois-justus-texas-6-kw","title":{"rendered":"Po\u00eale a bois Justus Texas 6 kW"},"content":{"rendered":"<p>Po\u00eale a bois Justus Texas 6 kW<br \/>\nLe po\u00eale Justus Texas 6 kW est complet autant dans la performance et que dans l&rsquo;utilisation. Il est en version noir d\u00e9corative\u00a0 avec des plaques lat\u00e9rales d\u00e9coratives grises aspect naturel.\u00a0\u00a0La bo\u00eete de cendres se trouve en dessous de la grille et peut \u00eatre retir\u00e9e pour \u00eatre vid\u00e9.<br \/>\nFonctionnement en continu 24h<br \/>\nUne caract\u00e9ristique particuli\u00e8re de qualit\u00e9 et de respect de l&rsquo;environnement. Le foyer peut fonctionner ind\u00e9finiment. Utilisez uniquement les combustibles autoris\u00e9s !<br \/>\nNettoyage des vitres<br \/>\nUn courant d&rsquo;air guid\u00e9 s\u00e9lectivement emp\u00eache la condensation et le d\u00e9p\u00f4t des gaz de combustion \u00e0 la roue c\u00f4t\u00e9 int\u00e9rieur. Ainsi, le verre reste propre.<br \/>\nSyst\u00e8me d&rsquo;air \u00e0 trois compartiments<br \/>\nLe syst\u00e8me d&rsquo;air sp\u00e9cial \u00e0 trois compartiments JUSTUS assure toujours un air de combustion dos\u00e9es de fa\u00e7on optimale.Il est n\u00e9cessaire pour le processus de combustion. Une combustion particuli\u00e8rement propre et efficace est le r\u00e9sultat souhait\u00e9.<br \/>\nPoign\u00e9e ventil\u00e9e<br \/>\nLa poign\u00e9e ergonomique avec sa circulation interne d&rsquo;air assure un acc\u00e8s au frais pendant la phase de chauffage.<br \/>\nToutes les donn\u00e9es techniques ont \u00e9t\u00e9 mesur\u00e9es \u00e0 la puissance calorifique nominale et d\u00e9pendent de la variante \/ version.<br \/>\nPo\u00eale Justus Texas de 6 kW, les po\u00eales Justus sont s\u00fbrs et faciles \u00e0 acheter en ligne sur Chemineeo.fr, le magasin de po\u00eales.<\/p>\n","protected":false},"excerpt":{"rendered":"<p>Po\u00eale \u00e0 bois Justus Texas avec une puissance nominale de 6 kW<br \/>\nBien-\u00eatre et confort d\u2019utilisation \u00e0 moindre co\u00fbt<br \/>\nDisponible avec des plaques lat\u00e9rales d\u00e9coratives aspect naturel<br \/>\nFonctionnement \u00e9cologique continu<br \/>\nCombustion efficace et sans r\u00e9sidus gr\u00e2ce \u00e0 la triple r\u00e9partition d\u2019air comburant<br \/>\nPorte avec vitre prismatique<br \/>\nPoign\u00e9e ventil\u00e9e<br \/>\nPour un volume d\u2019habitation de 48 m\u00b2<br \/>\nCertifi\u00e9 conforme EN 13240<\/p>\n","protected":false},"featured_media":4944,"template":"","meta":{"inline_featured_image":false},"product_brand":[],"product_cat":[166],"product_tag":[],"class_list":{"0":"post-4943","1":"product","2":"type-product","3":"status-publish","4":"has-post-thumbnail","6":"product_cat-justus","8":"first","9":"instock","10":"shipping-taxable","11":"purchasable","12":"product-type-simple"},"_links":{"self":[{"href":"https:\/\/bdoadvisory.fr\/index.php?rest_route=\/wp\/v2\/product\/4943","targetHints":{"allow":["GET"]}}],"collection":[{"href":"https:\/\/bdoadvisory.fr\/index.php?rest_route=\/wp\/v2\/product"}],"about":[{"href":"https:\/\/bdoadvisory.fr\/index.php?rest_route=\/wp\/v2\/types\/product"}],"wp:featuredmedia":[{"embeddable":true,"href":"https:\/\/bdoadvisory.fr\/index.php?rest_route=\/wp\/v2\/media\/4944"}],"wp:attachment":[{"href":"https:\/\/bdoadvisory.fr\/index.php?rest_route=%2Fwp%2Fv2%2Fmedia&parent=4943"}],"wp:term":[{"taxonomy":"product_brand","embeddable":true,"href":"https:\/\/bdoadvisory.fr\/index.php?rest_route=%2Fwp%2Fv2%2Fproduct_brand&post=4943"},{"taxonomy":"product_cat","embeddable":true,"href":"https:\/\/bdoadvisory.fr\/index.php?rest_route=%2Fwp%2Fv2%2Fproduct_cat&post=4943"},{"taxonomy":"product_tag","embeddable":true,"href":"https:\/\/bdoadvisory.fr\/index.php?rest_route=%2Fwp%2Fv2%2Fproduct_tag&post=4943"}],"curies":[{"name":"wp","href":"https:\/\/api.w.org\/{rel}","templated":true}]}}