{"id":4939,"date":"2026-04-21T16:45:22","date_gmt":"2026-04-21T14:45:22","guid":{"rendered":"https:\/\/bdoadvisory.fr\/?post_type=product&#038;p=4939"},"modified":"2026-04-21T16:45:22","modified_gmt":"2026-04-21T14:45:22","slug":"poele-a-bois-oranier-polar-w-2-0-65-kw","status":"publish","type":"product","link":"https:\/\/bdoadvisory.fr\/?product=poele-a-bois-oranier-polar-w-2-0-65-kw","title":{"rendered":"Po\u00eale \u00e0 bois Oranier Polar W+ 2.0 | 6,5 kW"},"content":{"rendered":"<p>Po\u00eale \u00e0 bois Oranier Polar W+ 6,5 kW &#8211; Version 2.0 <\/p>\n<p>Le po\u00eale Oranier Polar W+ convainc par ses performances techniques et son design fin. Le po\u00eale Oranier Polar W+ 2.0 est disponible en 6 finis diff\u00e9rents en acier, pierre et c\u00e9ramique. De forme et d&rsquo;\u00e9quipement, la 2\u00e8me g\u00e9n\u00e9ration de la s\u00e9rie Polar est un classique intemporel de forme et d&rsquo;\u00e9quipement et peut s&rsquo;int\u00e9grer dans n&rsquo;importe quelle pi\u00e8ce.<br \/>\nL&rsquo;\u00e9quipement standard du po\u00eale \u00e0 bois Oranier Polar W+ 2.0 comprend un r\u00e9gulateur d&rsquo;air, un compartiment de rangement \u00e0 bois verrouillable par une porte, une poign\u00e9e \u00e0 circulation d&rsquo;air et un bloc accumulateur de chaleur int\u00e9gr\u00e9 pour une chaleur agr\u00e9able durable dans le salon. En option, une buse d&rsquo;air de combustion externe peut \u00e9galement \u00eatre ajout\u00e9e pour am\u00e9liorer l&rsquo;alimentation d&rsquo;air de l&rsquo;ext\u00e9rieur et rendre le chauffage du foyer plus efficace.<br \/>\nBloc accumulateur W+<br \/>\n\u00a0<\/p>\n<p>Accumulateur de chaleur en \u00a0\u00a0chamotte HST de haute qualit\u00e9 de 40 kg<br \/>\nHaute densit\u00e9 2,9 kg\/dm\u00b3.<br \/>\nConductivit\u00e9 thermique constante de 1,2 W\/mK<br \/>\nR\u00e9sistant aux temp\u00e9ratures jusqu&rsquo;\u00e0 1200\u00b0C<br \/>\nAssure une r\u00e9partition uniforme de la chaleur dans l&rsquo;espace de vie<br \/>\nDissipation de la chaleur jusqu&rsquo;\u00e0 13 heures possible<\/p>\n<p>Plus d&rsquo;informations \u00e0 t\u00e9l\u00e9charger<br \/>\nChemineeo.fr dispose de toutes les informations importantes sur le po\u00eale Oranier Polar W+ que vous pouvez t\u00e9l\u00e9charger au format PDF.<br \/>\nEnfin, nous offrons des services suppl\u00e9mentaires tels que conseilles en ligne. Nous vous recommandons les conseils d\u00e9taill\u00e9s de nos experts, qui sont \u00e0 votre disposition via courriel \u00e0 info@chemineeo.fr\u00a0\u00a0ou par t\u00e9l\u00e9phone au\u00a001 76 36 00 27\u00a0.<br \/>\nToutes les sp\u00e9cifications ont \u00e9t\u00e9 test\u00e9es \u00e0 la puissance calorifique nominale et d\u00e9pendent de la version\/conception.<\/p>\n","protected":false},"excerpt":{"rendered":"<p>Po\u00eale \u00e0 bois Oranier Polar W+ 2.0 | 6,5 kW<br \/>\nBloc accumulateur de 40 kg<br \/>\nPour un bien-\u00eatre d\u00e9tendu, reposant et qualitatif<br \/>\nRev\u00eatements \u00e9l\u00e9gants, \u00e9l\u00e9gants et r\u00e9alistes pour le po\u00eale<br \/>\nCombustion impeccable et efficace gr\u00e2ce au triple syst\u00e8me d&rsquo;air<br \/>\nDesign unique avec de nombreuses fonctions<br \/>\nAvec une capacit\u00e9 de chauffage optimale jusqu&rsquo;\u00e0 55\u00a0m\u00b2<br \/>\nTest\u00e9 selon DIN EN 13240<\/p>\n","protected":false},"featured_media":4940,"template":"","meta":{"inline_featured_image":false},"product_brand":[],"product_cat":[165],"product_tag":[],"class_list":{"0":"post-4939","1":"product","2":"type-product","3":"status-publish","4":"has-post-thumbnail","6":"product_cat-oranier","8":"first","9":"instock","10":"shipping-taxable","11":"purchasable","12":"product-type-simple"},"_links":{"self":[{"href":"https:\/\/bdoadvisory.fr\/index.php?rest_route=\/wp\/v2\/product\/4939","targetHints":{"allow":["GET"]}}],"collection":[{"href":"https:\/\/bdoadvisory.fr\/index.php?rest_route=\/wp\/v2\/product"}],"about":[{"href":"https:\/\/bdoadvisory.fr\/index.php?rest_route=\/wp\/v2\/types\/product"}],"wp:featuredmedia":[{"embeddable":true,"href":"https:\/\/bdoadvisory.fr\/index.php?rest_route=\/wp\/v2\/media\/4940"}],"wp:attachment":[{"href":"https:\/\/bdoadvisory.fr\/index.php?rest_route=%2Fwp%2Fv2%2Fmedia&parent=4939"}],"wp:term":[{"taxonomy":"product_brand","embeddable":true,"href":"https:\/\/bdoadvisory.fr\/index.php?rest_route=%2Fwp%2Fv2%2Fproduct_brand&post=4939"},{"taxonomy":"product_cat","embeddable":true,"href":"https:\/\/bdoadvisory.fr\/index.php?rest_route=%2Fwp%2Fv2%2Fproduct_cat&post=4939"},{"taxonomy":"product_tag","embeddable":true,"href":"https:\/\/bdoadvisory.fr\/index.php?rest_route=%2Fwp%2Fv2%2Fproduct_tag&post=4939"}],"curies":[{"name":"wp","href":"https:\/\/api.w.org\/{rel}","templated":true}]}}