{"id":4937,"date":"2026-04-21T16:45:22","date_gmt":"2026-04-21T14:45:22","guid":{"rendered":"https:\/\/bdoadvisory.fr\/?post_type=product&#038;p=4937"},"modified":"2026-04-21T16:45:22","modified_gmt":"2026-04-21T14:45:22","slug":"poele-a-bois-justus-vegas-6-kw","status":"publish","type":"product","link":"https:\/\/bdoadvisory.fr\/produit\/poele-a-bois-justus-vegas-6-kw\/","title":{"rendered":"Po\u00eale \u00e0 bois Justus Vegas 6 kW"},"content":{"rendered":"<p>Po\u00eale \u00e0 bois Justus Vegas 6 kW<br \/>\nLe po\u00eale Justus\u00a0Vegas\u00a0de 6 kW est un po\u00eale \u00e0 bois de valeur et \u00a0performant. Il est diponible dans en version d\u00e9corative \u00ab c\u00e9ramique grise \u00bb.<br \/>\nIl a un bon rendement de plus de 80%. Il poss\u00e8de une forme arrondie sur le dessus et carr\u00e9 au niveau du corps du po\u00eale.<br \/>\nLa buse de connexion d\u2019air ext\u00e9rieur est en option.\u00a0<br \/>\n\u00a0<br \/>\nFonctionnement en continu 24h<br \/>\nUne caract\u00e9ristique particuli\u00e8re de qualit\u00e9 et de respect de l&rsquo;environnement. Le po\u00eale peut fonctionner ind\u00e9finiment. Utilisez uniquement les combustibles sp\u00e9cifi\u00e9s et autoris\u00e9s ! Suivez le manuel\u00a0!<br \/>\nNettoyage des vitres<br \/>\nUn courant d&rsquo;air guid\u00e9 s\u00e9lectivement emp\u00eache la condensation et le d\u00e9p\u00f4t des gaz de combustion sur la roue c\u00f4t\u00e9 int\u00e9rieur. Ainsi, le verre reste propre.<br \/>\nSyst\u00e8me d&rsquo;air \u00e0 trois compartiments<br \/>\nLe syst\u00e8me triple d&rsquo;air sp\u00e9cial Justus\u00a0assure toujours un air de combustion dos\u00e9es de fa\u00e7on optimale o\u00f9 il est n\u00e9cessaire pour le processus de combustion. Une combustion particuli\u00e8rement propre et efficace est le r\u00e9sultat souhait\u00e9.<br \/>\nPoign\u00e9e ventil\u00e9e<br \/>\nLa poign\u00e9e ergonomique avec sa circulation interne d&rsquo;air assure un acc\u00e8s au frais pendant la phase de chauffage.<\/p>\n","protected":false},"excerpt":{"rendered":"<p>Po\u00eale \u00e0 bois Justus Vegas 6 kW<br \/>\nBien-\u00eatre et confort d\u2019utilisation \u00e0 moindre co\u00fbt<br \/>\nDisponible avec des plaques lat\u00e9rales d\u00e9coratives aspect naturel<br \/>\nFonctionnement \u00e9cologique continu<br \/>\nCombustion efficace et sans r\u00e9sidus gr\u00e2ce \u00e0 la triple r\u00e9partition d\u2019air<br \/>\nPoign\u00e9e auto-refroidissante et tiroir \u00e0 cendres inclus<br \/>\nPour un volume d\u2019habitation de 48\u00a0m\u00b2<br \/>\nCertifi\u00e9 conforme EN 13240<\/p>\n","protected":false},"featured_media":4938,"template":"","meta":{"inline_featured_image":false},"product_brand":[],"product_cat":[166],"product_tag":[],"class_list":{"0":"post-4937","1":"product","2":"type-product","3":"status-publish","4":"has-post-thumbnail","6":"product_cat-justus","8":"first","9":"instock","10":"shipping-taxable","11":"purchasable","12":"product-type-simple"},"_links":{"self":[{"href":"https:\/\/bdoadvisory.fr\/wp-json\/wp\/v2\/product\/4937","targetHints":{"allow":["GET"]}}],"collection":[{"href":"https:\/\/bdoadvisory.fr\/wp-json\/wp\/v2\/product"}],"about":[{"href":"https:\/\/bdoadvisory.fr\/wp-json\/wp\/v2\/types\/product"}],"wp:featuredmedia":[{"embeddable":true,"href":"https:\/\/bdoadvisory.fr\/wp-json\/wp\/v2\/media\/4938"}],"wp:attachment":[{"href":"https:\/\/bdoadvisory.fr\/wp-json\/wp\/v2\/media?parent=4937"}],"wp:term":[{"taxonomy":"product_brand","embeddable":true,"href":"https:\/\/bdoadvisory.fr\/wp-json\/wp\/v2\/product_brand?post=4937"},{"taxonomy":"product_cat","embeddable":true,"href":"https:\/\/bdoadvisory.fr\/wp-json\/wp\/v2\/product_cat?post=4937"},{"taxonomy":"product_tag","embeddable":true,"href":"https:\/\/bdoadvisory.fr\/wp-json\/wp\/v2\/product_tag?post=4937"}],"curies":[{"name":"wp","href":"https:\/\/api.w.org\/{rel}","templated":true}]}}