{"id":4935,"date":"2026-04-21T16:45:22","date_gmt":"2026-04-21T14:45:22","guid":{"rendered":"https:\/\/bdoadvisory.fr\/?post_type=product&#038;p=4935"},"modified":"2026-04-21T16:45:22","modified_gmt":"2026-04-21T14:45:22","slug":"poele-a-bois-justus-usedom-5-55-kw","status":"publish","type":"product","link":"https:\/\/bdoadvisory.fr\/produit\/poele-a-bois-justus-usedom-5-55-kw\/","title":{"rendered":"Po\u00eale \u00e0 bois Justus Usedom 5 | 5,5 kW"},"content":{"rendered":"<p>Po\u00eale \u00e0 bois Justus Usedom 5 |\u00a05,5 kW<\/p>\n<p>Le po\u00eale Justus Usedom 5 impressionne par ses performances. Il est \u00e9quip\u00e9 d&rsquo;un bac \u00e0 cendres amovible. La chaleur et le plaisir pur!<br \/>\nLe po\u00eale Justus Usedom 5 est disponible dans les versions avec un rev\u00eatement acier noir ou en acier gris \u00a0et recouverement avec la st\u00e9atite.<br \/>\nLa buse de connexion d\u2019air ext\u00e9rieur est en option.<br \/>\nFonctionnement en continu 24h<br \/>\n Une caract\u00e9ristique particuli\u00e8re de qualit\u00e9 et de respect de l&rsquo;environnement. Le foyer peut fonctionner ind\u00e9finiment. Utilisez uniquement les combustibles autoris\u00e9s!<br \/>\nVerrouillage multiple<br \/>\n Le verrouillage multipoint emp\u00eache la d\u00e9formation de la porte coupe-feu par des temp\u00e9ratures \u00e9lev\u00e9es. Ceci assure \u00e9galement une bonne \u00e9tanch\u00e9it\u00e9 particuli\u00e8rement pour les entr\u00e9es d&rsquo;air parasites. Ce syst\u00e8me permet de maintenir ainsi une qualit\u00e9 et stabilit\u00e9 de combustion dans le foyer.<br \/>\nConnexion pour l&rsquo;alimentation en air ext\u00e9rieur<br \/>\n Dans les b\u00e2timents modernes, plus denses avec des syst\u00e8mes de ventilation m\u00e9canique contr\u00f4l\u00e9e, l&rsquo;air de combustion doit \u00eatre fournie de l&rsquo;ext\u00e9rieur, de sorte qu&rsquo;aucune pression n\u00e9gative ne puisse interf\u00e9rer avec le foyer. Cela n\u00e9cessite une alimentation en air externe et s\u00e9par\u00e9e via une buse de raccordement pour arriv\u00e9e air ext\u00e9rieur.\u00a0<br \/>\nPoign\u00e9e ventil\u00e9e<br \/>\nLa poign\u00e9e ergonomique avec sa circulation interne d&rsquo;air assure un acc\u00e8s au frais pendant la phase de chauffage.<br \/>\nNettoyage des vitres<br \/>\n Un courant d&rsquo;air guid\u00e9 emp\u00eache la condensation et le d\u00e9p\u00f4t des gaz de combustion sur la vitre c\u00f4t\u00e9 int\u00e9rieur. Ainsi, le verre reste propre.<br \/>\nSyst\u00e8me Triple-air<br \/>\n Le syst\u00e8me triple air sp\u00e9cial JUSTUS assure toujours un air de combustion dos\u00e9e de fa\u00e7on optimale et il est n\u00e9cessaire pour le processus de combustion. Une combustion particuli\u00e8rement propre et efficace est le r\u00e9sultat souhait\u00e9.<br \/>\nToutes les donn\u00e9es techniques ont \u00e9t\u00e9 mesur\u00e9es \u00e0 la puissance calorifique nominale et d\u00e9pendent de la variante \/ version.<br \/>\nPo\u00eale Justus Usedom 5 |\u00a05,5 kW, les po\u00eales Justus sont s\u00fbrs et faciles \u00e0 acheter en ligne sur Chemineeo.fr, le magasin de po\u00eales.<\/p>\n","protected":false},"excerpt":{"rendered":"<p>Po\u00eale \u00e0 bois Justus Usedom 5 de puissance nominale 5,5 kW<br \/>\nBien-\u00eatre et confort d\u2019utilisation \u00e0 moindre co\u00fbt<br \/>\nDisponible avec des plaques lat\u00e9rales d\u00e9coratives aspect naturel<br \/>\nFonctionnement \u00e9cologique continu<br \/>\nCombustion efficace et sans r\u00e9sidus gr\u00e2ce \u00e0 la triple r\u00e9partition d\u2019air<br \/>\nPorte avec vitre prismatique<br \/>\nPoign\u00e9e auto-refroidissante et tiroir \u00e0 cendres inclus<br \/>\nPour un volume d\u2019habitation de 88 m\u00e8tres cubes<br \/>\nCertifi\u00e9 conforme EN 13240<\/p>\n","protected":false},"featured_media":4936,"template":"","meta":{"inline_featured_image":false},"product_brand":[],"product_cat":[166],"product_tag":[],"class_list":{"0":"post-4935","1":"product","2":"type-product","3":"status-publish","4":"has-post-thumbnail","6":"product_cat-justus","8":"first","9":"instock","10":"shipping-taxable","11":"purchasable","12":"product-type-simple"},"_links":{"self":[{"href":"https:\/\/bdoadvisory.fr\/wp-json\/wp\/v2\/product\/4935","targetHints":{"allow":["GET"]}}],"collection":[{"href":"https:\/\/bdoadvisory.fr\/wp-json\/wp\/v2\/product"}],"about":[{"href":"https:\/\/bdoadvisory.fr\/wp-json\/wp\/v2\/types\/product"}],"wp:featuredmedia":[{"embeddable":true,"href":"https:\/\/bdoadvisory.fr\/wp-json\/wp\/v2\/media\/4936"}],"wp:attachment":[{"href":"https:\/\/bdoadvisory.fr\/wp-json\/wp\/v2\/media?parent=4935"}],"wp:term":[{"taxonomy":"product_brand","embeddable":true,"href":"https:\/\/bdoadvisory.fr\/wp-json\/wp\/v2\/product_brand?post=4935"},{"taxonomy":"product_cat","embeddable":true,"href":"https:\/\/bdoadvisory.fr\/wp-json\/wp\/v2\/product_cat?post=4935"},{"taxonomy":"product_tag","embeddable":true,"href":"https:\/\/bdoadvisory.fr\/wp-json\/wp\/v2\/product_tag?post=4935"}],"curies":[{"name":"wp","href":"https:\/\/api.w.org\/{rel}","templated":true}]}}