{"id":4931,"date":"2026-04-21T16:45:21","date_gmt":"2026-04-21T14:45:21","guid":{"rendered":"https:\/\/bdoadvisory.fr\/?post_type=product&#038;p=4931"},"modified":"2026-04-21T16:45:21","modified_gmt":"2026-04-21T14:45:21","slug":"poele-a-bois-justus-faro-2-0-6-kw","status":"publish","type":"product","link":"https:\/\/bdoadvisory.fr\/?product=poele-a-bois-justus-faro-2-0-6-kw","title":{"rendered":"Po\u00eale \u00e0 bois Justus Faro 2.0 | 6 kW"},"content":{"rendered":"<p>Po\u00eale \u00e0 bois Justus Faro 2.0 | 6 kW<\/p>\n<p>Le po\u00eale Justus Faro &#8211; une chose ronde en soi. Disponible en noir acier, avec une plaque de recouvrement en gr\u00e8s ou en calcaire cr\u00e8me ou en gris acier moul\u00e9 avec une plaque de recouvrement en st\u00e9atite. Le four peut fonctionner pendant une dur\u00e9e illimit\u00e9e. La puissance calorifique nominale est de 6 kW, la puissance calorifique jusqu&rsquo;\u00e0\u00a048\u00a0m\u00b2 &#8211; avec un rendement >80 %. La porte est \u00e9quip\u00e9e d&rsquo;un syst\u00e8me de verrouillage multipoint qui emp\u00eache le gauchissement \u00e0 haute temp\u00e9rature. De plus, l&rsquo;\u00e9tanch\u00e9it\u00e9 particuli\u00e8rement bonne emp\u00eache l&rsquo;entr\u00e9e d&rsquo;air ind\u00e9sirable. En outre, le po\u00eale Justus Faro est \u00e9quip\u00e9 d&rsquo;un syst\u00e8me de rin\u00e7age de la vitre qui emp\u00eache les gaz de combustion de se d\u00e9poser \u00e0 l&rsquo;int\u00e9rieur de la vitre.<br \/>\nEn outre, le syst\u00e8me sp\u00e9cial Justus \u00e0 triple air assure toujours un dosage optimal de l&rsquo;air de combustion. Les troncs d&rsquo;arbres jusqu&rsquo;\u00e0 33 cm de long ne posent aucun probl\u00e8me au Justus Faro. Le design, en particulier la plaque de recouvrement en gr\u00e8s, en calcaire cr\u00e8me ou en st\u00e9atite, et la technologie exceptionnelle garantissent une chaleur agr\u00e9able avec le po\u00eale Justus Faro 2.0 &#8211; \u00e0 toute heure du jour et de la nuit. Gr\u00e2ce \u00e0 la table tournante optionnelle, vous pouvez positionner la fen\u00eatre dans diff\u00e9rentes directions, ce qui est parfait dans les espaces de vie ouverts, par exemple dans la cuisine ou le salon. B. entre le salon et la salle \u00e0 manger.<br \/>\nRev\u00eatement de four profil\u00e9<br \/>\nLe rev\u00eatement de four en vermiculite moul\u00e9e profil\u00e9e \u00e0 haute r\u00e9sistance et \u00e0 surface attrayante n&rsquo;est pas seulement esth\u00e9tique, il favorise \u00e9galement le tourbillonnement souhait\u00e9 des gaz combustibles pour une combustion propre.<br \/>\nFonctionnement continu 24h\/24<br \/>\nUne caract\u00e9ristique particuli\u00e8re de la qualit\u00e9 et du respect de l&rsquo;environnement. Le four peut fonctionner pendant une dur\u00e9e illimit\u00e9e. N&rsquo;utilisez que les carburants sp\u00e9cifi\u00e9s et autoris\u00e9s ! Suivez les instructions !<br \/>\nVerrouillage multipoint<br \/>\nLe verrouillage multipoint emp\u00eache la porte coupe-feu de se d\u00e9former en raison de temp\u00e9ratures \u00e9lev\u00e9es. En outre, l&rsquo;\u00e9tanch\u00e9it\u00e9 particuli\u00e8rement bonne emp\u00eache l&rsquo;entr\u00e9e d&rsquo;air ind\u00e9sirable et maintient ainsi la qualit\u00e9 de la combustion dans le four.<br \/>\nRaccordement pour l&rsquo;alimentation en air de combustion externe<br \/>\nDans les maisons modernes, particuli\u00e8rement denses, avec des syst\u00e8mes de ventilation contr\u00f4l\u00e9s, l&rsquo;air de combustion doit \u00eatre aliment\u00e9 de l&rsquo;ext\u00e9rieur afin qu&rsquo;aucune pression n\u00e9gative ne puisse appara\u00eetre dans l&rsquo;espace de vie avec le po\u00eale. Cela n\u00e9cessite une alimentation en air ext\u00e9rieur s\u00e9par\u00e9e.<br \/>\nRin\u00e7age des fen\u00eatres<br \/>\nUn flux d&rsquo;air cibl\u00e9 emp\u00eache la condensation et le d\u00e9p\u00f4t de gaz de combustion sur la face int\u00e9rieure de la fen\u00eatre. Cela permet de garder le disque propre.<br \/>\nSyst\u00e8me \u00e0 triple air<br \/>\nLe syst\u00e8me sp\u00e9cial \u00e0 triple air JUSTUS garantit que l&rsquo;air de combustion est toujours dos\u00e9 de mani\u00e8re optimale l\u00e0 o\u00f9 il est n\u00e9cessaire pour le processus de combustion. Une combustion particuli\u00e8rement propre et efficace est le r\u00e9sultat souhait\u00e9.<br \/>\nToutes les donn\u00e9es techniques ont \u00e9t\u00e9 mesur\u00e9es \u00e0 la puissance calorifique nominale et d\u00e9pendent de la variante \/ version.<br \/>\nLes po\u00eales Justus sont s\u00fbrs et faciles \u00e0 acheter en ligne sur Chemineeo.fr, la boutique en ligne pour les po\u00eales.<\/p>\n","protected":false},"excerpt":{"rendered":"<p>Po\u00eale \u00e0 bois Justus Faro 2.0 | 6 kW<br \/>\nDisponible avec des panneaux lat\u00e9raux \u00e9l\u00e9gants<br \/>\nVerrouillage multipoint\u00a0<br \/>\nFonctionnement \u00e9cologique continu<br \/>\nCombustion efficace gr\u00e2ce au triple syst\u00e8me d&rsquo;air<br \/>\nY compris poign\u00e9e auto-refroidissante et rin\u00e7age de vitre<br \/>\nPour un volume d\u2019habitation de\u00a048\u00a0m\u00b2<br \/>\nCertifi\u00e9 EN 13240<\/p>\n","protected":false},"featured_media":4932,"template":"","meta":{"inline_featured_image":false},"product_brand":[],"product_cat":[166],"product_tag":[],"class_list":{"0":"post-4931","1":"product","2":"type-product","3":"status-publish","4":"has-post-thumbnail","6":"product_cat-justus","8":"first","9":"instock","10":"shipping-taxable","11":"purchasable","12":"product-type-simple"},"_links":{"self":[{"href":"https:\/\/bdoadvisory.fr\/index.php?rest_route=\/wp\/v2\/product\/4931","targetHints":{"allow":["GET"]}}],"collection":[{"href":"https:\/\/bdoadvisory.fr\/index.php?rest_route=\/wp\/v2\/product"}],"about":[{"href":"https:\/\/bdoadvisory.fr\/index.php?rest_route=\/wp\/v2\/types\/product"}],"wp:featuredmedia":[{"embeddable":true,"href":"https:\/\/bdoadvisory.fr\/index.php?rest_route=\/wp\/v2\/media\/4932"}],"wp:attachment":[{"href":"https:\/\/bdoadvisory.fr\/index.php?rest_route=%2Fwp%2Fv2%2Fmedia&parent=4931"}],"wp:term":[{"taxonomy":"product_brand","embeddable":true,"href":"https:\/\/bdoadvisory.fr\/index.php?rest_route=%2Fwp%2Fv2%2Fproduct_brand&post=4931"},{"taxonomy":"product_cat","embeddable":true,"href":"https:\/\/bdoadvisory.fr\/index.php?rest_route=%2Fwp%2Fv2%2Fproduct_cat&post=4931"},{"taxonomy":"product_tag","embeddable":true,"href":"https:\/\/bdoadvisory.fr\/index.php?rest_route=%2Fwp%2Fv2%2Fproduct_tag&post=4931"}],"curies":[{"name":"wp","href":"https:\/\/api.w.org\/{rel}","templated":true}]}}