{"id":4929,"date":"2026-04-21T16:45:21","date_gmt":"2026-04-21T14:45:21","guid":{"rendered":"https:\/\/bdoadvisory.fr\/?post_type=product&#038;p=4929"},"modified":"2026-04-21T16:45:21","modified_gmt":"2026-04-21T14:45:21","slug":"poele-a-bois-justus-voga-w-7-kw","status":"publish","type":"product","link":"https:\/\/bdoadvisory.fr\/produit\/poele-a-bois-justus-voga-w-7-kw\/","title":{"rendered":"Po\u00eale \u00e0 bois Justus Voga (W+) 7 kW"},"content":{"rendered":"<p>Po\u00eale \u00e0 bois\u00a0Justus Voga (W+) 7 kW<\/p>\n<p>Le po\u00eale a bois JUSTUS Voga W+ avec sa vitre angulaire, son design compact et ces bloks d\u2019accumulation et un po\u00eale de haute qualit\u00e9 et de grandes performances avec un rendement de 80% ce qui donne un excellent tirage de votre conduit de chemin\u00e9e, m\u00eame pour les petits espaces. Le po\u00eale a bois ne doit pas \u00eatre sous-estim\u00e9 avec sa puissance calirifique de 7 kW qui peut chauffer une piece de 144 m\u00e8tres cube. Alors, attendez-vous a une chaleur agr\u00e9able dans votre habitation.<br \/>\nL&rsquo;\u00e9quipement du po\u00eale \u00e0 bois Justus Voga W+ comprend\u00a0:<\/p>\n<p>Rev\u00eatement profil\u00e9 pour chambre de combustion compos\u00e9 de pi\u00e8ces moul\u00e9es profil\u00e9es en vermiculite \u00e0 haute r\u00e9sistance et \u00e0 surface attrayante n&rsquo;est pas seulement esth\u00e9tique, il favorise \u00e9galement la turbulence souhait\u00e9e des gaz combustibles pour une combustion propre.<\/p>\n<p>Un syst\u00e8me de verrouillage multipoints emp\u00eache la porte coupe-feu de se d\u00e9former en raison des temp\u00e9ratures \u00e9lev\u00e9es. De plus, l&rsquo;\u00e9tanch\u00e9it\u00e9 particuli\u00e8rement bonne emp\u00eache l&rsquo;entr\u00e9e d&rsquo;air ind\u00e9sirable et maintient ainsi la qualit\u00e9 de combustion dans le four stable.<\/p>\n<p>Alimentation en air de combustion externe dans les maisons modernes, particuli\u00e8rement \u00e9tanches \u00e0 l&rsquo;eau et dot\u00e9es d&rsquo;un syst\u00e8me de ventilation contr\u00f4l\u00e9e, l&rsquo;air de combustion doit \u00eatre amen\u00e9 de l&rsquo;ext\u00e9rieur afin qu&rsquo;aucune pression n\u00e9gative ne puisse se d\u00e9velopper dans l&rsquo;espace habitable avec le po\u00eale. Cela n\u00e9cessite une alimentation en air ext\u00e9rieur s\u00e9par\u00e9e.<\/p>\n<p>Rin\u00e7age des disque avec le flux d&rsquo;air sp\u00e9cialement dirig\u00e9 emp\u00eache la condensation et le d\u00e9p\u00f4t des gaz de combustion \u00e0 l&rsquo;int\u00e9rieur de la vitre. Cela permet de garder la vitre propre.<\/p>\n<p>Le syst\u00e8me sp\u00e9cial \u00e0 triple flux d&rsquo;air garantit toujours un dosage optimal de l&rsquo;air de combustion l\u00e0 o\u00f9 il est n\u00e9cessaire pour le processus de combustion. Le r\u00e9sultat souhait\u00e9 est une combustion particuli\u00e8rement propre et efficace.<\/p>\n<p>Le bloc d\u2019accumulation, de s\u00e9rie ou en option selon les mod\u00e8les permet un d\u00e9gagement de chaleur par rayonnement et une \u00e9mission de chaleur jusqu\u2019\u00e0 13 heures environ apr\u00e8s extinction du feu. Le poele a bois Voga W+ utilise des bloks extensible jusqu&rsquo;\u00e0 3 segments suppl\u00e9mentaires (E-Blok) et la hauteur de chaque blok est de 170 mm.<\/p>\n<p>Chemineeo.fr offre des services suppl\u00e9mentaires tels que conseils en ligne ou m\u00eame un service complet de planification de po\u00eale ou insert en 3D sur demande. Dans ce cas, nous vous recommandons les conseils d\u00e9taill\u00e9s de nos experts, qui sont \u00e0 votre disposition via courriel \u00e0  contact@bdoadvisory.fr\u00a0ou par t\u00e9l\u00e9phone.<br \/>\nToutes les sp\u00e9cifications ont \u00e9t\u00e9 test\u00e9es \u00e0 la puissance calorifique nominale et d\u00e9pendent de la version\/conception.<\/p>\n","protected":false},"excerpt":{"rendered":"<p>Po\u00eale \u00e0 bois Justus Voga W+ avec vitre angulaire gauche<br \/>\nPuissance nominale de 7 kW<br \/>\nBloc accumulateur thermique E-Blok de 73 kg<br \/>\nLongueur des b\u00fbches 40 cm<br \/>\nRev\u00eatement profil\u00e9 pour chambre de combustion<br \/>\nPour un bien-\u00eatre d\u00e9tendu, reposant et qualitatif<br \/>\nRaccordement standard de l&rsquo;air de combustion externe<br \/>\nFonctionnement efficace, respectueux de l&rsquo;environnement 24h\/24<br \/>\nCombustion impeccable et efficace gr\u00e2ce au triple syst\u00e8me d&rsquo;air<br \/>\nAvec une capacit\u00e9 de chauffage optimale jusqu&rsquo;\u00e0 58\u00a0m\u00b2<br \/>\nClasse d&rsquo;efficacit\u00e9 \u00e9nerg\u00e9tique A+<\/p>\n","protected":false},"featured_media":4930,"template":"","meta":{"inline_featured_image":false},"product_brand":[],"product_cat":[166],"product_tag":[],"class_list":{"0":"post-4929","1":"product","2":"type-product","3":"status-publish","4":"has-post-thumbnail","6":"product_cat-justus","8":"first","9":"instock","10":"shipping-taxable","11":"purchasable","12":"product-type-simple"},"_links":{"self":[{"href":"https:\/\/bdoadvisory.fr\/wp-json\/wp\/v2\/product\/4929","targetHints":{"allow":["GET"]}}],"collection":[{"href":"https:\/\/bdoadvisory.fr\/wp-json\/wp\/v2\/product"}],"about":[{"href":"https:\/\/bdoadvisory.fr\/wp-json\/wp\/v2\/types\/product"}],"wp:featuredmedia":[{"embeddable":true,"href":"https:\/\/bdoadvisory.fr\/wp-json\/wp\/v2\/media\/4930"}],"wp:attachment":[{"href":"https:\/\/bdoadvisory.fr\/wp-json\/wp\/v2\/media?parent=4929"}],"wp:term":[{"taxonomy":"product_brand","embeddable":true,"href":"https:\/\/bdoadvisory.fr\/wp-json\/wp\/v2\/product_brand?post=4929"},{"taxonomy":"product_cat","embeddable":true,"href":"https:\/\/bdoadvisory.fr\/wp-json\/wp\/v2\/product_cat?post=4929"},{"taxonomy":"product_tag","embeddable":true,"href":"https:\/\/bdoadvisory.fr\/wp-json\/wp\/v2\/product_tag?post=4929"}],"curies":[{"name":"wp","href":"https:\/\/api.w.org\/{rel}","templated":true}]}}