{"id":4917,"date":"2026-04-21T16:45:20","date_gmt":"2026-04-21T14:45:20","guid":{"rendered":"https:\/\/bdoadvisory.fr\/?post_type=product&#038;p=4917"},"modified":"2026-04-21T16:45:20","modified_gmt":"2026-04-21T14:45:20","slug":"poele-a-bois-justus-reno-r-6-kw-etanche","status":"publish","type":"product","link":"https:\/\/bdoadvisory.fr\/produit\/poele-a-bois-justus-reno-r-6-kw-etanche\/","title":{"rendered":"Po\u00eale \u00e0 bois Justus Reno R 6 kW \u00e9tanche"},"content":{"rendered":"<p>Po\u00eale \u00e0 bois Justus Reno R 6 kW\u00a0ind\u00e9pendant de l\u2019air ambiant<\/p>\n<p>Qui est \u00e0 la recherche d&rsquo;un po\u00eale avec un rapport qualit\u00e9-prix attractif, aura certainement entendu parler de la filiale Justus de la marque Oranier. Cette entreprise traditionnelle s&rsquo;est sp\u00e9cialis\u00e9e dans la production d&rsquo;une grande vari\u00e9t\u00e9 de po\u00eales depuis 140 ans. Un po\u00eale \u00e0 prix raisonnable pour le fonctionnement RLU est le Justus Reno R, qui malgr\u00e9 ses dimensions compactes brille avec une efficacit\u00e9 de chauffage \u00e9lev\u00e9e.<br \/>\nLe po\u00eale Justus Reno R vit de son design puriste. En standard, le po\u00eale est disponible en acier noir, en compl\u00e9ment, un habillage en pierre ollaire ou en pierre sable peut \u00eatre command\u00e9e. Le point culminant visuel du po\u00eale dans sa porte panoramique avec la fen\u00eatre de visualisation extra-large, qui occupe presque toute la fa\u00e7ade de po\u00eale.<br \/>\nPour le fonctionnement ind\u00e9pendant de l&rsquo;air ambiant du Justus Reno R, la porte du po\u00eale \u00e9tait \u00e9quip\u00e9e d&rsquo;un syst\u00e8me de fermeture herm\u00e9tique. Particuli\u00e8rement pratique, la poign\u00e9e de la porte ventil\u00e9e, de sorte que le po\u00eale peut \u00eatre ouvert et ferm\u00e9 \u00e0 tout moment sans le gant habituel. Une fonction plus d\u00e9corative est remplie par le po\u00eale en acier inoxydable sous la chambre de combustion, qui am\u00e9liore visuellement l&rsquo;impression g\u00e9n\u00e9rale discr\u00e8te du po\u00eale.<br \/>\nLe Justus Reno R tient pr\u00eat quelques raffinements techniques : en particulier la prise de connexion existante pour l&rsquo;alimentation en air de combustion externe \u00e0 mentionner. En combinaison avec le syst\u00e8me \u00e0 triple air d\u00e9velopp\u00e9 par la maison m\u00e8re Oranier, un fonctionnement air-pi\u00e8ce particuli\u00e8rement efficace de ce po\u00eale est garanti.<br \/>\nLa buse de connexion d\u2019air ext\u00e9rieur est en option.\u00a0<br \/>\nComposition du foyer profil\u00e9<br \/>\nLe rev\u00eatement du foyer est fait de composants moul\u00e9s en Vermiculite profil\u00e9s \u00e0 haute r\u00e9sistance et une interface utilisateur convaincante. Il favorise \u00e9galement la turbulence souhait\u00e9e des gaz de combustion pour une combustion propre.<br \/>\nFonctionnement en continu 24h<br \/>\n Une caract\u00e9ristique particuli\u00e8re de qualit\u00e9 et de respect de l&rsquo;environnement. Le foyer peut fonctionner ind\u00e9finiment. Utilisez uniquement les combustibles autoris\u00e9s !<br \/>\nVerrouillage multiple<br \/>\n Le verrouillage multipoint emp\u00eache la d\u00e9formation de la porte coupe-feu par des temp\u00e9ratures \u00e9lev\u00e9es. Ceci assure \u00e9galement une bonne \u00e9tanch\u00e9it\u00e9 particuli\u00e8rement pour les entr\u00e9es d&rsquo;air parasites. Ce syst\u00e8me permet de maintenir ainsi une qualit\u00e9 et stabilit\u00e9 de combustion dans le foyer.<br \/>\nConnexion pour l&rsquo;alimentation en air ext\u00e9rieur<br \/>\nDans les b\u00e2timents modernes, plus denses avec des syst\u00e8mes de ventilation m\u00e9canique contr\u00f4l\u00e9e, l&rsquo;air de combustion doit \u00eatre fournie de l&rsquo;ext\u00e9rieur, de sorte qu&rsquo;aucune pression n\u00e9gative ne puisse interf\u00e9rer avec le foyer. Cela n\u00e9cessite une alimentation en air externe et s\u00e9par\u00e9e via une buse de raccordement pour une arriv\u00e9e en air ext\u00e9rieur.\u00a0<br \/>\nNettoyage des vitres<br \/>\n Un courant d&rsquo;air guid\u00e9 emp\u00eache la condensation et le d\u00e9p\u00f4t des gaz de combustion sur la vitre c\u00f4t\u00e9 int\u00e9rieur. Ainsi, le verre reste propre.<br \/>\nSyst\u00e8me Triple-air<br \/>\n Le syst\u00e8me triple d&rsquo;air sp\u00e9cial JUSTUS assure toujours un air de combustion dos\u00e9es de fa\u00e7on optimale o\u00f9 il est n\u00e9cessaire pour le processus de combustion. Une combustion particuli\u00e8rement propre et efficace est le r\u00e9sultat souhait\u00e9.<br \/>\nLe po\u00eale Justus Reno R a une puissance thermique nominale de 6 kW, ce qui correspond \u00e0 une capacit\u00e9 de chauffage de 124 m\u00b3. Avec des solutions innovantes, d\u00e9taill\u00e9es tr\u00e8s sophistiqu\u00e9es (par exemple, le syst\u00e8me de fixation Justus s\u00fbr pour l&rsquo;op\u00e9ration de combustion sans \u00e9quipement de s\u00e9curit\u00e9 suppl\u00e9mentaire) a convaincu le po\u00eale \u00e0 haute efficacit\u00e9 de chauffage. Ce n&rsquo;est pas le moins en raison de son rendement \u00e9lev\u00e9 de pr\u00e8s de 80%. Il n&rsquo;est donc pas \u00e9tonnant que le Justus Reno R soit \u00e9galement con\u00e7u pour fonctionner 24\/24 en continu.<br \/>\nLa grande porte panoramique est en verre c\u00e9ramique r\u00e9sistant \u00e0 la chaleur, ce qui garantit une s\u00e9curit\u00e9 maximale m\u00eame \u00e0 tr\u00e8s haute temp\u00e9rature. N\u00e9anmoins, des facteurs tels que le volume de bois, l&rsquo;humidit\u00e9 du bois, la pression de la chemin\u00e9e, la construction et le fonctionnement influent sur la propret\u00e9 de la lentille. La plupart des po\u00eales Justus sont donc \u00e9quip\u00e9 d&rsquo;un disque de rin\u00e7age tr\u00e8s efficace dans laquelle un flux d&rsquo;air guid\u00e9 cibl\u00e9 emp\u00eache la condensation et le d\u00e9p\u00f4t de particules de poussi\u00e8re et de noir de carbone sur la face int\u00e9rieure du disque. Ainsi, la vue du jeu de flamme confortable reste libre et le plaisir de chauffage sans nuages.<br \/>\nAvantages en bref\u00a0:<br \/>\n\u2022 po\u00eale \u00e0 air ind\u00e9pendant<br \/>\n\u2022 design intemporel<br \/>\n\u2022 haute efficacit\u00e9<br \/>\n\u2022 combustion propre<br \/>\n\u2022 des solutions d\u00e9taill\u00e9es sophistiqu\u00e9es<br \/>\n\u2022 vidage de disque int\u00e9gr\u00e9<br \/>\n\u2022 pour les b\u00fbches jusqu&rsquo;\u00e0 33 cm<br \/>\nToutes les donn\u00e9es techniques ont \u00e9t\u00e9 mesur\u00e9es \u00e0 la puissance calorifique nominale et d\u00e9pendent de la variante \/ version.<br \/>\nLes po\u00eales Justus sont s\u00fbrs et faciles \u00e0 acheter en ligne sur\u00a0Chemineeo.fr,\u00a0la boutique en ligne pour les po\u00eales.<\/p>\n","protected":false},"excerpt":{"rendered":"<p>Po\u00eale \u00e0 bois Justus Reno R 6 kW \u00e9tanche<br \/>\nBien-\u00eatre et confort d\u2019utilisation \u00e0 moindre co\u00fbt<br \/>\nDisponible avec des plaques lat\u00e9rales d\u00e9coratives aspect naturel<br \/>\nFonctionnement \u00e9cologique continu<br \/>\nCombustion efficace et sans r\u00e9sidus gr\u00e2ce \u00e0 la triple r\u00e9partition d\u2019air<br \/>\nPorte avec vitre prismatique<br \/>\nPoign\u00e9e auto-refroidissante et tiroir \u00e0 cendres inclus<br \/>\nPour un volume d\u2019habitation de 124 m\u00e8tres cubes<br \/>\nCertifi\u00e9 conforme EN 13240<\/p>\n","protected":false},"featured_media":4918,"template":"","meta":{"inline_featured_image":false},"product_brand":[],"product_cat":[166],"product_tag":[],"class_list":{"0":"post-4917","1":"product","2":"type-product","3":"status-publish","4":"has-post-thumbnail","6":"product_cat-justus","8":"first","9":"instock","10":"shipping-taxable","11":"purchasable","12":"product-type-simple"},"_links":{"self":[{"href":"https:\/\/bdoadvisory.fr\/wp-json\/wp\/v2\/product\/4917","targetHints":{"allow":["GET"]}}],"collection":[{"href":"https:\/\/bdoadvisory.fr\/wp-json\/wp\/v2\/product"}],"about":[{"href":"https:\/\/bdoadvisory.fr\/wp-json\/wp\/v2\/types\/product"}],"wp:featuredmedia":[{"embeddable":true,"href":"https:\/\/bdoadvisory.fr\/wp-json\/wp\/v2\/media\/4918"}],"wp:attachment":[{"href":"https:\/\/bdoadvisory.fr\/wp-json\/wp\/v2\/media?parent=4917"}],"wp:term":[{"taxonomy":"product_brand","embeddable":true,"href":"https:\/\/bdoadvisory.fr\/wp-json\/wp\/v2\/product_brand?post=4917"},{"taxonomy":"product_cat","embeddable":true,"href":"https:\/\/bdoadvisory.fr\/wp-json\/wp\/v2\/product_cat?post=4917"},{"taxonomy":"product_tag","embeddable":true,"href":"https:\/\/bdoadvisory.fr\/wp-json\/wp\/v2\/product_tag?post=4917"}],"curies":[{"name":"wp","href":"https:\/\/api.w.org\/{rel}","templated":true}]}}