{"id":4911,"date":"2026-04-21T16:45:19","date_gmt":"2026-04-21T14:45:19","guid":{"rendered":"https:\/\/bdoadvisory.fr\/?post_type=product&#038;p=4911"},"modified":"2026-04-21T16:45:19","modified_gmt":"2026-04-21T14:45:19","slug":"poele-a-bois-haas-sohn-prunus-6-kw","status":"publish","type":"product","link":"https:\/\/bdoadvisory.fr\/?product=poele-a-bois-haas-sohn-prunus-6-kw","title":{"rendered":"Po\u00eale \u00e0 bois Haas &#038; Sohn PRUNUS 6 kW"},"content":{"rendered":"<p>Po\u00eale \u00e0 bois Haas &#038;\u00a0Sohn PRUNUS 6 kW\u00a0de la s\u00e9rie partenaire<\/p>\n<p>Le po\u00eale Haas &#038; Sohn Prunus est simple, petit et compact. Son design s&rsquo;int\u00e8gre dans n&rsquo;importe quel salon et avec sa puissance calorifique nominale consid\u00e9rable de 6 kW, il fournit une chaleur agr\u00e9able. Le po\u00eale est disponible en noir uni ou avec rev\u00eatement en pierre ollaire pour que vous puissiez trouver le rev\u00eatement parfait pour votre salon.<\/p>\n<p>Efficacit\u00e9 du rendement<br \/>\nLe po\u00eale \u00e0 bois Haas &#038; Sohn Prunus a un rendement \u00e9lev\u00e9 de 80 % et est donc particuli\u00e8rement efficace. Un haut degr\u00e9 d&rsquo;efficacit\u00e9 indique que peu d&rsquo;\u00e9nergie est perdue, mais que beaucoup de chaleur est g\u00e9n\u00e9r\u00e9e par le combustible.<br \/>\nR\u00e9gulation innovante de l&rsquo;air<br \/>\nHaas &#038; Sohn PRUNUS comme tous les autres mod\u00e8les de cette s\u00e9rie &#8211; est \u00e9galement \u00e9quip\u00e9 de la r\u00e9gulation d&rsquo;air dite Easy-Control, les trois \u00e9tapes de cette fonction sont bri\u00e8vement expliqu\u00e9es une fois de plus:<\/p>\n<p>L&rsquo;\u00e9tape 1 sert \u00e0 r\u00e9chauffer rapidement les b\u00fbches au moyen d&rsquo;une alimentation d&rsquo;air \u00e9lev\u00e9e.<br \/>\nL&rsquo;\u00e9tape 2 assure un fonctionnement efficace du po\u00eale avec une alimentation en air r\u00e9duite.<br \/>\nL&rsquo;\u00e9tape 3 ferme compl\u00e8tement le raccordement de l&rsquo;air d&rsquo;alimentation. Ceci emp\u00eache l&rsquo;air chaud de s&rsquo;\u00e9chapper par la chemin\u00e9e.<\/p>\n<p>Il est compr\u00e9hensible que ce mod\u00e8le atteigne \u00e9galement un rendement de plus de 80 % et r\u00e9ponde aux exigences de la classe d&rsquo;efficacit\u00e9 \u00e9nerg\u00e9tique A.<br \/>\nChemineeo.fr\u00a0dispose de toutes les informations importantes du po\u00eale \u00e0 bois Haas &#038; Sohn Prunus 6 kW, nous vous offrons des services suppl\u00e9mentaires ou conseils en ligne de nos experts, qui se feront un plaisir d\u2019\u00eatre \u00e0 votre disposition par courriel\u00a0:\u00a0info@chemineeo.fr\u00a0 ou par t\u00e9l\u00e9phone au\u00a001 76 36 00 27.<br \/>\nVous pouvez acheter en ligne en toute s\u00e9curit\u00e9 po\u00eale \u00e0 bois Haas &#038; Sohn PRUNUS &#8211; 6 kW toutes les sp\u00e9cifications ont \u00e9t\u00e9 test\u00e9es \u00e0 la puissance calorifique nominale et d\u00e9pendant de la version\/ conception.<\/p>\n","protected":false},"excerpt":{"rendered":"<p>Puissance nominale calorifique de 6 kW<br \/>\nR\u00e9gulation de l\u2019air Easy Control<br \/>\nPoign\u00e9e ventil\u00e9e<br \/>\nFoyer en chamotte<br \/>\nTest\u00e9e selon la norme DIN EN 13240<br \/>\nClasse efficacit\u00e9 \u00e9nerg\u00e9tique A<\/p>\n","protected":false},"featured_media":4912,"template":"","meta":{"inline_featured_image":false},"product_brand":[],"product_cat":[169],"product_tag":[],"class_list":{"0":"post-4911","1":"product","2":"type-product","3":"status-publish","4":"has-post-thumbnail","6":"product_cat-haas-und-sohn","8":"first","9":"instock","10":"shipping-taxable","11":"purchasable","12":"product-type-simple"},"_links":{"self":[{"href":"https:\/\/bdoadvisory.fr\/index.php?rest_route=\/wp\/v2\/product\/4911","targetHints":{"allow":["GET"]}}],"collection":[{"href":"https:\/\/bdoadvisory.fr\/index.php?rest_route=\/wp\/v2\/product"}],"about":[{"href":"https:\/\/bdoadvisory.fr\/index.php?rest_route=\/wp\/v2\/types\/product"}],"wp:featuredmedia":[{"embeddable":true,"href":"https:\/\/bdoadvisory.fr\/index.php?rest_route=\/wp\/v2\/media\/4912"}],"wp:attachment":[{"href":"https:\/\/bdoadvisory.fr\/index.php?rest_route=%2Fwp%2Fv2%2Fmedia&parent=4911"}],"wp:term":[{"taxonomy":"product_brand","embeddable":true,"href":"https:\/\/bdoadvisory.fr\/index.php?rest_route=%2Fwp%2Fv2%2Fproduct_brand&post=4911"},{"taxonomy":"product_cat","embeddable":true,"href":"https:\/\/bdoadvisory.fr\/index.php?rest_route=%2Fwp%2Fv2%2Fproduct_cat&post=4911"},{"taxonomy":"product_tag","embeddable":true,"href":"https:\/\/bdoadvisory.fr\/index.php?rest_route=%2Fwp%2Fv2%2Fproduct_tag&post=4911"}],"curies":[{"name":"wp","href":"https:\/\/api.w.org\/{rel}","templated":true}]}}