{"id":4909,"date":"2026-04-21T16:45:19","date_gmt":"2026-04-21T14:45:19","guid":{"rendered":"https:\/\/bdoadvisory.fr\/?post_type=product&#038;p=4909"},"modified":"2026-04-21T16:45:19","modified_gmt":"2026-04-21T14:45:19","slug":"poele-a-bois-justus-mino-trios-2-0-55-kw","status":"publish","type":"product","link":"https:\/\/bdoadvisory.fr\/?product=poele-a-bois-justus-mino-trios-2-0-55-kw","title":{"rendered":"Po\u00eale \u00e0 bois Justus Mino Trios 2.0 | 5,5 kW"},"content":{"rendered":"<p>Po\u00eale \u00e0 bois Justus\u00a0Mino\u00a0Trios 2.0 |\u00a05,5 kW<\/p>\n<p>Le Justus Mino Trios 2.0 de 5,5 kW a une forme de base ronde et un design ing\u00e9nieux. Les 3 fen\u00eatres \u00e0 l&rsquo;avant et sur les c\u00f4t\u00e9s permettent une vue panoramique g\u00e9n\u00e9reuse sur le jeu enchanteur des flammes. Avec le plateau tournant disponible en option, vous pouvez \u00e9galement tourner l&rsquo;appareil dans la direction souhait\u00e9e. Notez toutefois que l&rsquo;utilisation du plateau tournant ne permet pas un fonctionnement du po\u00eale ind\u00e9pendant de l&rsquo;air ambiant et que le raccordement \u00e0 la chemin\u00e9e se fait par le haut. Le compartiment de rangement du bois sous la bo\u00eete \u00e0 feu du Justus Mino Trio 2.0 permet de ranger facilement les b\u00fbches. Les fentes de convection dans la partie sup\u00e9rieure du four permettent \u00e0 l&rsquo;air chaud de s&rsquo;\u00e9chapper librement, ce qui permet de chauffer rapidement la pi\u00e8ce d&rsquo;installation et de profiter d&rsquo;une chaleur agr\u00e9able.<br \/>\nUn d\u00e9tail astucieux du po\u00eale \u00e0 bois Mino Trios 2.0 de Justus est la plaque de recouvrement s\u00e9lectionnable individuellement. Selon vos go\u00fbts personnels, il est disponible en verre discret et \u00e9l\u00e9gant, en pierre massive ou en c\u00e9ramique color\u00e9e. Choisissez vous-m\u00eame et donnez \u00e0 votre chemin\u00e9e Mino Trios une touche personnelle.<br \/>\nChemineeo.fr\u00a0dispose de toutes les informations importantes du po\u00eale \u00e0 bois Justus Mino Trios 2.0 |\u00a05,5 kW, nous vous offrons des services suppl\u00e9mentaires ou conseils en ligne de nos experts, qui se feront un plaisir d\u2019\u00eatre \u00e0 votre disposition par courriel\u00a0:\u00a0info@chemineeo.fr\u00a0 ou par t\u00e9l\u00e9phone au\u00a001 76 36 00 27.<br \/>\nVous pouvez acheter en ligne en toute s\u00e9curit\u00e9 po\u00eale \u00e0 bois Justus Mino Trios 2.0 |\u00a05,5 kW toutes les sp\u00e9cifications ont \u00e9t\u00e9 test\u00e9es \u00e0 la puissance calorifique nominale et d\u00e9pendant de la version\/ conception.<\/p>\n","protected":false},"excerpt":{"rendered":"<p>Po\u00eale \u00e0 bois Justus Justus Mino Trios 2.0<br \/>\nPuissance nominale calorifique de 5,5 kW<br \/>\nVitre galb\u00e9e a 3 faces<br \/>\nTriple syst\u00e8me d\u2019a\u00e9ration<br \/>\nNettoyage des vitres emp\u00eache les d\u00e9p\u00f4ts de gaz de fum\u00e9e<br \/>\nFonctionnement en continu possible 24h sur 24h<br \/>\nTest\u00e9e selon la norme EN 13240<\/p>\n","protected":false},"featured_media":4910,"template":"","meta":{"inline_featured_image":false},"product_brand":[],"product_cat":[166],"product_tag":[],"class_list":{"0":"post-4909","1":"product","2":"type-product","3":"status-publish","4":"has-post-thumbnail","6":"product_cat-justus","8":"first","9":"instock","10":"shipping-taxable","11":"purchasable","12":"product-type-simple"},"_links":{"self":[{"href":"https:\/\/bdoadvisory.fr\/index.php?rest_route=\/wp\/v2\/product\/4909","targetHints":{"allow":["GET"]}}],"collection":[{"href":"https:\/\/bdoadvisory.fr\/index.php?rest_route=\/wp\/v2\/product"}],"about":[{"href":"https:\/\/bdoadvisory.fr\/index.php?rest_route=\/wp\/v2\/types\/product"}],"wp:featuredmedia":[{"embeddable":true,"href":"https:\/\/bdoadvisory.fr\/index.php?rest_route=\/wp\/v2\/media\/4910"}],"wp:attachment":[{"href":"https:\/\/bdoadvisory.fr\/index.php?rest_route=%2Fwp%2Fv2%2Fmedia&parent=4909"}],"wp:term":[{"taxonomy":"product_brand","embeddable":true,"href":"https:\/\/bdoadvisory.fr\/index.php?rest_route=%2Fwp%2Fv2%2Fproduct_brand&post=4909"},{"taxonomy":"product_cat","embeddable":true,"href":"https:\/\/bdoadvisory.fr\/index.php?rest_route=%2Fwp%2Fv2%2Fproduct_cat&post=4909"},{"taxonomy":"product_tag","embeddable":true,"href":"https:\/\/bdoadvisory.fr\/index.php?rest_route=%2Fwp%2Fv2%2Fproduct_tag&post=4909"}],"curies":[{"name":"wp","href":"https:\/\/api.w.org\/{rel}","templated":true}]}}