{"id":4907,"date":"2026-04-21T16:45:19","date_gmt":"2026-04-21T14:45:19","guid":{"rendered":"https:\/\/bdoadvisory.fr\/?post_type=product&#038;p=4907"},"modified":"2026-04-21T16:45:19","modified_gmt":"2026-04-21T14:45:19","slug":"poele-a-bois-la-nordica-gemma-6-kw","status":"publish","type":"product","link":"https:\/\/bdoadvisory.fr\/produit\/poele-a-bois-la-nordica-gemma-6-kw\/","title":{"rendered":"Po\u00eale \u00e0 bois La Nordica Gemma 6 kW"},"content":{"rendered":"<p>Po\u00eale \u00e0 bois La Nordica Gemma 6 kW<br \/>\n\u00a0<br \/>\nLe po\u00eale \u00e0 bois La Nordica Gemma\u00a0est un po\u00eale classique avec une puissance g\u00e9rable de 6 kW. Il peut \u00eatre obtenu dans de nombreuses versions diff\u00e9rentes et ainsi \u00eatre adapt\u00e9 en couleur \u00e0 votre environnement de vie. Pour le rev\u00eatement, le fabricant italien traditionnel La Nordica utilise des carreaux de fa\u00efence, et un rev\u00eatement de pierre naturelle en serpentine est \u00e9galement disponible en option. La chemin\u00e9e de La Nordica Gemma\u00a0elle-m\u00eame est en fonte, tout comme la porte du foyer et le couvercle sup\u00e9rieur. Cela rend le po\u00eale solide et lui donne une longue dur\u00e9e de vie. Profitez de votre po\u00eale, qui est disponible dans les couleurs Bordeaux, blanc, parchemin ou serpentine. M\u00eame si vous chauffez un peu &#8211; le verre c\u00e9ramique, qui r\u00e9siste \u00e0 la chaleur jusqu&rsquo;\u00e0 750 \u00b0C, ne pourra pas vous forcer \u00e0 vous mettre \u00e0 genoux.<br \/>\nLa coque ext\u00e9rieure mesure 84 x 46 x 49,5 cm. Avec une puissance calorifique nominale de 6 kW, le po\u00eale \u00e0 bois con\u00e7u comme un four \u00e0 convection atteint un rendement impressionnant de 82,2%.<br \/>\nToutes les donn\u00e9es techniques ont \u00e9t\u00e9 mesur\u00e9es \u00e0 la puissance calorifique nominale et d\u00e9pendent de la version\/du mod\u00e8le.<br \/>\nChemineeo.fr\u00a0dispose de toutes les informations importantes du po\u00eale \u00e0 bois La Nordica Gemma de 6 kW, nous vous offrons des services suppl\u00e9mentaires ou conseils en ligne de nos experts, qui se feront un plaisir d\u2019\u00eatre \u00e0 votre disposition par courriel\u00a0:\u00a0info@chemineeo.fr\u00a0 ou par t\u00e9l\u00e9phone au\u00a001 76 36 00 27<\/p>\n","protected":false},"excerpt":{"rendered":"<p>Po\u00eale \u00e0 bois La Nordica Gemma\u00a06 kW<br \/>\nFoyer en fonte<br \/>\nRev\u00eatement ext\u00e9rieur en pierre naturelle ou fa\u00efence<br \/>\nPorte et t\u00eate en fonte \u00e9maill\u00e9e<br \/>\nLongueur des b\u00fbches 25 cm\u00a0<br \/>\nVitre c\u00e9ramique r\u00e9sistante \u00e0 750 \u00b0C<br \/>\nPour un volume d\u2019habitation de 172 m\u00e8tres cubes<br \/>\nClasse efficacit\u00e9 \u00e9nerg\u00e9tique A+<\/p>\n","protected":false},"featured_media":4908,"template":"","meta":{"inline_featured_image":false},"product_brand":[],"product_cat":[167],"product_tag":[],"class_list":{"0":"post-4907","1":"product","2":"type-product","3":"status-publish","4":"has-post-thumbnail","6":"product_cat-la-nordica","8":"first","9":"instock","10":"shipping-taxable","11":"purchasable","12":"product-type-simple"},"_links":{"self":[{"href":"https:\/\/bdoadvisory.fr\/wp-json\/wp\/v2\/product\/4907","targetHints":{"allow":["GET"]}}],"collection":[{"href":"https:\/\/bdoadvisory.fr\/wp-json\/wp\/v2\/product"}],"about":[{"href":"https:\/\/bdoadvisory.fr\/wp-json\/wp\/v2\/types\/product"}],"wp:featuredmedia":[{"embeddable":true,"href":"https:\/\/bdoadvisory.fr\/wp-json\/wp\/v2\/media\/4908"}],"wp:attachment":[{"href":"https:\/\/bdoadvisory.fr\/wp-json\/wp\/v2\/media?parent=4907"}],"wp:term":[{"taxonomy":"product_brand","embeddable":true,"href":"https:\/\/bdoadvisory.fr\/wp-json\/wp\/v2\/product_brand?post=4907"},{"taxonomy":"product_cat","embeddable":true,"href":"https:\/\/bdoadvisory.fr\/wp-json\/wp\/v2\/product_cat?post=4907"},{"taxonomy":"product_tag","embeddable":true,"href":"https:\/\/bdoadvisory.fr\/wp-json\/wp\/v2\/product_tag?post=4907"}],"curies":[{"name":"wp","href":"https:\/\/api.w.org\/{rel}","templated":true}]}}