{"id":4901,"date":"2026-04-21T16:45:18","date_gmt":"2026-04-21T14:45:18","guid":{"rendered":"https:\/\/bdoadvisory.fr\/?post_type=product&#038;p=4901"},"modified":"2026-04-21T16:45:18","modified_gmt":"2026-04-21T14:45:18","slug":"poele-a-bois-justus-usedom-7-7-kw","status":"publish","type":"product","link":"https:\/\/bdoadvisory.fr\/produit\/poele-a-bois-justus-usedom-7-7-kw\/","title":{"rendered":"Po\u00eale \u00e0 bois Justus Usedom 7 | 7 kW"},"content":{"rendered":"<p>Po\u00eale \u00e0 bois Justus Usedom 7 |\u00a07 kW<\/p>\n<p>Si vous voulez acheter un po\u00eale \u00e0 bois compact qui est \u00e9galement \u00e0 l&rsquo;avant-garde en termes de rapport qualit\u00e9-prix, vous devriez regarder les mod\u00e8les Justus correspondants. La gamme de mod\u00e8les de la filiale Oranier s&rsquo;\u00e9tend du simple po\u00eale \u00e0 convection au po\u00eale design \u00e0 eau. Un mod\u00e8le d&rsquo;entr\u00e9e de gamme particuli\u00e8rement solide est le po\u00eale \u00e0 bois Justus Usedom 7 d&rsquo;une puissance calorifique nominale de 7 kW.<\/p>\n<p>M\u00eame ce mod\u00e8le d&rsquo;entr\u00e9e de gamme bon march\u00e9 sugg\u00e8re que Justus est dans la construction de po\u00eale \u00e0 bois depuis plus de 140 ans. Ext\u00e9rieurement seulement approximativement comparable avec le po\u00eale \u00e0 bois Justus Usedom 7, le \u00ab\u00a0petit\u00a0\u00bb Usedom se pr\u00e9sente comme un po\u00eale \u00e0 bois de style conventionnel avec une fen\u00eatre panoramique trap\u00e9zo\u00efdale et un grand compartiment \u00e0 bois. Le fait que Justus accorde \u00e9galement de l&rsquo;attention \u00e0 la qualit\u00e9 dans le segment de prix inf\u00e9rieur est d\u00e9montr\u00e9, entre autres, par la porte coupe-feu r\u00e9cemment standard en fonte massive.<br \/>\nMais le Justus Usedom 7 n&rsquo;est pas seulement convaincant visuellement, ses performances sont \u00e9galement impressionnantes: sa puissance calorifique nominale est de 7 kW, ce qui est tout \u00e0 fait suffisant pour chauffer des pi\u00e8ces de petite et moyenne taille jusqu&rsquo;\u00e0 144 m\u00b3. De plus, ce po\u00eale compact peut \u00e9galement \u00eatre converti en une alimentation en air ext\u00e9rieur en un rien de temps.<br \/>\nM\u00eame en fonctionnement normal comme four \u00e0 convection, le rendement de l&rsquo;Usedom 7 est sup\u00e9rieur \u00e0 80 % : ceci est d\u00fb d&rsquo;une part au triple syst\u00e8me d&rsquo;air, qui a fait ses preuves des milliers de fois, et d&rsquo;autre part aux fentes de convection ing\u00e9nieusement dispos\u00e9es dans la partie sup\u00e9rieure du po\u00eale \u00e0 bois. Avec le syst\u00e8me de verrouillage multipoint, qui assure une \u00e9tanch\u00e9it\u00e9 accrue de la grande porte en verre panoramique, le nain motoris\u00e9 poss\u00e8de une autre caract\u00e9ristique utile.<br \/>\nOptions d&rsquo;installation polyvalentes<br \/>\nGr\u00e2ce \u00e0 sa conception compacte, le Justus Usedom peut \u00eatre utilis\u00e9 aussi bien seul que dans l&rsquo;angle d&rsquo;une pi\u00e8ce. Avec un corps de po\u00eale de seulement 115 cm de haut, comprenant une plaque de recouvrement et une chambre de combustion relativement petite, le po\u00eale est particuli\u00e8rement adapt\u00e9 aux petites pi\u00e8ces de rangement afin de faire ressortir le jeu impressionnant des flammes derri\u00e8re la grande vitre panoramique. Cependant, les b\u00fbches n\u00e9cessaires \u00e0 cette fin ne doivent pas d\u00e9passer 33 cm de longueur.<br \/>\nRin\u00e7age de tamisage sophistiqu\u00e9<br \/>\nLa vitre Justus Usedom 7, qui est encastr\u00e9e dans la porte coupe-feu, est fabriqu\u00e9e en c\u00e9ramique r\u00e9sistant \u00e0 la chaleur, ce qui garantit une s\u00e9curit\u00e9 maximale m\u00eame \u00e0 des temp\u00e9ratures tr\u00e8s \u00e9lev\u00e9es. N\u00e9anmoins, des facteurs tels que la quantit\u00e9 de bois, l&rsquo;humidit\u00e9 du bois, l&rsquo;impression de chemin\u00e9e, la construction et le fonctionnement influencent la propret\u00e9 de la vitre. Justus a donc d\u00e9velopp\u00e9 un syst\u00e8me de rin\u00e7age de tamis extr\u00eamement efficace dans lequel un flux d&rsquo;air cibl\u00e9 emp\u00eache les particules de poussi\u00e8re et de suie de se condenser et de se d\u00e9poser \u00e0 l&rsquo;int\u00e9rieur du tamis. La vue sur le jeu des flammes est ainsi d\u00e9gag\u00e9e et le plaisir de chauffer sans nuage.<br \/>\nCourt r\u00e9sum\u00e9<\/p>\n<p>po\u00eale abordable<br \/>\ndimensions compactes<br \/>\nrendement \u00e9lev\u00e9<br \/>\ncombustion propre<br \/>\nquatre versions diff\u00e9rentes<br \/>\nrin\u00e7age d&rsquo;\u00e9cran int\u00e9gr\u00e9<br \/>\npour b\u00fbches jusqu&rsquo;\u00e0 33 cm<\/p>\n<p>Chemineeo.fr dispose de toutes les informations importantes sur le po\u00eale Justus Usedom 7 etsi vous le souhaitez, nous vous recommandons les conseils complets de nos experts, qui se feront un plaisir de se tenir \u00e0 votre disposition par t\u00e9l\u00e9phone au 01 76 36 00 27 ou par email\u00a0: info@chemineeo.fr .<br \/>\nVous pouvez acheter le po\u00eale Justus Usedom 7 de 7 kW de mani\u00e8re s\u00fbre et pratique en ligne avec Chemineeo.fr<br \/>\nToutes les sp\u00e9cifications ont \u00e9t\u00e9 test\u00e9es \u00e0 la puissance calorifique nominale et d\u00e9pendent de la version\/conception.<\/p>\n","protected":false},"excerpt":{"rendered":"<p>Po\u00eale \u00e0 bois JUSTUS USEDOM 7<br \/>\nPuissance calorifique nominale de 7 kW<br \/>\nVitre prismatique pli\u00e9e<br \/>\nCapacit\u00e9 de chauffage de 144 m3<br \/>\nAir ext\u00e9rieur 100 mm, buse en option<br \/>\nSortie fum\u00e9e dessus ou arri\u00e8re 150 mm<br \/>\nDimensions b\u00fbches max 33 cm<br \/>\nDisponible avec des panneaux lat\u00e9raux \u00e9l\u00e9gants et r\u00e9alistes<br \/>\nCombustion efficace gr\u00e2ce au triple syst\u00e8me d\u2019air<br \/>\nPoign\u00e9e ventil\u00e9e avec verrouillage multipoint<br \/>\nPoids 153 kg<br \/>\nFlamme verte<br \/>\nClasse \u00e9nerg\u00e9tique A<\/p>\n","protected":false},"featured_media":4902,"template":"","meta":{"inline_featured_image":false},"product_brand":[],"product_cat":[166],"product_tag":[],"class_list":{"0":"post-4901","1":"product","2":"type-product","3":"status-publish","4":"has-post-thumbnail","6":"product_cat-justus","8":"first","9":"instock","10":"shipping-taxable","11":"purchasable","12":"product-type-simple"},"_links":{"self":[{"href":"https:\/\/bdoadvisory.fr\/wp-json\/wp\/v2\/product\/4901","targetHints":{"allow":["GET"]}}],"collection":[{"href":"https:\/\/bdoadvisory.fr\/wp-json\/wp\/v2\/product"}],"about":[{"href":"https:\/\/bdoadvisory.fr\/wp-json\/wp\/v2\/types\/product"}],"wp:featuredmedia":[{"embeddable":true,"href":"https:\/\/bdoadvisory.fr\/wp-json\/wp\/v2\/media\/4902"}],"wp:attachment":[{"href":"https:\/\/bdoadvisory.fr\/wp-json\/wp\/v2\/media?parent=4901"}],"wp:term":[{"taxonomy":"product_brand","embeddable":true,"href":"https:\/\/bdoadvisory.fr\/wp-json\/wp\/v2\/product_brand?post=4901"},{"taxonomy":"product_cat","embeddable":true,"href":"https:\/\/bdoadvisory.fr\/wp-json\/wp\/v2\/product_cat?post=4901"},{"taxonomy":"product_tag","embeddable":true,"href":"https:\/\/bdoadvisory.fr\/wp-json\/wp\/v2\/product_tag?post=4901"}],"curies":[{"name":"wp","href":"https:\/\/api.w.org\/{rel}","templated":true}]}}