{"id":4899,"date":"2026-04-21T16:45:18","date_gmt":"2026-04-21T14:45:18","guid":{"rendered":"https:\/\/bdoadvisory.fr\/?post_type=product&#038;p=4899"},"modified":"2026-04-21T16:45:18","modified_gmt":"2026-04-21T14:45:18","slug":"poele-a-bois-oranier-hektos-aqua-105-kw","status":"publish","type":"product","link":"https:\/\/bdoadvisory.fr\/produit\/poele-a-bois-oranier-hektos-aqua-105-kw\/","title":{"rendered":"Po\u00eale \u00e0 bois Oranier Hektos Aqua 10,5 kW"},"content":{"rendered":"<p>Po\u00eale \u00e0 bois Oranier Hektos Aqua 10,5 kW<\/p>\n<p>\u00cates-vous \u00e0 la recherche d&rsquo;un po\u00eale \u00e0 bois\u00a0attrayant qui allie une chaleur parfaite \u00e0 une excellente technologie? Dans ce cas, le po\u00eale \u00e0 bois\u00a0Hektos Aqua 10,5 kW d&rsquo;Oranier est recommand\u00e9: En tant que po\u00eale \u00e0 gaz\u00e9ification \u00e0 bois \u00e0 eau au design compact et lin\u00e9aire, ce mod\u00e8le peut \u00eatre int\u00e9gr\u00e9 dans presque tous les espaces de vie. Avec le rev\u00eatement de haute qualit\u00e9, vous avez le choix entre l&rsquo;acier et la st\u00e9atite ou le calcaire.<br \/>\nEn tant que solution durable et facile \u00e0 utiliser avec une finition soign\u00e9e, le po\u00eale \u00e0 granul\u00e9s Oranier vous offre les avantages suivants:<br \/>\n&#8211; \u00c9changeur de chaleur \u00e0 eau int\u00e9gr\u00e9 avec un volume de 43,5 litres: Cela permet au po\u00eale d&rsquo;\u00eatre connect\u00e9 au syst\u00e8me de chauffage central et assure une chaleur agr\u00e9able \u00e0 la fois sur le lieu d&rsquo;installation et dans toute la maison. Non seulement il peut \u00eatre int\u00e9gr\u00e9 \u00e0 votre syst\u00e8me de chauffage, mais il peut \u00e9galement \u00eatre connect\u00e9 au syst\u00e8me d&rsquo;eau chaude sanitaire.<br \/>\n&#8211; Technologie Dual-Fire: Technologie sp\u00e9ciale qui garantit une combustion particuli\u00e8rement faible en \u00e9missions et efficace. L&rsquo;air primaire et secondaire est fourni ici. Les gaz issus des carburants sont achemin\u00e9s vers un \u00e9tage interm\u00e9diaire \u00e9quip\u00e9 de buses \u00e0 air de carburateur, o\u00f9 ils sont m\u00e9lang\u00e9s \u00e0 une quantit\u00e9 d&rsquo;air optimale. Cette post-combustion produit des temp\u00e9ratures tr\u00e8s \u00e9lev\u00e9es, qui assurent un haut niveau d&rsquo;efficacit\u00e9.<br \/>\n&#8211; Rin\u00e7age des vitres dans les deux chambres de combustion: Ici, les deux chambres de combustion sont \u00e9quip\u00e9es de leur propre fen\u00eatre de visualisation. Un affleurement de fen\u00eatre int\u00e9gr\u00e9 garantit que celles-ci sont exemptes de suie et de salet\u00e9. Pour compenser les temp\u00e9ratures \u00e9lev\u00e9es de post-combustion, la chambre de combustion inf\u00e9rieure est dot\u00e9e d&rsquo;un double vitrage.<br \/>\n&#8211; En tant que marque traditionnelle allemande, Oranier d\u00e9veloppe depuis plus de 100 ans des appareils de chauffage et de cuisson au service de la vie de famille. L&rsquo;objectif de l&rsquo;entreprise est de constamment mettre en \u0153uvre de nouvelles id\u00e9es de produits qui utilisent des d\u00e9tails techniques innovants et un design \u00e9l\u00e9gant et fonctionnel pour faire de la maison le meilleur endroit au monde. La meilleure technologie de pointe, la conception attrayante et la valeur pratique \u00e9lev\u00e9e avec de faibles valeurs d&rsquo;\u00e9mission conduisent \u00e0 une qualit\u00e9 de produit \u00e9lev\u00e9e.<br \/>\nSp\u00e9cifications techniques:<br \/>\n&#8211; Dimensions de la fen\u00eatre de visualisation: 145,5 x 54,4 x 59,3 cm (hauteur x largeur x profondeur)<br \/>\nLe po\u00eale \u00e0 gaz\u00e9ification hydrique Oranier Hektos\u00a0Aqua 10,5 kW combine une puissance puissante avec une apparence attrayante, ce qui cr\u00e9e une atmosph\u00e8re chaleureuse en un rien de temps. Ce mod\u00e8le \u00e9voque une touche unique dans votre espace de vie, dans lequel la famille et les invit\u00e9s se sentent \u00e9galement \u00e0 l&rsquo;aise et tout le monde peut se d\u00e9tendre \u00e0 merveille.<br \/>\nProfitez du confort douillet apr\u00e8s une longue journ\u00e9e de travail, laissez-vous r\u00e9chauffer lors des froides journ\u00e9es d&rsquo;hiver ou faites une vertu de n\u00e9cessit\u00e9 les soirs d&rsquo;\u00e9t\u00e9 pluvieux. Ce po\u00eale \u00e0 granul\u00e9s transforme un appartement ou une maison en une vraie maison. Prenez soin de vous et de vos proches gr\u00e2ce \u00e0 son confort de vie unique.<\/p>\n","protected":false},"excerpt":{"rendered":"<p>Technologie DUAL FIRE<br \/>\nPo\u00eale hydro pour distribution eau chaude<br \/>\nTr\u00e8s haut rendement<br \/>\nCombustion propre, faibles \u00e9missions CO et poussi\u00e8res<br \/>\nCapacit\u00e9 de chargement accrue<br \/>\nLongue dur\u00e9e de combustion<br \/>\n2 chambres de combustion ind\u00e9pendantes<br \/>\nChambre de combustion haute avec sole boite \u00e0 injection<br \/>\nUne porte avec double vitre inf\u00e9rieure<br \/>\nV\u00e9rin hydraulique sur porte<br \/>\nBalayage d\u2019air de vitre dans les deux chambres de combustion<br \/>\nD\u00e9cendrage sur sole<br \/>\nBranchement eau arriv\u00e9e\/ d\u00e9part<br \/>\nSoupape de s\u00e9curit\u00e9 TAS<br \/>\nPurgeur<br \/>\nBucher ferm\u00e9<\/p>\n","protected":false},"featured_media":4900,"template":"","meta":{"inline_featured_image":false},"product_brand":[],"product_cat":[165],"product_tag":[],"class_list":{"0":"post-4899","1":"product","2":"type-product","3":"status-publish","4":"has-post-thumbnail","6":"product_cat-oranier","8":"first","9":"instock","10":"shipping-taxable","11":"purchasable","12":"product-type-simple"},"_links":{"self":[{"href":"https:\/\/bdoadvisory.fr\/wp-json\/wp\/v2\/product\/4899","targetHints":{"allow":["GET"]}}],"collection":[{"href":"https:\/\/bdoadvisory.fr\/wp-json\/wp\/v2\/product"}],"about":[{"href":"https:\/\/bdoadvisory.fr\/wp-json\/wp\/v2\/types\/product"}],"wp:featuredmedia":[{"embeddable":true,"href":"https:\/\/bdoadvisory.fr\/wp-json\/wp\/v2\/media\/4900"}],"wp:attachment":[{"href":"https:\/\/bdoadvisory.fr\/wp-json\/wp\/v2\/media?parent=4899"}],"wp:term":[{"taxonomy":"product_brand","embeddable":true,"href":"https:\/\/bdoadvisory.fr\/wp-json\/wp\/v2\/product_brand?post=4899"},{"taxonomy":"product_cat","embeddable":true,"href":"https:\/\/bdoadvisory.fr\/wp-json\/wp\/v2\/product_cat?post=4899"},{"taxonomy":"product_tag","embeddable":true,"href":"https:\/\/bdoadvisory.fr\/wp-json\/wp\/v2\/product_tag?post=4899"}],"curies":[{"name":"wp","href":"https:\/\/api.w.org\/{rel}","templated":true}]}}