{"id":4893,"date":"2026-04-21T16:45:18","date_gmt":"2026-04-21T14:45:18","guid":{"rendered":"https:\/\/bdoadvisory.fr\/?post_type=product&#038;p=4893"},"modified":"2026-04-21T16:45:18","modified_gmt":"2026-04-21T14:45:18","slug":"poele-a-bois-justus-bavaria-7-kw","status":"publish","type":"product","link":"https:\/\/bdoadvisory.fr\/?product=poele-a-bois-justus-bavaria-7-kw","title":{"rendered":"Po\u00eale \u00e0 bois Justus Bavaria 7 kW"},"content":{"rendered":"<p>Po\u00eale \u00e0 bois Justus Bavaria 7 kW\u00a0<br \/>\nLe Po\u00eale Justus Bavaria\u00a0de puissance nominale de 7 kW est un po\u00eale carrel\u00e9 en version murale et il poss\u00e8de un compartiment de rangement pour le bois dans le socle en bas du po\u00eale.<br \/>\nIl poss\u00e8de \u00e9galement un tr\u00e8s bon rendement de plus de 80%<br \/>\nIl existe diff\u00e9rents mod\u00e8les et ils sont disponible dans les versions suivantes : Carreaux d&rsquo;\u00e9rable blanc, Bordeaux, vert.\u00a0<br \/>\nFonctionnement en continu 24h<br \/>\n Une caract\u00e9ristique particuli\u00e8re de qualit\u00e9 et de respect de l&rsquo;environnement. Le foyer peut fonctionner ind\u00e9finiment. Utilisez uniquement les combustibles autoris\u00e9s !<br \/>\nNettoyage des vitres<br \/>\nUn courant d&rsquo;air guid\u00e9 emp\u00eache la condensation et le d\u00e9p\u00f4t des gaz de combustion sur la vitre c\u00f4t\u00e9 int\u00e9rieur. Ainsi, le verre reste propre.<br \/>\nSyst\u00e8me Triple-air<br \/>\nLe syst\u00e8me triple d&rsquo;air sp\u00e9cial JUSTUS assure toujours un air de combustion dos\u00e9es de fa\u00e7on optimale et il est n\u00e9cessaire pour le processus de combustion. Une combustion particuli\u00e8rement propre et efficace est le r\u00e9sultat souhait\u00e9.<br \/>\nToutes les donn\u00e9es techniques ont \u00e9t\u00e9 mesur\u00e9es \u00e0 la puissance calorifique nominale et d\u00e9pendent de la variante \/ version.<br \/>\nLes po\u00eales Justus sont s\u00fbrs et faciles \u00e0 acheter en ligne sur\u00a0Chemineeo.fr,\u00a0la boutique en ligne pour les po\u00eales.<\/p>\n","protected":false},"excerpt":{"rendered":"<p>Po\u00eale \u00e0 bois Justus Bavaria 7 kW<br \/>\nBien-\u00eatre et confort d\u2019utilisation \u00e0 moindre co\u00fbt<br \/>\nDisponible avec des plaques lat\u00e9rales d\u00e9coratives aspect naturel<br \/>\nFonctionnement \u00e9cologique continu<br \/>\nCombustion efficace et sans r\u00e9sidus gr\u00e2ce \u00e0 la triple r\u00e9partition d\u2019air<br \/>\nPorte avec vitre prismatique<br \/>\nPoign\u00e9e auto-refroidissante et tiroir \u00e0 cendres inclus<br \/>\nPour un volume d\u2019habitation de 144 m\u00e8tres cubes<br \/>\nCertifi\u00e9 conforme EN 13240<\/p>\n","protected":false},"featured_media":4894,"template":"","meta":{"inline_featured_image":false},"product_brand":[],"product_cat":[166],"product_tag":[],"class_list":{"0":"post-4893","1":"product","2":"type-product","3":"status-publish","4":"has-post-thumbnail","6":"product_cat-justus","8":"first","9":"instock","10":"shipping-taxable","11":"purchasable","12":"product-type-simple"},"_links":{"self":[{"href":"https:\/\/bdoadvisory.fr\/index.php?rest_route=\/wp\/v2\/product\/4893","targetHints":{"allow":["GET"]}}],"collection":[{"href":"https:\/\/bdoadvisory.fr\/index.php?rest_route=\/wp\/v2\/product"}],"about":[{"href":"https:\/\/bdoadvisory.fr\/index.php?rest_route=\/wp\/v2\/types\/product"}],"wp:featuredmedia":[{"embeddable":true,"href":"https:\/\/bdoadvisory.fr\/index.php?rest_route=\/wp\/v2\/media\/4894"}],"wp:attachment":[{"href":"https:\/\/bdoadvisory.fr\/index.php?rest_route=%2Fwp%2Fv2%2Fmedia&parent=4893"}],"wp:term":[{"taxonomy":"product_brand","embeddable":true,"href":"https:\/\/bdoadvisory.fr\/index.php?rest_route=%2Fwp%2Fv2%2Fproduct_brand&post=4893"},{"taxonomy":"product_cat","embeddable":true,"href":"https:\/\/bdoadvisory.fr\/index.php?rest_route=%2Fwp%2Fv2%2Fproduct_cat&post=4893"},{"taxonomy":"product_tag","embeddable":true,"href":"https:\/\/bdoadvisory.fr\/index.php?rest_route=%2Fwp%2Fv2%2Fproduct_tag&post=4893"}],"curies":[{"name":"wp","href":"https:\/\/api.w.org\/{rel}","templated":true}]}}