{"id":4891,"date":"2026-04-21T16:45:17","date_gmt":"2026-04-21T14:45:17","guid":{"rendered":"https:\/\/bdoadvisory.fr\/?post_type=product&#038;p=4891"},"modified":"2026-04-21T16:45:18","modified_gmt":"2026-04-21T14:45:18","slug":"poele-a-bois-wamsler-luke-8-kw","status":"publish","type":"product","link":"https:\/\/bdoadvisory.fr\/produit\/poele-a-bois-wamsler-luke-8-kw\/","title":{"rendered":"Po\u00eale \u00e0 bois Wamsler Luke 8 kW"},"content":{"rendered":"<p>Po\u00eale \u00e0 bois\u00a0Wamsler Luke 8 kW<br \/>\n\u00a0<br \/>\nLa description arrive bient\u00f4t.<br \/>\n\u00a0<br \/>\nContactez nos experts d\u00e8s aujourd&rsquo;hui sans engagement via notre e-mail\u00a0info@chemineeo.fr\u00a0ou par t\u00e9l\u00e9phone au \u00a001 76 36 00 27.<\/p>\n","protected":false},"excerpt":{"rendered":"<p>Po\u00eale \u00e0 bois\u00a0Wamsler Luke 8 kW \u00a0 La description arrive bient\u00f4t. \u00a0 Contactez nos experts d\u00e8s aujourd&rsquo;hui sans engagement via notre e-mail\u00a0info@chemineeo.fr\u00a0ou par t\u00e9l\u00e9phone au \u00a001 76 36 00 27.<\/p>\n","protected":false},"featured_media":4892,"template":"","meta":{"inline_featured_image":false},"product_brand":[],"product_cat":[164],"product_tag":[],"class_list":{"0":"post-4891","1":"product","2":"type-product","3":"status-publish","4":"has-post-thumbnail","6":"product_cat-wamsler","8":"first","9":"instock","10":"shipping-taxable","11":"purchasable","12":"product-type-simple"},"_links":{"self":[{"href":"https:\/\/bdoadvisory.fr\/wp-json\/wp\/v2\/product\/4891","targetHints":{"allow":["GET"]}}],"collection":[{"href":"https:\/\/bdoadvisory.fr\/wp-json\/wp\/v2\/product"}],"about":[{"href":"https:\/\/bdoadvisory.fr\/wp-json\/wp\/v2\/types\/product"}],"wp:featuredmedia":[{"embeddable":true,"href":"https:\/\/bdoadvisory.fr\/wp-json\/wp\/v2\/media\/4892"}],"wp:attachment":[{"href":"https:\/\/bdoadvisory.fr\/wp-json\/wp\/v2\/media?parent=4891"}],"wp:term":[{"taxonomy":"product_brand","embeddable":true,"href":"https:\/\/bdoadvisory.fr\/wp-json\/wp\/v2\/product_brand?post=4891"},{"taxonomy":"product_cat","embeddable":true,"href":"https:\/\/bdoadvisory.fr\/wp-json\/wp\/v2\/product_cat?post=4891"},{"taxonomy":"product_tag","embeddable":true,"href":"https:\/\/bdoadvisory.fr\/wp-json\/wp\/v2\/product_tag?post=4891"}],"curies":[{"name":"wp","href":"https:\/\/api.w.org\/{rel}","templated":true}]}}