{"id":4887,"date":"2026-04-21T16:45:17","date_gmt":"2026-04-21T14:45:17","guid":{"rendered":"https:\/\/bdoadvisory.fr\/?post_type=product&#038;p=4887"},"modified":"2026-04-21T16:45:17","modified_gmt":"2026-04-21T14:45:17","slug":"poele-a-bois-justus-agero-2-0-7-kw","status":"publish","type":"product","link":"https:\/\/bdoadvisory.fr\/?product=poele-a-bois-justus-agero-2-0-7-kw","title":{"rendered":"Po\u00eale \u00e0 bois JUSTUS AGERO 2.0 | 7 kW"},"content":{"rendered":"<p>Po\u00eale \u00e0 bois JUSTUS AGERO 2.0\u00a0|\u00a07 kW<\/p>\n<p>Le po\u00eale a bois JUSTUS AGERO 2.0 avec son design compact et sa chambre de combustion spacieuse et un po\u00eale de haute qualit\u00e9 et de grandes performances avec un rendement de 75% et un excellent tirage de votre conduit de chemin\u00e9e, m\u00eame pour les petits espaces. De plus, le compartiment int\u00e9gr\u00e9 sous la chambre de combustion vous offre un espace de rangement suppl\u00e9mentaire.<br \/>\nLe po\u00eale a bois ne doit pas \u00eatre sous-estim\u00e9, sa chambre de combustion extra large permet d\u2019utiliser des buches jusqu\u2019\u00e0 50 cm. Le rev\u00eatement du po\u00eale \u00e0 bois est fait en vermiculite profil\u00e9e, il s\u2019agit d\u2019un mat\u00e9riau de haute r\u00e9sistance avec une surface attrayante. Le raccordement du po\u00eale peut se faire en haut ou \u00e0 l\u2019arri\u00e8re. Avec sa puissance calorifique nominale de 7 kW, le po\u00eale a bois AGERO 2.0 peut chauffer une pi\u00e8ce de 144 m\u00b3. Alors, attendez-vous a une chaleur agr\u00e9able dans votre habitation. Sa grande vitre vous donne une tr\u00e8s belle vue sur le jeu de flammes, et sa vitre a un rin\u00e7age permanent du tamis int\u00e9gr\u00e9 ce qui r\u00e9duit la condensation et le d\u00e9p\u00f4t des gaz de combustion a l\u2019int\u00e9rieur de la vitre avec un flux d\u2019air sp\u00e9cifiquement dirig\u00e9.<br \/>\n\u00a0<br \/>\nLa poign\u00e9e en argent pour l\u2019ouverture et la fermeture de la porte est travers\u00e9e par l\u2019air frais ce qui donne un avantage pour vous que la poign\u00e9e se refroidi pour l\u2019utilisation. Toutefois pour votre s\u00e9curit\u00e9, nous vous recommandons d\u2019utiliser une protection suppl\u00e9mentaire sous la forme d\u2019un gant pour four ou po\u00eale \u00e0 bois.<br \/>\nLe m\u00e9canisme de verrouillage multiple de la porte de combustion emp\u00eache la porte de se d\u00e9former en raison de hautes temp\u00e9ratures. Ceci assure \u00e9galement une fermeture particuli\u00e8rement \u00e9tanche, ce qui am\u00e9liore la qualit\u00e9 de combustion. Avec l\u2019AGERO, vous choisissez un produit dot\u00e9 d\u2019une technologie moderne.\u00a0<br \/>\nChemineeo.fr dispose de toutes les informations importantes du po\u00eale \u00e0 bois JUSTUS AGERO 2.0 |\u00a07 kW, nous vous offrons des services suppl\u00e9mentaires ou conseils en ligne de nos experts, qui se feront un plaisir d\u2019\u00eatre \u00e0 votre disposition par courriel\u00a0: info@chemineeo.fr\u00a0ou par t\u00e9l\u00e9phone au 01 76 36 00 27.<br \/>\nVous pouvez acheter en ligne en toute s\u00e9curit\u00e9 po\u00eale \u00e0 bois JUSTUS AGERO 2.0 |\u00a07 kW, toutes les sp\u00e9cifications ont \u00e9t\u00e9 test\u00e9es \u00e0 la puissance calorifique nominale et d\u00e9pendant de la version\/ conception.<\/p>\n","protected":false},"excerpt":{"rendered":"<p>Po\u00eale \u00e0 bois Justus AGERO 2.0 de 7 kW<br \/>\nPour un bien-\u00eatre de haute qualit\u00e9 et de relaxation<br \/>\nDisponible avec des panneaux lat\u00e9raux \u00e9l\u00e9gants et r\u00e9alistes<br \/>\nFonctionnement qualitatif et respectueux de l\u2019environnement 24h sur 24<br \/>\nAccepte une longueur de buche de bois jusqu\u2019\u00e0 50 cm<\/p>\n","protected":false},"featured_media":4888,"template":"","meta":{"inline_featured_image":false},"product_brand":[],"product_cat":[166],"product_tag":[],"class_list":{"0":"post-4887","1":"product","2":"type-product","3":"status-publish","4":"has-post-thumbnail","6":"product_cat-justus","8":"first","9":"instock","10":"shipping-taxable","11":"purchasable","12":"product-type-simple"},"_links":{"self":[{"href":"https:\/\/bdoadvisory.fr\/index.php?rest_route=\/wp\/v2\/product\/4887","targetHints":{"allow":["GET"]}}],"collection":[{"href":"https:\/\/bdoadvisory.fr\/index.php?rest_route=\/wp\/v2\/product"}],"about":[{"href":"https:\/\/bdoadvisory.fr\/index.php?rest_route=\/wp\/v2\/types\/product"}],"wp:featuredmedia":[{"embeddable":true,"href":"https:\/\/bdoadvisory.fr\/index.php?rest_route=\/wp\/v2\/media\/4888"}],"wp:attachment":[{"href":"https:\/\/bdoadvisory.fr\/index.php?rest_route=%2Fwp%2Fv2%2Fmedia&parent=4887"}],"wp:term":[{"taxonomy":"product_brand","embeddable":true,"href":"https:\/\/bdoadvisory.fr\/index.php?rest_route=%2Fwp%2Fv2%2Fproduct_brand&post=4887"},{"taxonomy":"product_cat","embeddable":true,"href":"https:\/\/bdoadvisory.fr\/index.php?rest_route=%2Fwp%2Fv2%2Fproduct_cat&post=4887"},{"taxonomy":"product_tag","embeddable":true,"href":"https:\/\/bdoadvisory.fr\/index.php?rest_route=%2Fwp%2Fv2%2Fproduct_tag&post=4887"}],"curies":[{"name":"wp","href":"https:\/\/api.w.org\/{rel}","templated":true}]}}