{"id":4873,"date":"2026-04-21T16:45:16","date_gmt":"2026-04-21T14:45:16","guid":{"rendered":"https:\/\/bdoadvisory.fr\/?post_type=product&#038;p=4873"},"modified":"2026-04-21T16:45:16","modified_gmt":"2026-04-21T14:45:16","slug":"poele-a-bois-oranier-rota-top-2-0-55-kw","status":"publish","type":"product","link":"https:\/\/bdoadvisory.fr\/produit\/poele-a-bois-oranier-rota-top-2-0-55-kw\/","title":{"rendered":"Po\u00eale \u00e0 bois Oranier Rota Top 2.0 | 5,5 kW"},"content":{"rendered":"<p>Po\u00eale \u00e0 bois Oranier Rota Top 2.0 |\u00a05,5 kW<br \/>\nBas\u00e9 sur le Rota ou Rota Tre, le nouveau mod\u00e8le Rota Top 2.0 est maintenant disponible. Avec sa forme \u00e9lanc\u00e9e, le po\u00eale Rota est id\u00e9al pour les petites pi\u00e8ces. Le design moderne est compl\u00e9t\u00e9 par la nouvelle poign\u00e9e mince en acier inoxydable.<br \/>\nNouveau : le compartiment de rangement \u00e0 bois sous le foyer, muni d&rsquo;une porte avec serrure magn\u00e9tique. Cela vous permet d&rsquo;entreposer les allumeurs ou le bois d&rsquo;allumage de fa\u00e7on propre. Gr\u00e2ce \u00e0 la possibilit\u00e9 de commander les plaques de recouvrement dans une vari\u00e9t\u00e9 de couleurs, il n&rsquo;y a aucune limite \u00e0 votre touche personnelle. Classique en st\u00e9atite et gr\u00e8s, noble en verre ou color\u00e9 en vert pomme.<br \/>\nLes avantages :<br \/>\nFonctionnement continu 24 heures sur 24<br \/>\nUne particularit\u00e9 de qualit\u00e9 et de respect de l&rsquo;environnement. Le four peut fonctionner ind\u00e9finiment. N&rsquo;utilisez que des carburants sp\u00e9cifi\u00e9s et autoris\u00e9s ! Suivez les instructions !<br \/>\nLavage de vitres<br \/>\nUn flux d&rsquo;air sp\u00e9cialement dirig\u00e9 emp\u00eache la condensation et le d\u00e9p\u00f4t des gaz de combustion \u00e0 l&rsquo;int\u00e9rieur de la vitre. Cela permet de garder la vitre propre.\u00a0<br \/>\nSyst\u00e8me triple air<br \/>\nLe syst\u00e8me sp\u00e9cial Oranier\u00a0\u00e0 triple flux d&rsquo;air garantit toujours un dosage optimal de l&rsquo;air de combustion, o\u00f9 c&rsquo;est n\u00e9cessaire pour le processus de combustion. Le r\u00e9sultat souhait\u00e9 est une combustion particuli\u00e8rement propre et efficace<br \/>\nRev\u00eatement profil\u00e9 pour chambre de combustion<br \/>\nLe rev\u00eatement du four compos\u00e9 de pi\u00e8ces moul\u00e9es profil\u00e9es en vermiculite \u00e0 haute r\u00e9sistance et \u00e0 surface attrayante n&rsquo;est pas seulement esth\u00e9tique, il favorise \u00e9galement la turbulence souhait\u00e9e des gaz combustibles pour une combustion propre.<br \/>\nVerrouillage multiple<br \/>\nLe syst\u00e8me de verrouillage multipoints emp\u00eache la porte coupe-feu de se d\u00e9former en raison des temp\u00e9ratures \u00e9lev\u00e9es. De plus, l&rsquo;\u00e9tanch\u00e9it\u00e9 particuli\u00e8rement bonne emp\u00eache l&rsquo;entr\u00e9e d&rsquo;air ind\u00e9sirable et maintient ainsi la qualit\u00e9 de combustion dans le four stable.<br \/>\nD\u00e9bit d&rsquo;air par la poign\u00e9e<br \/>\nLa circulation de l&rsquo;air dans la poign\u00e9e ergonomique du tube r\u00e9duit consid\u00e9rablement la temp\u00e9rature \u00e0 la surface.<br \/>\nPlateau pivotant \u00d8 460 mm (gris ou noir) avec p\u00e9dale de positionnement<br \/>\nRendez votre po\u00eale rond orientable gr\u00e2ce \u00e0 l\u2019option plateau pivotant, \u00e0 180\u00b0 Uniquement dans le cas d\u2019un d\u00e9part de fum\u00e9e par le haut (buse rotative \u00e0 pr\u00e9voir en sus).<br \/>\nAttention : peu utile dans le cas d\u2019un appareil raccord\u00e9 \u00e0 l\u2019air ext\u00e9rieur.<br \/>\n\u00a0<br \/>\nChemineeo.fr offre des services suppl\u00e9mentaires tels que conseils en ligne. Nous vous recommandons les conseils d\u00e9taill\u00e9s de nos experts, qui sont \u00e0 votre disposition via courriel \u00e0  contact@bdoadvisory.fr\u00a0\u00a0\u00a0.<\/p>\n","protected":false},"excerpt":{"rendered":"<p>Po\u00eale \u00e0 bois Oranier Rota Top 2.0 |\u00a05,5 kW<br \/>\nPlateau pivotant \u00d8 460 mm, \u00e0 180\u00b0 en option<br \/>\nPour un volume d\u2019habitation jusqu&rsquo;a 37\u00a0m\u00b2<br \/>\nVision mono face avec sa vitre galb\u00e9e<br \/>\nPorte en fonte avec verrouillage Snap Lock<br \/>\nGrande barre poign\u00e9e ventil\u00e9e<br \/>\nRadiateur de convection<br \/>\nVermiculite profil\u00e9e<br \/>\nB\u00fbcher ferm\u00e9<br \/>\nCertifi\u00e9 conforme NF EN 13240<\/p>\n","protected":false},"featured_media":4874,"template":"","meta":{"inline_featured_image":false},"product_brand":[],"product_cat":[165],"product_tag":[],"class_list":{"0":"post-4873","1":"product","2":"type-product","3":"status-publish","4":"has-post-thumbnail","6":"product_cat-oranier","8":"first","9":"instock","10":"shipping-taxable","11":"purchasable","12":"product-type-simple"},"_links":{"self":[{"href":"https:\/\/bdoadvisory.fr\/wp-json\/wp\/v2\/product\/4873","targetHints":{"allow":["GET"]}}],"collection":[{"href":"https:\/\/bdoadvisory.fr\/wp-json\/wp\/v2\/product"}],"about":[{"href":"https:\/\/bdoadvisory.fr\/wp-json\/wp\/v2\/types\/product"}],"wp:featuredmedia":[{"embeddable":true,"href":"https:\/\/bdoadvisory.fr\/wp-json\/wp\/v2\/media\/4874"}],"wp:attachment":[{"href":"https:\/\/bdoadvisory.fr\/wp-json\/wp\/v2\/media?parent=4873"}],"wp:term":[{"taxonomy":"product_brand","embeddable":true,"href":"https:\/\/bdoadvisory.fr\/wp-json\/wp\/v2\/product_brand?post=4873"},{"taxonomy":"product_cat","embeddable":true,"href":"https:\/\/bdoadvisory.fr\/wp-json\/wp\/v2\/product_cat?post=4873"},{"taxonomy":"product_tag","embeddable":true,"href":"https:\/\/bdoadvisory.fr\/wp-json\/wp\/v2\/product_tag?post=4873"}],"curies":[{"name":"wp","href":"https:\/\/api.w.org\/{rel}","templated":true}]}}