{"id":4871,"date":"2026-04-21T16:45:16","date_gmt":"2026-04-21T14:45:16","guid":{"rendered":"https:\/\/bdoadvisory.fr\/?post_type=product&#038;p=4871"},"modified":"2026-04-21T16:45:16","modified_gmt":"2026-04-21T14:45:16","slug":"poele-a-bois-haas-sohn-aruba-easy-6-kw","status":"publish","type":"product","link":"https:\/\/bdoadvisory.fr\/?product=poele-a-bois-haas-sohn-aruba-easy-6-kw","title":{"rendered":"Po\u00eale \u00e0 bois Haas &#038; Sohn ARUBA easy 6 kW"},"content":{"rendered":"<p>Po\u00eale \u00e0 bois Haas &#038; Sohn Aruba Easy 6 kW\u00a0de la s\u00e9rie partenaire<br \/>\n\u00a0<br \/>\nL&rsquo;entreprise traditionnelle Haas &#038;\u00a0Sohn est le seul fournisseur europ\u00e9en complet dans l&rsquo;industrie du po\u00eale. Avec la nouvelle s\u00e9rie de po\u00eales easy, l&rsquo;entreprise souligne sa capacit\u00e9 \u00e0 r\u00e9pondre aux besoins d&rsquo;une client\u00e8le en \u00e9volution. Un exemple remarquable de ce d\u00e9veloppement est le mod\u00e8le easy ARUBA, dans lequel la fonctionnalit\u00e9 et la conception offre une combinaison parfaite.<br \/>\nVue de l\u2019arri\u00e8re, le po\u00eale \u00e0 bois Aruba Easy 6 kW, qui ne mesure que 36,7 cm de profondeur, combine un design compact avec une technologie innovante. Contrairement \u00e0 l\u2019autre RUBUS easy, plus conventionnelle, le Haas &#038;\u00a0Sohn ARUBA easy a une forme originale. Le corps arrondi aux coins du c\u00f4t\u00e9 droit apporte une touche design. Il est r\u00e9alis\u00e9 en acier peint noir mat, formant ainsi un contraste optique en forme de L. L&rsquo;habillage est en pierre de \u00ab Woodstone \u00bb ou \u00abst\u00e9atite antique \u00bb.<br \/>\nUn point suppl\u00e9mentaire de ce po\u00eale est la porte coupe-feu int\u00e9gr\u00e9 avec 3 verrouillages. Si vous le souhaitez, vous pouvez utiliser le compartiment de stockage en bois suppl\u00e9mentaire pour cr\u00e9er un contraste optique d\u00e9lib\u00e9r\u00e9 avec l&rsquo;image globale puriste du po\u00eale.<br \/>\n\u00a0<br \/>\nContr\u00f4le de l&rsquo;air innovant<br \/>\nEn tant que po\u00eale avec raccordement d&rsquo;air ext\u00e9rieur, le po\u00eale ARUBA easy prouve qu&rsquo;il poss\u00e8de des propri\u00e9t\u00e9s de chauffage exceptionnelle. Cela se voit, entre autres, dans la puissance calorifique nominale de 6 kW et la capacit\u00e9 de chauffage de l&rsquo;espace jusqu&rsquo;\u00e0 130 m\u00b2.<br \/>\nUne caract\u00e9ristique particuli\u00e8re de la s\u00e9rie Easy de Haas &#038;\u00a0Sohn est le contr\u00f4le innovant de l&rsquo;air. Derri\u00e8re cette d\u00e9signation se trouve un concept de fonctionnement enti\u00e8rement automatique dans lequel toutes les entr\u00e9es d&rsquo;air peuvent \u00eatre contr\u00f4l\u00e9es avec un seul levier. Il n&rsquo;a jamais \u00e9t\u00e9 aussi facile de contr\u00f4ler l&rsquo;air primaire, secondaire et le jet d&rsquo;air.<br \/>\nEnfin, le po\u00eale ARUBA easy dispose de la fonction de confort \u00ab\u00a0Sans mode de chauffage &#8211; Raccord d&rsquo;air refoulable\u00a0\u00bb. Cette caract\u00e9ristique garantit que m\u00eame apr\u00e8s que un feu, l&rsquo;air chaud de la pi\u00e8ce ne s&rsquo;\u00e9chappe pas par le conduit de chemin\u00e9e. Pas \u00e9tonnant que ce mod\u00e8le de Haas et Sohn atteigne une efficacit\u00e9 de plus de 80 % et r\u00e9ponde aux exigences de la classe d&rsquo;efficacit\u00e9 \u00e9nerg\u00e9tique A.<br \/>\nLa grande surface vitr\u00e9e de l&rsquo;ARUBA easy est en verre de s\u00e9curit\u00e9 r\u00e9sistant \u00e0 la chaleur. Malheureusement, cela n&rsquo;a aucune influence sur la propret\u00e9 de la vitre, mais sur des facteurs tels que la quantit\u00e9 de bois, l&rsquo;humidit\u00e9 du bois, la pression de la chemin\u00e9e, la construction et le fonctionnement.<br \/>\nPar cons\u00e9quent, pour la plupart des mod\u00e8les de Haas &#038;\u00a0Sohn, une laveuse hautement efficace est utilis\u00e9e. Il est con\u00e7u de telle sorte qu&rsquo;un flux d&rsquo;air dirig\u00e9 d\u00e9lib\u00e9r\u00e9ment emp\u00eache la condensation et le d\u00e9p\u00f4t de particules de poussi\u00e8re et de suie \u00e0 l&rsquo;int\u00e9rieur de la vitre. Ainsi, la vue du fascinant du jeu de flamme est visble tout le temps.\u00a0<\/p>\n<p>Les avantages de ce po\u00eale :<br \/>\n\u2022 design innovant<br \/>\n\u2022 habillage lat\u00e9rale en pierre naturelle<br \/>\n\u2022 haute efficacit\u00e9<br \/>\n\u2022 Easy control<br \/>\n\u2022 pour les b\u00fbches est de 33 cm<\/p>\n","protected":false},"excerpt":{"rendered":"<p>Po\u00eale \u00e0 bois Haas &#038; Sohn Aruba Easy 6 kW<br \/>\nhabillage en pierre naturelle\u00a0<br \/>\nEasy-Control<br \/>\nCertifi\u00e9 conforme EN 13240<\/p>\n","protected":false},"featured_media":4872,"template":"","meta":{"inline_featured_image":false},"product_brand":[],"product_cat":[169],"product_tag":[],"class_list":{"0":"post-4871","1":"product","2":"type-product","3":"status-publish","4":"has-post-thumbnail","6":"product_cat-haas-und-sohn","8":"first","9":"instock","10":"shipping-taxable","11":"purchasable","12":"product-type-simple"},"_links":{"self":[{"href":"https:\/\/bdoadvisory.fr\/index.php?rest_route=\/wp\/v2\/product\/4871","targetHints":{"allow":["GET"]}}],"collection":[{"href":"https:\/\/bdoadvisory.fr\/index.php?rest_route=\/wp\/v2\/product"}],"about":[{"href":"https:\/\/bdoadvisory.fr\/index.php?rest_route=\/wp\/v2\/types\/product"}],"wp:featuredmedia":[{"embeddable":true,"href":"https:\/\/bdoadvisory.fr\/index.php?rest_route=\/wp\/v2\/media\/4872"}],"wp:attachment":[{"href":"https:\/\/bdoadvisory.fr\/index.php?rest_route=%2Fwp%2Fv2%2Fmedia&parent=4871"}],"wp:term":[{"taxonomy":"product_brand","embeddable":true,"href":"https:\/\/bdoadvisory.fr\/index.php?rest_route=%2Fwp%2Fv2%2Fproduct_brand&post=4871"},{"taxonomy":"product_cat","embeddable":true,"href":"https:\/\/bdoadvisory.fr\/index.php?rest_route=%2Fwp%2Fv2%2Fproduct_cat&post=4871"},{"taxonomy":"product_tag","embeddable":true,"href":"https:\/\/bdoadvisory.fr\/index.php?rest_route=%2Fwp%2Fv2%2Fproduct_tag&post=4871"}],"curies":[{"name":"wp","href":"https:\/\/api.w.org\/{rel}","templated":true}]}}