{"id":4863,"date":"2026-04-21T16:45:15","date_gmt":"2026-04-21T14:45:15","guid":{"rendered":"https:\/\/bdoadvisory.fr\/?post_type=product&#038;p=4863"},"modified":"2026-04-21T16:45:15","modified_gmt":"2026-04-21T14:45:15","slug":"poele-a-bois-justus-island-5-2-0-5-kw","status":"publish","type":"product","link":"https:\/\/bdoadvisory.fr\/?product=poele-a-bois-justus-island-5-2-0-5-kw","title":{"rendered":"Po\u00eale \u00e0 bois Justus Island 5 2.0 | 5 kW"},"content":{"rendered":"<p>Po\u00eale \u00e0 bois Justus Island 5 2.0 |\u00a05 kW<br \/>\nLe po\u00eale Justus Island 5 2.0 est un po\u00eale moderne en acier au design attrayant. Le po\u00eale s\u00e9duit par son syst\u00e8me de verrouillage multipoints, son fonctionnement continu 24 heures sur 24, sa connexion pour l&rsquo;alimentation en air de combustion externe, son syst\u00e8me de rin\u00e7age des fen\u00eatres int\u00e9gr\u00e9 et son syst\u00e8me triple air. Un accroche-regard avec un plaisir illimit\u00e9 du jeu de flammes! Le po\u00eale Justus Island 5 2.0 avec sa forme classique est disponible dans toutes les variantes typiques du fabricant Justus.<\/p>\n","protected":false},"excerpt":{"rendered":"<p>Po\u00eale \u00e0 bois Justus Island 5 2.0 |\u00a05 kW<br \/>\nDisponible avec des panneaux lat\u00e9raux \u00e9l\u00e9gants<br \/>\nVerrouillage multipoint\u00a0<br \/>\nFonctionnement \u00e9cologique continu<br \/>\nCombustion efficace gr\u00e2ce au triple syst\u00e8me d&rsquo;air<br \/>\nPour un volume d\u2019habitation de 37\u00a0m\u00b2<br \/>\nCertifi\u00e9 EN 13240<\/p>\n","protected":false},"featured_media":4864,"template":"","meta":{"inline_featured_image":false},"product_brand":[],"product_cat":[166],"product_tag":[],"class_list":{"0":"post-4863","1":"product","2":"type-product","3":"status-publish","4":"has-post-thumbnail","6":"product_cat-justus","8":"first","9":"instock","10":"shipping-taxable","11":"purchasable","12":"product-type-simple"},"_links":{"self":[{"href":"https:\/\/bdoadvisory.fr\/index.php?rest_route=\/wp\/v2\/product\/4863","targetHints":{"allow":["GET"]}}],"collection":[{"href":"https:\/\/bdoadvisory.fr\/index.php?rest_route=\/wp\/v2\/product"}],"about":[{"href":"https:\/\/bdoadvisory.fr\/index.php?rest_route=\/wp\/v2\/types\/product"}],"wp:featuredmedia":[{"embeddable":true,"href":"https:\/\/bdoadvisory.fr\/index.php?rest_route=\/wp\/v2\/media\/4864"}],"wp:attachment":[{"href":"https:\/\/bdoadvisory.fr\/index.php?rest_route=%2Fwp%2Fv2%2Fmedia&parent=4863"}],"wp:term":[{"taxonomy":"product_brand","embeddable":true,"href":"https:\/\/bdoadvisory.fr\/index.php?rest_route=%2Fwp%2Fv2%2Fproduct_brand&post=4863"},{"taxonomy":"product_cat","embeddable":true,"href":"https:\/\/bdoadvisory.fr\/index.php?rest_route=%2Fwp%2Fv2%2Fproduct_cat&post=4863"},{"taxonomy":"product_tag","embeddable":true,"href":"https:\/\/bdoadvisory.fr\/index.php?rest_route=%2Fwp%2Fv2%2Fproduct_tag&post=4863"}],"curies":[{"name":"wp","href":"https:\/\/api.w.org\/{rel}","templated":true}]}}