{"id":4859,"date":"2026-04-21T16:45:14","date_gmt":"2026-04-21T14:45:14","guid":{"rendered":"https:\/\/bdoadvisory.fr\/?post_type=product&#038;p=4859"},"modified":"2026-04-21T16:45:14","modified_gmt":"2026-04-21T14:45:14","slug":"poele-a-bois-la-nordica-super-junior-5-kw","status":"publish","type":"product","link":"https:\/\/bdoadvisory.fr\/produit\/poele-a-bois-la-nordica-super-junior-5-kw\/","title":{"rendered":"Po\u00eale \u00e0 bois La Nordica Super Junior 5 kW"},"content":{"rendered":"<p>Po\u00eale \u00e0 bois La Nordica Super Junior 5 kW<br \/>\n\u00a0<br \/>\nLe po\u00eale \u00e0 bois Super Junior du fabricant La Nordica est maintenant disponible chez Chemineeo.fr. Ce petit po\u00eale en acier de premi\u00e8re qualit\u00e9 et d&rsquo;un rendement thermique \u00e9lev\u00e9 avec un design \u00e0 la fois noble et classique avec sa puissance nominale de 5 kW qui peut chauffer votre maison jusqu\u2019\u00e0 143 m\u00b3. Avec ces rev\u00eatements en acier \u00e9maill\u00e9 en noir et vert, lui donne un charme qui s\u2019adapte parfaitement dans les habitation classiques mais aussi modernes. \u00a0Il convient pour le bois de 30 cm et les briquettes de bois et poss\u00e8de une grande vitre panoramique qui offre un belle vue sur le jeu des flammes avec sa porte en fonte ainsi que le couvercle du po\u00eale. La vitre est en verre c\u00e9ramique et donc r\u00e9sistante \u00e0 la chaleur jusqu&rsquo;\u00e0 750\u00b0. La grille de feu, comme l&rsquo;ensemble du foyer, est \u00e9galement en fonte de haute qualit\u00e9 et est donc r\u00e9sistante \u00e0 l&rsquo;usure et durable. La grande porte pour le chargement du po\u00eale, ainsi que le cendrier, rendent cet appareil tr\u00e8s pratique dans l&rsquo;utilisation quotidienne. \u00a0<br \/>\nCe po\u00eale propose aussi\u00a0:<br \/>\n&#8211; Le syst\u00e8me de combustion d\u00e9velopp\u00e9 par La Nordica-Extraflame permet, gr\u00e2ce \u00e0 un syst\u00e8me d\u2019air secondaire\/tertiaire, une postcombustion en mesure de r\u00e9duire drastiquement les \u00e9missions et donc de respecter les norme europ\u00e9ennes les plus s\u00e9v\u00e8res. Air primaire et secondaire r\u00e9glables, air tertiaire pr\u00e9-calibr\u00e9 avec syst\u00e8me post combustion.<br \/>\n&#8211; C\u2019est un syst\u00e8me qui gr\u00e2ce \u00e0 un parcours sp\u00e9cifique d\u2019air pr\u00e9chauff\u00e9 \u00e9vite efficacement l\u2019encrassement de la vitre du foyer<br \/>\n&#8211;\u00a0Les portes des produits, r\u00e9alis\u00e9es en fonte de qualit\u00e9 \u00e9lev\u00e9e, sont inalt\u00e9rables dans le temps et garantissent une \u00e9tanch\u00e9it\u00e9 constante.<br \/>\nCaract\u00e9ristiques:<\/p>\n<p>Dimensions (L-H-P) 360x771x419 mm<br \/>\nPoids net 64 kg<br \/>\nConsommation 1,5 kg\/h<br \/>\nDiam\u00e8tre sortie de fum\u00e9es 120 mm<br \/>\nClasse efficacit\u00e9 \u00e9nerg\u00e9tique A<\/p>\n<p>Chemineeo.fr\u00a0dispose de toutes les informations importantes du po\u00eale \u00e0 bois La Nordica Super Junior de 5kW, nous vous offrons des services suppl\u00e9mentaires ou conseils en ligne de nos experts, qui se feront un plaisir d\u2019\u00eatre \u00e0 votre disposition par courriel : info@chemineeo.fr\u00a0 ou par t\u00e9l\u00e9phone au\u00a001 76 36 00 27<\/p>\n","protected":false},"excerpt":{"rendered":"<p>Po\u00eale \u00e0 bois La Nordica Super Junior<br \/>\nPuissance nominale calorifique de 5 kW<br \/>\nCapacit\u00e9 de chauffage de\u00a060 m\u00b2<br \/>\nRev\u00eatement en acier \u00e9maill\u00e9<br \/>\nSortie de fum\u00e9e de 120mm<br \/>\nVitre en c\u00e9ramique r\u00e9sistante jusqu\u2019\u00e0 750\u00b0<br \/>\nCendrier extractible<br \/>\nFoyer en fonte<br \/>\nPoign\u00e9e en laiton<br \/>\nPorte et couvercle en fonte<br \/>\nClasse efficacit\u00e9 \u00e9nerg\u00e9tique A<\/p>\n","protected":false},"featured_media":4860,"template":"","meta":{"inline_featured_image":false},"product_brand":[],"product_cat":[167],"product_tag":[],"class_list":{"0":"post-4859","1":"product","2":"type-product","3":"status-publish","4":"has-post-thumbnail","6":"product_cat-la-nordica","8":"first","9":"instock","10":"shipping-taxable","11":"purchasable","12":"product-type-simple"},"_links":{"self":[{"href":"https:\/\/bdoadvisory.fr\/wp-json\/wp\/v2\/product\/4859","targetHints":{"allow":["GET"]}}],"collection":[{"href":"https:\/\/bdoadvisory.fr\/wp-json\/wp\/v2\/product"}],"about":[{"href":"https:\/\/bdoadvisory.fr\/wp-json\/wp\/v2\/types\/product"}],"wp:featuredmedia":[{"embeddable":true,"href":"https:\/\/bdoadvisory.fr\/wp-json\/wp\/v2\/media\/4860"}],"wp:attachment":[{"href":"https:\/\/bdoadvisory.fr\/wp-json\/wp\/v2\/media?parent=4859"}],"wp:term":[{"taxonomy":"product_brand","embeddable":true,"href":"https:\/\/bdoadvisory.fr\/wp-json\/wp\/v2\/product_brand?post=4859"},{"taxonomy":"product_cat","embeddable":true,"href":"https:\/\/bdoadvisory.fr\/wp-json\/wp\/v2\/product_cat?post=4859"},{"taxonomy":"product_tag","embeddable":true,"href":"https:\/\/bdoadvisory.fr\/wp-json\/wp\/v2\/product_tag?post=4859"}],"curies":[{"name":"wp","href":"https:\/\/api.w.org\/{rel}","templated":true}]}}