{"id":4857,"date":"2026-04-21T16:45:14","date_gmt":"2026-04-21T14:45:14","guid":{"rendered":"https:\/\/bdoadvisory.fr\/?post_type=product&#038;p=4857"},"modified":"2026-04-21T16:45:14","modified_gmt":"2026-04-21T14:45:14","slug":"poele-a-bois-la-nordica-candy-4-0-62-kw","status":"publish","type":"product","link":"https:\/\/bdoadvisory.fr\/produit\/poele-a-bois-la-nordica-candy-4-0-62-kw\/","title":{"rendered":"Po\u00eale \u00e0 bois La Nordica Candy 4.0 | 6,2 kW"},"content":{"rendered":"<p>Po\u00eale \u00e0 bois La Nordica Candy 4.0 | 6,2 kW<br \/>\n\u00a0<br \/>\nLe po\u00eale \u00e0 bois Candy de La Nordica est un po\u00eale \u00e0 bois moderne en fonte \u00e9maill\u00e9e qui chauffe des pi\u00e8ces jusqu&rsquo;\u00e0 177 m\u00b3 avec 6,2 kW de puissance. La grande vitre avec rin\u00e7age vous offre une vue impressionnante sur le jeu des flammes. Le po\u00eale est \u00e9quip\u00e9 d&rsquo;une bo\u00eete \u00e0 cendres extensible pour l&rsquo;\u00e9limination pratique des r\u00e9sidus de combustion<br \/>\n\u00a0<br \/>\nCaract\u00e9ristiques du po\u00eale \u00e0 bois Candy 4.0:<\/p>\n<p>Rev\u00eatement de la chambre de combustion en fonte et argile r\u00e9fractaire Nordiker<br \/>\nEn utilisant le mat\u00e9riau r\u00e9fractaire dans la chambre de combustion, le po\u00eale peut atteindre des temp\u00e9ratures de combustion \u00e9lev\u00e9es tout en r\u00e9duisant les \u00e9missions polluantes.<br \/>\nRaccordement du tuyau de chemin\u00e9e en haut. Le raccord sup\u00e9rieur du tuyau de fum\u00e9e permet une installation tr\u00e8s peu encombrante directement sur le mur.<br \/>\nRendement de 85,1%<br \/>\nPoids su po\u00eale de 85 kg<br \/>\nVitre en vitro c\u00e9ramique r\u00e9sistante jusqu\u2019\u00e0 750\u00b0<\/p>\n<p>\u00a0Chemineeo.fr\u00a0dispose de toutes les informations importantes du po\u00eale \u00e0 bois La Nordica Candy 4.0 6,2kW, nous vous offrons des services suppl\u00e9mentaires ou conseils en ligne de nos experts, qui se feront un plaisir d\u2019\u00eatre \u00e0 votre disposition par courriel\u00a0:\u00a0 contact@bdoadvisory.fr\u00a0 ou par t\u00e9l\u00e9phone au\u00a001 76 36 00 27.<\/p>\n","protected":false},"excerpt":{"rendered":"<p>Po\u00eale \u00e0 bois La Nordica Candy 4.0<br \/>\nPo\u00eale enti\u00e8rement en fonte \u00e9maill\u00e9e<br \/>\nPuissance nominale calorifique de 6,2 kW<br \/>\nCapacit\u00e9 de chauffage de\u00a074 m\u00b2<br \/>\nSortie de fum\u00e9e de 120 mm<br \/>\nVitre en c\u00e9ramique r\u00e9sistante jusqu\u2019\u00e0 750\u00b0<br \/>\nSyst\u00e8me de post combustion Nordiker<br \/>\nFoyer tr\u00e8s solide en fonte<br \/>\nConnexion a l\u2019air ext\u00e9rieur<br \/>\nTiroir a cendres<br \/>\nClasse efficacit\u00e9 \u00e9nerg\u00e9tique A+<\/p>\n","protected":false},"featured_media":4858,"template":"","meta":{"inline_featured_image":false},"product_brand":[],"product_cat":[167],"product_tag":[],"class_list":{"0":"post-4857","1":"product","2":"type-product","3":"status-publish","4":"has-post-thumbnail","6":"product_cat-la-nordica","8":"first","9":"instock","10":"shipping-taxable","11":"purchasable","12":"product-type-simple"},"_links":{"self":[{"href":"https:\/\/bdoadvisory.fr\/wp-json\/wp\/v2\/product\/4857","targetHints":{"allow":["GET"]}}],"collection":[{"href":"https:\/\/bdoadvisory.fr\/wp-json\/wp\/v2\/product"}],"about":[{"href":"https:\/\/bdoadvisory.fr\/wp-json\/wp\/v2\/types\/product"}],"wp:featuredmedia":[{"embeddable":true,"href":"https:\/\/bdoadvisory.fr\/wp-json\/wp\/v2\/media\/4858"}],"wp:attachment":[{"href":"https:\/\/bdoadvisory.fr\/wp-json\/wp\/v2\/media?parent=4857"}],"wp:term":[{"taxonomy":"product_brand","embeddable":true,"href":"https:\/\/bdoadvisory.fr\/wp-json\/wp\/v2\/product_brand?post=4857"},{"taxonomy":"product_cat","embeddable":true,"href":"https:\/\/bdoadvisory.fr\/wp-json\/wp\/v2\/product_cat?post=4857"},{"taxonomy":"product_tag","embeddable":true,"href":"https:\/\/bdoadvisory.fr\/wp-json\/wp\/v2\/product_tag?post=4857"}],"curies":[{"name":"wp","href":"https:\/\/api.w.org\/{rel}","templated":true}]}}