{"id":4847,"date":"2026-04-21T16:45:13","date_gmt":"2026-04-21T14:45:13","guid":{"rendered":"https:\/\/bdoadvisory.fr\/?post_type=product&#038;p=4847"},"modified":"2026-04-21T16:45:13","modified_gmt":"2026-04-21T14:45:13","slug":"poele-a-bois-oranier-rota-tre-2-0-55-kw","status":"publish","type":"product","link":"https:\/\/bdoadvisory.fr\/produit\/poele-a-bois-oranier-rota-tre-2-0-55-kw\/","title":{"rendered":"Po\u00eale \u00e0 bois Oranier Rota Tre 2.0 | 5,5 kW"},"content":{"rendered":"<p>Po\u00eale \u00e0 bois Oranier Rota Tre 2.0\u00a0| 5,5 kW<br \/>\nLe sp\u00e9cialiste des technologies de chauffage Oranier est l&rsquo;un des plus grands fabricants de po\u00eales en Allemagne. Ceci est illustr\u00e9 par un coup d&rsquo;\u0153il rapide sur la gamme de mod\u00e8les de l&rsquo;entreprise traditionnelle de Oranier. L&rsquo;Oranier Rota Tre, tr\u00e8s pris\u00e9e par les clients, a re\u00e7u le prix allemand du Design en 2015.<\/p>\n<p>Avec le Rota Tre, Oranier prouve une fois de plus son haut niveau d&rsquo;expertise dans la construction de po\u00eales. Semblable au mod\u00e8le d&rsquo;entr\u00e9e de gamme \u00e0 prix raisonnable du mod\u00e8le Oranier Rota, le Rota Tre se pr\u00e9sente comme un\u00a0po\u00eale\u00a0\u00e9l\u00e9gant \u00e0 foyer rond avec une grande fen\u00eatre panoramique. Cependant, pour une vue encore meilleure du Rota Tre, pr\u00e9voyez deux autres vitres lat\u00e9rales qui soulignent \u00e0 nouveau le design raffin\u00e9 du po\u00eale.<br \/>\nLe po\u00eale\u00a0\u00e0 bois\u00a0Oranier Rota Tre est non seulement agr\u00e9able \u00e0 regarder, mais il peut \u00e9galement chauffer : sa puissance thermique nominale est de 5,5 kW, ce qui est parfaitement suffisant pour chauffer des pi\u00e8ces de petite et moyenne taille jusqu&rsquo;\u00e0 37\u00a0m\u00b2. Pour un fonctionnement ind\u00e9pendant de l&rsquo;air ambiant, le Rota Tre peut \u00eatre \u00e9quip\u00e9 d&rsquo;une connexion suppl\u00e9mentaire pour l&rsquo;alimentation en air de combustion externe.<br \/>\nL&rsquo;efficacit\u00e9 de ce po\u00eale est sup\u00e9rieure \u00e0 80% gr\u00e2ce au syst\u00e8me d&rsquo;air triple d&rsquo;Oranier bien con\u00e7u et \u00e0 la disposition astucieuse des fentes de convection dans la partie sup\u00e9rieure. Dernier point, mais non des moindres, la fonction pratique de verrouillage \u00e0 deux points de la Rota Tre augmente l&rsquo;\u00e9tanch\u00e9it\u00e9 de la porte vitr\u00e9e g\u00e9n\u00e9reusement dimensionn\u00e9e.<br \/>\n\u00a0<br \/>\n\u00a0Excellent design<br \/>\nLa comparaison avec le mod\u00e8le de la s\u0153ur Oranier Rota, presque identique \u00e0 elle-m\u00eame, le montre clairement : Un po\u00eale comme l&rsquo;Oranier Rota Tre a besoin d&rsquo;un espace de stationnement appropri\u00e9 pour d\u00e9velopper pleinement sa pr\u00e9sence visuelle. Cela est principalement d\u00fb \u00e0 sa forme de base ronde et les grandes vitres panoramiques sur le devant et les c\u00f4t\u00e9s. Avec un diam\u00e8tre d&rsquo;un peu plus de 46 cm, la Rota Tre n\u00e9cessite aussi peu d&rsquo;espace au sol que le mod\u00e8le fr\u00e8re. Si l&rsquo;on consid\u00e8re, cependant, que ce chef-d&rsquo;\u0153uvre a remport\u00e9 le German Design Award 2015, en raison de sa vue panoramique de nombreux amateurs de flammes autour de lui-m\u00eame, une construction dans le coin d&rsquo;une pi\u00e8ce est hors de question.<br \/>\nLa porte tournante de l&rsquo;Oranier Rota Tre est fabriqu\u00e9e en verre c\u00e9ramique r\u00e9sistant \u00e0 la chaleur, ce qui assure une s\u00e9curit\u00e9 maximale m\u00eame \u00e0 tr\u00e8s haute temp\u00e9rature. N\u00e9anmoins, des facteurs tels que le volume de bois, l&rsquo;humidit\u00e9 du bois, la pression de la chemin\u00e9e, la construction et le fonctionnement influent sur la propret\u00e9 de la vitre. Oranier a donc con\u00e7u un rin\u00e7age de disque extr\u00eamement efficace, dans lequel un flux d&rsquo;air guid\u00e9 cibl\u00e9 emp\u00eache la condensation et le d\u00e9p\u00f4t de particules de poussi\u00e8re et de suie \u00e0 l&rsquo;int\u00e9rieur du disque. Ainsi, la vue du jeu de flamme confortable reste libre et le plaisir de chauffage sans nuages.<br \/>\nFaits en bref\u00a0:<br \/>\n\u2022 po\u00eale peu co\u00fbteux<br \/>\n\u2022 excellent design<br \/>\n\u2022 haute efficacit\u00e9<br \/>\n\u2022 combustion propre<br \/>\n\u2022 plaque sup\u00e9rieure personnalisable<br \/>\n\u2022 rondelle int\u00e9gr\u00e9e<br \/>\n\u2022 pour les b\u00fbches jusqu&rsquo;\u00e0 33 cm<br \/>\nChemineeo.fr\u00a0dispose de toutes les informations importantes du po\u00eale \u00e0 bois Oranier Rota\u00a0Tre 2.0 |\u00a05,5 kW, nous vous offrons des services suppl\u00e9mentaires ou conseils en ligne de nos experts, qui se feront un plaisir d\u2019\u00eatre \u00e0 votre disposition par courriel\u00a0:\u00a0\u00a0 contact@bdoadvisory.fr\u00a0\u00a0\u00a0.<br \/>\nVous pouvez acheter en ligne en toute s\u00e9curit\u00e9 po\u00eale \u00e0 bois Oranier Rota\u00a0Tre 2.0\u00a0| 5,5 kW toutes les sp\u00e9cifications ont \u00e9t\u00e9 test\u00e9es \u00e0 la puissance calorifique nominale et d\u00e9pendant de la version\/ conception.<\/p>\n","protected":false},"excerpt":{"rendered":"<p>Po\u00eale \u00e0 bois Oranier Rota Tre 2.0<br \/>\nPuissance nominale calorifique de 5 kW<br \/>\nCapacit\u00e9 de chauffage de la pi\u00e8ce jusqu&rsquo;\u00e0 88 m\u00b3 possible<br \/>\nTrois vitres galb\u00e9es et vision 3 faces<br \/>\nPorte en fonte avec verrouillage \u00ab\u00a0Snap Lock\u00ab\u00a0<br \/>\nGrande barre poign\u00e9e ventil\u00e9e<br \/>\nFoyer en vermiculite<br \/>\nGrand choix de dessus<br \/>\nRaccordement d\u2019air ext\u00e9rieur<br \/>\nPlateau pivotant \u2205 460 mm, \u00e0 180\u00b0<br \/>\nTest\u00e9e selon la norme DIN EN 13240<\/p>\n","protected":false},"featured_media":4848,"template":"","meta":{"inline_featured_image":false},"product_brand":[],"product_cat":[165],"product_tag":[],"class_list":{"0":"post-4847","1":"product","2":"type-product","3":"status-publish","4":"has-post-thumbnail","6":"product_cat-oranier","8":"first","9":"instock","10":"shipping-taxable","11":"purchasable","12":"product-type-simple"},"_links":{"self":[{"href":"https:\/\/bdoadvisory.fr\/wp-json\/wp\/v2\/product\/4847","targetHints":{"allow":["GET"]}}],"collection":[{"href":"https:\/\/bdoadvisory.fr\/wp-json\/wp\/v2\/product"}],"about":[{"href":"https:\/\/bdoadvisory.fr\/wp-json\/wp\/v2\/types\/product"}],"wp:featuredmedia":[{"embeddable":true,"href":"https:\/\/bdoadvisory.fr\/wp-json\/wp\/v2\/media\/4848"}],"wp:attachment":[{"href":"https:\/\/bdoadvisory.fr\/wp-json\/wp\/v2\/media?parent=4847"}],"wp:term":[{"taxonomy":"product_brand","embeddable":true,"href":"https:\/\/bdoadvisory.fr\/wp-json\/wp\/v2\/product_brand?post=4847"},{"taxonomy":"product_cat","embeddable":true,"href":"https:\/\/bdoadvisory.fr\/wp-json\/wp\/v2\/product_cat?post=4847"},{"taxonomy":"product_tag","embeddable":true,"href":"https:\/\/bdoadvisory.fr\/wp-json\/wp\/v2\/product_tag?post=4847"}],"curies":[{"name":"wp","href":"https:\/\/api.w.org\/{rel}","templated":true}]}}