{"id":4845,"date":"2026-04-21T16:45:13","date_gmt":"2026-04-21T14:45:13","guid":{"rendered":"https:\/\/bdoadvisory.fr\/?post_type=product&#038;p=4845"},"modified":"2026-04-21T16:45:13","modified_gmt":"2026-04-21T14:45:13","slug":"poele-a-bois-haas-sohn-rubus-easy-6-kw","status":"publish","type":"product","link":"https:\/\/bdoadvisory.fr\/?product=poele-a-bois-haas-sohn-rubus-easy-6-kw","title":{"rendered":"Po\u00eale \u00e0 bois Haas &#038; Sohn Rubus easy 6 kW"},"content":{"rendered":"<p>Po\u00eale \u00e0 bois Haas &#038; Sohn Rubus easy 6 kW\u00a0de la s\u00e9rie partenaire<br \/>\n\u00a0<br \/>\nHaas &#038; Sohn est le plus grand fabricant de po\u00eales en Europe. Une des raisons de ce succ\u00e8s est que les mod\u00e8les du leader de l&rsquo;industrie sont non seulement techniquement \u00e0 jour mais aussi technogiquement \u00e0 jour. La derni\u00e8re preuve de la force d&rsquo;innovation de Haas &#038; Sohn est la gamme de\u00a0 po\u00eale easy. Le mod\u00e8le Rubus\u00a0easy, offre au meme temps une ergonomie avec un vitrage de haute qualit\u00e9. Ce po\u00eale\u00a0\u00e9conomise de l&rsquo;espace et de l&rsquo;\u00e9nergie. Il dispose d&rsquo;un rev\u00eatement en pierre naturelle serpentine ou en pierre naturelle qui permet une accumulation suppl\u00e9mentaire de la chaleur. Le corps du po\u00eale est en acier soud\u00e9 et enti\u00e8rement peint en noir perle.<br \/>\nLa porte coupe-feu somptueuse avec une grande fen\u00eatre et une poign\u00e9e en acier inoxydable refroidi \u00e0 l&rsquo;air. Le grand compartiment de rangement sous la chemin\u00e9e donne un charme suppl\u00e9mentaire. Vous pouvez stocker jusqu&rsquo;\u00e0 une douzaine de b\u00fbches et en plus les s\u00e9cher en raison de la proximit\u00e9 de la chambre de combustion.<\/p>\n<p>\u00a0Puissance nominale<br \/>\n\u00a06 kW<\/p>\n<p>\u00a0Combustible<br \/>\n\u00a0B\u00fbches<\/p>\n<p>\u00a0Briquettes<\/p>\n<p>\u00a0Volume chauffable max<br \/>\n\u00a0130 m\u00b2<\/p>\n<p>\u00a0Forme de l&rsquo;appareil<br \/>\n\u00a0carr\u00e9<\/p>\n<p>\u00a0Dimensions de l&rsquo;appareil<br \/>\n\u00a0hauteur: 964 mm\u00a0<\/p>\n<p>\u00a0largeur: 480 mm<\/p>\n<p>\u00a0profondeur: 475 mm<\/p>\n<p>\u00a0Dimensions de b\u00fbches<br \/>\n\u00a0max 300 mm<\/p>\n<p>\u00a0Sortie de conduit\u00a0<br \/>\n\u00a0haute ou arri\u00e8re<\/p>\n<p>\u00a0Diam\u00e8tre de sortie de\u00a0 conduit\u00a0<br \/>\n\u00a0\u2205 150 mm<\/p>\n<p>\u00a0Poids<br \/>\n\u00a0137 kg<\/p>\n<p>\u00a0Rendement energetique<br \/>\n\u00a0> 81 %<\/p>\n<p>\u00a0Grille<br \/>\n\u00a0standard<\/p>\n<p>\u00a0Couleurs disponibles<br \/>\n\u00a0Serpentino,\u00a0Woodstone\u00a0<\/p>\n<p>\u00a0Habillage de la chambre de combustion<br \/>\n\u00a0chamotte<\/p>\n<p>\u00a0Temp\u00e9rature des fum\u00e9es<br \/>\n\u00a0300 \u00b0C<\/p>\n<p>\u00a0D\u00e9bit des fum\u00e9es<br \/>\n\u00a05,4 g\/s<\/p>\n<p>\u00a0Pression d&rsquo;aspiration<br \/>\n\u00a00,12 mbar (12 Pascal)<\/p>\n<p>\u00a0Habillage\u00a0<br \/>\n\u00a0Acier, Pierre naturelle<\/p>\n<p>\u00a0Vitrage<br \/>\n\u00a01 vitre<\/p>\n<p>\u00a0Fonctionnement continu<br \/>\n\u00a0\u2713<\/p>\n<p>\u00a0Eligible prime \u00e9nergie<br \/>\n\u00a0\u2713<\/p>\n<p>\u00a0Eligible cr\u00e9dit d&rsquo;imp\u00f4t<br \/>\n\u00a0\u2713<\/p>\n<p>\u00a0Normes<br \/>\n\u00a0CE<\/p>\n<p>classe d&rsquo;efficacit\u00e9 \u00e9nerg\u00e9tique<br \/>\n\u00a0 A +<\/p>\n<p>\u00a0<br \/>\nContr\u00f4le de l&rsquo;air innovant<br \/>\nLa haute efficacit\u00e9 \u00e9nerg\u00e9tique du Rubus\u00a0easy prouve qu&rsquo;il poss\u00e8de des propri\u00e9t\u00e9s de chauffage exceptionnelle. On peut le constater, entre autres, \u00e0 partir de la puissance calorifique nominale de 6 kW et de la capacit\u00e9 de chauffage de 130 m\u00b2.<br \/>\nUn d\u00e9tail particuli\u00e8rement int\u00e9ressant du po\u00eale est le concept de commande innovant easy control. Un contr\u00f4le pr\u00e9cis et confortable avec un seul levier &#8211; primaire, secondaire et la buse d&rsquo;air. Ce terme indique une commande de combustion enti\u00e8rement automatique.<br \/>\nHaas &#038; Sohn Rubus\u00a0dispose facilement d&rsquo;une chambre de combustion brevet\u00e9e de Technologie propre et la buse d&rsquo;air. Pas \u00e9tonnant que ce po\u00eale atteigne une efficacit\u00e9 de plus de 81 % .<br \/>\nLa grande surface vitr\u00e9e du Rubus\u00a0easy est en verre c\u00e9ramique r\u00e9sistant \u00e0 la chaleur, ce qui garantit une s\u00e9curit\u00e9 maximale m\u00eame \u00e0 des temp\u00e9ratures tr\u00e8s \u00e9lev\u00e9es. Malheureusement, cela n&rsquo;a aucune influence sur la propret\u00e9 de la vitre, mais plut\u00f4t sur des facteurs tels que la quantit\u00e9 de bois, l&rsquo;humidit\u00e9 du bois, la pression de la chemin\u00e9e, la construction et le fonctionnement.<\/p>\n","protected":false},"excerpt":{"rendered":"<p>Po\u00eale \u00e0 bois Haas &#038; Sohn Rubus easy 6 kW<br \/>\nBien-\u00eatre et confort d\u2019utilisation \u00e0 moindre co\u00fbt<br \/>\nHabillage acier et pierre naturelle haute qualit\u00e9<br \/>\nEasy control :\u00a0Un seul levier permet de contr\u00f4ler les trois flux d&rsquo;air<br \/>\nCertifi\u00e9 conforme NF EN 13240<\/p>\n","protected":false},"featured_media":4846,"template":"","meta":{"inline_featured_image":false},"product_brand":[],"product_cat":[169],"product_tag":[],"class_list":{"0":"post-4845","1":"product","2":"type-product","3":"status-publish","4":"has-post-thumbnail","6":"product_cat-haas-und-sohn","8":"first","9":"instock","10":"shipping-taxable","11":"purchasable","12":"product-type-simple"},"_links":{"self":[{"href":"https:\/\/bdoadvisory.fr\/index.php?rest_route=\/wp\/v2\/product\/4845","targetHints":{"allow":["GET"]}}],"collection":[{"href":"https:\/\/bdoadvisory.fr\/index.php?rest_route=\/wp\/v2\/product"}],"about":[{"href":"https:\/\/bdoadvisory.fr\/index.php?rest_route=\/wp\/v2\/types\/product"}],"wp:featuredmedia":[{"embeddable":true,"href":"https:\/\/bdoadvisory.fr\/index.php?rest_route=\/wp\/v2\/media\/4846"}],"wp:attachment":[{"href":"https:\/\/bdoadvisory.fr\/index.php?rest_route=%2Fwp%2Fv2%2Fmedia&parent=4845"}],"wp:term":[{"taxonomy":"product_brand","embeddable":true,"href":"https:\/\/bdoadvisory.fr\/index.php?rest_route=%2Fwp%2Fv2%2Fproduct_brand&post=4845"},{"taxonomy":"product_cat","embeddable":true,"href":"https:\/\/bdoadvisory.fr\/index.php?rest_route=%2Fwp%2Fv2%2Fproduct_cat&post=4845"},{"taxonomy":"product_tag","embeddable":true,"href":"https:\/\/bdoadvisory.fr\/index.php?rest_route=%2Fwp%2Fv2%2Fproduct_tag&post=4845"}],"curies":[{"name":"wp","href":"https:\/\/api.w.org\/{rel}","templated":true}]}}