{"id":4837,"date":"2026-04-21T16:45:12","date_gmt":"2026-04-21T14:45:12","guid":{"rendered":"https:\/\/bdoadvisory.fr\/?post_type=product&#038;p=4837"},"modified":"2026-04-21T16:45:12","modified_gmt":"2026-04-21T14:45:12","slug":"poele-a-bois-olsberg-osorno-8-kw","status":"publish","type":"product","link":"https:\/\/bdoadvisory.fr\/produit\/poele-a-bois-olsberg-osorno-8-kw\/","title":{"rendered":"Po\u00eale \u00e0 bois Olsberg Osorno 8 kW"},"content":{"rendered":"<p>Po\u00eale \u00e0 bois Olsberg Osorno 8 kW<\/p>\n<p>Le po\u00eale \u00e0 bois Osorno de 8 kW du fabricant Olsberg est maintenant disponible chez Chemineeo.fr. Charmant et \u00e9l\u00e9gant, le Olsberg Osorno s&rsquo;int\u00e8gre dans toutes les pi\u00e8ces. Un beau et puissant po\u00eale, avec ses 7,8 kW, suit un design simple, qui encadre parfaitement la chambre de combustion gr\u00e2ce \u00e0 un habillage g\u00e9n\u00e9reusement choisi. Gr\u00e2ce \u00e0 la vitre \u00e0 trois faces, vous avez \u00e9galement toujours une vue parfaite sur le jeu des flammes. La grande chambre de combustion en argile r\u00e9fractaire offre de la place pour des b\u00fbches jusqu&rsquo;\u00e0 50 cm et donc pour un long plaisir de chauffer sans l&rsquo;ajout constant de bois de chauffage.<br \/>\n\u00a0<br \/>\nPo\u00eale \u00e0 accumulation en option. Pour pouvoir utiliser la chaleur longtemps apr\u00e8s l&rsquo;extinction du feu, il est possible d&rsquo;installer un PowerBloc! dans la partie sup\u00e9rieure du po\u00eale du poids de 100 kg.<br \/>\nPorte coulissante avec panneaux lat\u00e9raux \u00e0 charni\u00e8res Osorno \u00e0 fermeture automatique (type 1), qui peut \u00eatre facilement pouss\u00e9e vers le haut d&rsquo;un seul mouvement de la main pour ajouter du bois de chauffage. Pour nettoyer la vitre, les ailes lat\u00e9rales de la porte peuvent \u00eatre ouvertes vers l&rsquo;ext\u00e9rieur. L&rsquo;alimentation en air primaire et secondaire peut \u00eatre contr\u00f4l\u00e9e en combinaison lorsque vous chauffez avec Osorno, vous contr\u00f4lez l&rsquo;alimentation en air de combustion via un contr\u00f4leur combin\u00e9 situ\u00e9 sous la porte de la chambre de combustion du po\u00eale.<br \/>\nCaract\u00e9ristique du po\u00eale a bois Olsberg Osorno\u00a0:<\/p>\n<p>Habillage en acier noir de 285 kg<br \/>\nDeux variantes de pierre naturelle s\u00e9lectionnable de 380 kg<br \/>\nGrande chambre de combustion pour b\u00fbches jusqu&rsquo;\u00e0 50 cm de longueur<br \/>\nGrande vitre sur 3 c\u00f4t\u00e9s d&rsquo;observation<br \/>\nPorte avec poign\u00e9e horizontale discr\u00e8te et fermeture automatique<br \/>\nTechnologie de combustion sophistiqu\u00e9e<br \/>\nGrille de foyer et bo\u00eete \u00e0 cendres peuvent \u00eatre install\u00e9es ult\u00e9rieurement<br \/>\nPowerBloc! Pierres d\u2019accumulation de chaleur au-dessus du foyer de 100kg &#8211; option<br \/>\nExtensible en option avec compartiment \u00e0 bois et banc<br \/>\nRev\u00eatement de la chambre de combustion en argile r\u00e9fractaire de haute qualit\u00e9 et durable<br \/>\nPuissance nominale de 7,8 kW,<br \/>\nPo\u00eale a bois id\u00e9ale pour les grandes pi\u00e8ces ou de taille moyenne<br \/>\nRendement de combustion propre et efficace de plus de 80%<\/p>\n<p>Chemineeo.fr\u00a0dispose de toutes les informations importantes du po\u00eale \u00e0 bois Olsberg Osorno de 8 kW, nous vous offrons des services suppl\u00e9mentaires ou conseils en ligne de nos experts, qui se feront un plaisir d\u2019\u00eatre \u00e0 votre disposition par courriel\u00a0:\u00a0info@chemineeo.fr\u00a0ou par t\u00e9l\u00e9phone au\u00a001 76 36 00 27<\/p>\n","protected":false},"excerpt":{"rendered":"<p>Po\u00eale \u00e0 bois de puissance nominale de 8 kW<br \/>\nCapacit\u00e9 de chauffage jusqu&rsquo;\u00e0 100 m\u00b3<br \/>\nVitre a 3 cot\u00e9s<br \/>\nPowerBloc en option (bloc accumulateur)<br \/>\nRev\u00eatement en acier et en pierre naturelle<br \/>\nB\u00fbche jusqu\u2019\u00e0 50 cm<br \/>\nFoyer en chamotte<br \/>\nRaccordement arri\u00e8re ou dessus<br \/>\nPorte escamotable avec fermeture automatique<br \/>\nTiroir a cendres<br \/>\nClasse efficacit\u00e9 \u00e9nerg\u00e9tique A+<\/p>\n","protected":false},"featured_media":4838,"template":"","meta":{"inline_featured_image":false},"product_brand":[],"product_cat":[168],"product_tag":[],"class_list":{"0":"post-4837","1":"product","2":"type-product","3":"status-publish","4":"has-post-thumbnail","6":"product_cat-olsberg","8":"first","9":"instock","10":"shipping-taxable","11":"purchasable","12":"product-type-simple"},"_links":{"self":[{"href":"https:\/\/bdoadvisory.fr\/wp-json\/wp\/v2\/product\/4837","targetHints":{"allow":["GET"]}}],"collection":[{"href":"https:\/\/bdoadvisory.fr\/wp-json\/wp\/v2\/product"}],"about":[{"href":"https:\/\/bdoadvisory.fr\/wp-json\/wp\/v2\/types\/product"}],"wp:featuredmedia":[{"embeddable":true,"href":"https:\/\/bdoadvisory.fr\/wp-json\/wp\/v2\/media\/4838"}],"wp:attachment":[{"href":"https:\/\/bdoadvisory.fr\/wp-json\/wp\/v2\/media?parent=4837"}],"wp:term":[{"taxonomy":"product_brand","embeddable":true,"href":"https:\/\/bdoadvisory.fr\/wp-json\/wp\/v2\/product_brand?post=4837"},{"taxonomy":"product_cat","embeddable":true,"href":"https:\/\/bdoadvisory.fr\/wp-json\/wp\/v2\/product_cat?post=4837"},{"taxonomy":"product_tag","embeddable":true,"href":"https:\/\/bdoadvisory.fr\/wp-json\/wp\/v2\/product_tag?post=4837"}],"curies":[{"name":"wp","href":"https:\/\/api.w.org\/{rel}","templated":true}]}}