{"id":4831,"date":"2026-04-21T16:45:12","date_gmt":"2026-04-21T14:45:12","guid":{"rendered":"https:\/\/bdoadvisory.fr\/?post_type=product&#038;p=4831"},"modified":"2026-04-21T16:45:12","modified_gmt":"2026-04-21T14:45:12","slug":"poele-a-bois-la-nordica-isotta-forno-evo-97-kw","status":"publish","type":"product","link":"https:\/\/bdoadvisory.fr\/produit\/poele-a-bois-la-nordica-isotta-forno-evo-97-kw\/","title":{"rendered":"Po\u00eale \u00e0 bois La Nordica Isotta Forno Evo 9,7 kW"},"content":{"rendered":"<p>Po\u00eale \u00e0 bois La Nordica Isotta Forno Evo 9,7 kW<br \/>\n\u00a0<br \/>\nLe po\u00eale \u00e0 bois Isotta Forno Evo du fabricant La Nordica est maintenant disponible chez Chemineeo.fr. Ce po\u00eale qui combine la cuisson et le chauffage enti\u00e8rement en fonte de premi\u00e8re qualit\u00e9 et d&rsquo;un rendement thermique \u00e9lev\u00e9 avec un design \u00e0 la fois noble et classique. Le four de cuisson de 39 litres avec l\u2019int\u00e9rieur en pierre \u00a0Il convient pour le bois et les briquettes de bois et poss\u00e8de une grande vitre panoramique qui offre un belle vue sur le jeu des flammes. Les vitres sont en verre c\u00e9ramique et donc r\u00e9sistante \u00e0 la chaleur jusqu&rsquo;\u00e0 750\u00b0. La grille de feu, comme l&rsquo;ensemble du foyer pour le chauffage, est \u00e9galement en fonte de haute qualit\u00e9 et est donc r\u00e9sistante \u00e0 l&rsquo;usure et durable. La grande porte pour le chargement frontale ou lat\u00e9ral au choix du po\u00eale, ainsi que le grand cendrier, rendent cet appareil tr\u00e8s pratique dans l&rsquo;utilisation quotidienne. Ce po\u00eale propose aussi\u00a0:<br \/>\n&#8211; Le syst\u00e8me de combustion d\u00e9velopp\u00e9 par La Nordica-Extraflame permet, gr\u00e2ce \u00e0 un syst\u00e8me d\u2019air secondaire\/tertiaire, une postcombustion en mesure de r\u00e9duire drastiquement les \u00e9missions et donc de respecter les norme europ\u00e9ennes les plus s\u00e9v\u00e8res<br \/>\n&#8211; C\u2019est un syst\u00e8me qui gr\u00e2ce \u00e0 un parcours sp\u00e9cifique d\u2019air pr\u00e9chauff\u00e9 \u00e9vite efficacement l\u2019encrassement de la vitre du foyer<br \/>\n&#8211; Les portes des produits, r\u00e9alis\u00e9es en fonte de qualit\u00e9 \u00e9lev\u00e9e, sont inalt\u00e9rables dans le temps et garantissent une \u00e9tanch\u00e9it\u00e9 constante.<br \/>\n\u00a0Caract\u00e9ristiques\u00a0:<\/p>\n<p>Four de cuisson en font \u00e9maill\u00e9e panoramique de 39 litres<br \/>\nL\u2019int\u00e9rieur du four de cuisson en pierre<br \/>\nRendement 87,7 %<br \/>\nDimensions (L-H-P) 795x1244x530 mm<br \/>\nPoids net 300 kg<br \/>\nConsommation 2,6 kg\/h<br \/>\nDiam\u00e8tre sortie de fum\u00e9es 150 mm s\/p<br \/>\nClasse efficacit\u00e9 \u00e9nerg\u00e9tique A+<\/p>\n<p>Chemineeo.fr\u00a0dispose de toutes les informations importantes du po\u00eale \u00e0 bois La Nordica Isotta Forno Evo 9,7\u00a0kW, nous vous offrons des services suppl\u00e9mentaires ou conseils en ligne de nos experts, qui se feront un plaisir d\u2019\u00eatre \u00e0 votre disposition par courriel :  contact@bdoadvisory.fr\u00a0 \u00a0<\/p>\n","protected":false},"excerpt":{"rendered":"<p>Po\u00eale a bois La Nordica Isotta Forno Evo<br \/>\nPuissance nominal de 9,7 kW<br \/>\nAvec four de cuisson \u00e9maill\u00e9e<br \/>\nPo\u00eale \u00e0 bois enti\u00e8rement en fonte<br \/>\nPorte de chargement frontale et lat\u00e9ral<br \/>\nPour un volume d\u2019habitation jusqu\u2019\u00e0\u00a0116 m\u00b2<br \/>\nVitre en vitroc\u00e9ramique jusqu\u2019\u00e0 750\u00b0<br \/>\nDiam\u00e8tre sortie de fum\u00e9es 150 mm\u00a0<br \/>\nFoyer post-combustion en fonte<br \/>\nClasse efficacit\u00e9 \u00e9nerg\u00e9tique A+<\/p>\n","protected":false},"featured_media":4832,"template":"","meta":{"inline_featured_image":false},"product_brand":[],"product_cat":[167],"product_tag":[],"class_list":{"0":"post-4831","1":"product","2":"type-product","3":"status-publish","4":"has-post-thumbnail","6":"product_cat-la-nordica","8":"first","9":"instock","10":"shipping-taxable","11":"purchasable","12":"product-type-simple"},"_links":{"self":[{"href":"https:\/\/bdoadvisory.fr\/wp-json\/wp\/v2\/product\/4831","targetHints":{"allow":["GET"]}}],"collection":[{"href":"https:\/\/bdoadvisory.fr\/wp-json\/wp\/v2\/product"}],"about":[{"href":"https:\/\/bdoadvisory.fr\/wp-json\/wp\/v2\/types\/product"}],"wp:featuredmedia":[{"embeddable":true,"href":"https:\/\/bdoadvisory.fr\/wp-json\/wp\/v2\/media\/4832"}],"wp:attachment":[{"href":"https:\/\/bdoadvisory.fr\/wp-json\/wp\/v2\/media?parent=4831"}],"wp:term":[{"taxonomy":"product_brand","embeddable":true,"href":"https:\/\/bdoadvisory.fr\/wp-json\/wp\/v2\/product_brand?post=4831"},{"taxonomy":"product_cat","embeddable":true,"href":"https:\/\/bdoadvisory.fr\/wp-json\/wp\/v2\/product_cat?post=4831"},{"taxonomy":"product_tag","embeddable":true,"href":"https:\/\/bdoadvisory.fr\/wp-json\/wp\/v2\/product_tag?post=4831"}],"curies":[{"name":"wp","href":"https:\/\/api.w.org\/{rel}","templated":true}]}}