{"id":4815,"date":"2026-04-21T16:45:10","date_gmt":"2026-04-21T14:45:10","guid":{"rendered":"https:\/\/bdoadvisory.fr\/?post_type=product&#038;p=4815"},"modified":"2026-04-21T16:45:10","modified_gmt":"2026-04-21T14:45:10","slug":"poele-a-bois-la-nordica-emiliana-65-kw","status":"publish","type":"product","link":"https:\/\/bdoadvisory.fr\/produit\/poele-a-bois-la-nordica-emiliana-65-kw\/","title":{"rendered":"Po\u00eale \u00e0 bois La Nordica Emiliana 6,5 kW"},"content":{"rendered":"<p>Po\u00eale \u00e0 bois La Nordica Emiliana 6,5 kW<br \/>\n\u00a0<br \/>\nL&rsquo;entreprise italienne La Nordica S. p. A. , entreprise leader dans le secteur du chauffage au bois,\u00a0pr\u00e9sente\u00a0un nouveau model moderne, Emiliana.\u00a0L\u00b4entreprise est connu par des mat\u00e9riaux de qualit\u00e9 sup\u00e9rieure, un travail de pr\u00e9cision, une attention particuli\u00e8re au design, ce qui ne manque pas\u00a0\u00e0 ce mod\u00e8le.\u00a0<br \/>\nLe po\u00eale Emiliana convainc par son design traditionnel. Le rev\u00eatement ext\u00e9rieur est en majolique de haute qualit\u00e9. La porte, le couvercle et les pieds sont en fonte \u00e9maill\u00e9e. L&rsquo;air secondaire et l&rsquo;air primaire sont r\u00e9glables, et le po\u00eale dispose \u00e9galement d&rsquo;un air tertiaire pr\u00e9-d\u00e9marr\u00e9 avec un syst\u00e8me de post-combustion. Le rev\u00eatement de la chambre de combustion est en fonte. Le verre c\u00e9ramique de la face avant r\u00e9siste \u00e0 la chaleur jusqu&rsquo;\u00e0 750\u00b0C.<br \/>\n\u00a0<br \/>\nLa coque ext\u00e9rieure mesure 95 x 45,3 x 49 cm. Avec une puissance calorifique nominale de 6,5 kW, le po\u00eale \u00e0 bois con\u00e7u comme un four \u00e0 convection atteint un rendement impressionnant de 88,7%. Disponible en couleur blanc et bordeaux.\u00a0<br \/>\nPour les b\u00fbches jusqu&rsquo;\u00e0 50 cm.<br \/>\n\u00a0Le po\u00eale poss\u00e8de les syst\u00e8mes suivants\u00a0:<\/p>\n<p>un syst\u00e8me de deuxi\u00e8me ou troisi\u00e8me air raffin\u00e9\u00a0; ce syst\u00e8me de combustion permet une postcombustion particuli\u00e8rement \u00e9cologique, ce qui r\u00e9duit consid\u00e9rablement les \u00e9missions. Cela permet d&rsquo;\u00e9conomiser beaucoup de bois de chauffage et en m\u00eame temps, cela apporte quelque chose pour l&rsquo;environnement.<br \/>\nun syst\u00e8me qui emp\u00eache efficacement le d\u00e9p\u00f4t de salet\u00e9s sur la fen\u00eatre de la chambre de combustion gr\u00e2ce \u00e0 un flux d&rsquo;air pr\u00e9chauff\u00e9 sp\u00e9cifique<\/p>\n<p>Chemineeo.fr\u00a0dispose de toutes les informations importantes du po\u00eale \u00e0 bois La Nordica Emiliana de 6,5 kW, nous vous offrons des services suppl\u00e9mentaires ou conseils en ligne de nos experts, qui se feront un plaisir d\u2019\u00eatre \u00e0 votre disposition par courriel\u00a0:\u00a0 contact@bdoadvisory.fr\u00a0 ou par t\u00e9l\u00e9phone au\u00a001 76 36 00 27<\/p>\n","protected":false},"excerpt":{"rendered":"<p>Po\u00eale \u00e0 bois La Nordica Emiliana 6,5 kW<br \/>\nDisponible avec habillage en c\u00e9ramique<br \/>\nPour un volume d\u2019habitation de 186\u00a0m\u00e8tres cubes<br \/>\nCertifi\u00e9 conforme EN 13240<\/p>\n","protected":false},"featured_media":4816,"template":"","meta":{"inline_featured_image":false},"product_brand":[],"product_cat":[167],"product_tag":[],"class_list":{"0":"post-4815","1":"product","2":"type-product","3":"status-publish","4":"has-post-thumbnail","6":"product_cat-la-nordica","8":"first","9":"instock","10":"shipping-taxable","11":"purchasable","12":"product-type-simple"},"_links":{"self":[{"href":"https:\/\/bdoadvisory.fr\/wp-json\/wp\/v2\/product\/4815","targetHints":{"allow":["GET"]}}],"collection":[{"href":"https:\/\/bdoadvisory.fr\/wp-json\/wp\/v2\/product"}],"about":[{"href":"https:\/\/bdoadvisory.fr\/wp-json\/wp\/v2\/types\/product"}],"wp:featuredmedia":[{"embeddable":true,"href":"https:\/\/bdoadvisory.fr\/wp-json\/wp\/v2\/media\/4816"}],"wp:attachment":[{"href":"https:\/\/bdoadvisory.fr\/wp-json\/wp\/v2\/media?parent=4815"}],"wp:term":[{"taxonomy":"product_brand","embeddable":true,"href":"https:\/\/bdoadvisory.fr\/wp-json\/wp\/v2\/product_brand?post=4815"},{"taxonomy":"product_cat","embeddable":true,"href":"https:\/\/bdoadvisory.fr\/wp-json\/wp\/v2\/product_cat?post=4815"},{"taxonomy":"product_tag","embeddable":true,"href":"https:\/\/bdoadvisory.fr\/wp-json\/wp\/v2\/product_tag?post=4815"}],"curies":[{"name":"wp","href":"https:\/\/api.w.org\/{rel}","templated":true}]}}