{"id":4813,"date":"2026-04-21T16:45:10","date_gmt":"2026-04-21T14:45:10","guid":{"rendered":"https:\/\/bdoadvisory.fr\/?post_type=product&#038;p=4813"},"modified":"2026-04-21T16:45:10","modified_gmt":"2026-04-21T14:45:10","slug":"poele-a-bois-justus-faro-top-2-0-6-kw","status":"publish","type":"product","link":"https:\/\/bdoadvisory.fr\/?product=poele-a-bois-justus-faro-top-2-0-6-kw","title":{"rendered":"Po\u00eale \u00e0 bois JUSTUS FARO TOP 2.0 | 6 kW"},"content":{"rendered":"<p>Po\u00eale \u00e0 bois JUSTUS FARO TOP 2.0 | 6 kW<\/p>\n<p>Le po\u00eale\u00a0\u00e0 bois\u00a0 rond Justus Faro Top 2. 0 avec une puissance calorifique nominale de 6 kW peut facilement chauffer jusqu&rsquo;\u00e0 48\u00a0m\u00b2 de volume de la pi\u00e8ce. Le po\u00eale est \u00e9quip\u00e9 d&rsquo;un compartiment en bois ferm\u00e9 et d&rsquo;une porte \u00e0 verrouillage multiple, ce qui emp\u00eache la d\u00e9formation \u00e0 haute temp\u00e9rature. En outre, une \u00e9tanch\u00e9it\u00e9 particuli\u00e8rement bonne emp\u00eache l&rsquo;entr\u00e9e d&rsquo;air ind\u00e9sirable. De plus, le po\u00eale su\u00e9dois Faro Top de Justus dispose d&rsquo;un syst\u00e8me de rin\u00e7age \u00e0 disque qui emp\u00eache les gaz de combustion de se d\u00e9poser \u00e0 l&rsquo;int\u00e9rieur du disque.<br \/>\nLe syst\u00e8me sp\u00e9cial Justus triple air garantit \u00e9galement que l&rsquo;air de combustion est toujours dos\u00e9 de mani\u00e8re optimale. Pour le\u00a0po\u00eale\u00a0\u00e0 bois Justus Faro Top 2.0, les b\u00fbches jusqu&rsquo;\u00e0 33 cm de long ne posent aucun probl\u00e8me : avec le Justus Faro Top 2.0, vous \u00eates assur\u00e9 de recevoir une chaleur agr\u00e9able &#8211; \u00e0 toute heure du jour ou de la nuit.<br \/>\nRev\u00eatement de four profil\u00e9<br \/>\nLe rev\u00eatement de four en vermiculite moul\u00e9e profil\u00e9e \u00e0 haute r\u00e9sistance et \u00e0 surface attrayante n&rsquo;est pas seulement esth\u00e9tique, il favorise \u00e9galement le tourbillonnement souhait\u00e9 des gaz combustibles pour une combustion propre.<br \/>\nFonctionnement continu 24h\/24<br \/>\nUne caract\u00e9ristique particuli\u00e8re de la qualit\u00e9 et du respect de l&rsquo;environnement. Le four peut fonctionner pendant une dur\u00e9e illimit\u00e9e. N&rsquo;utilisez que les carburants sp\u00e9cifi\u00e9s et autoris\u00e9s ! Suivez les instructions !<br \/>\nVerrouillage multipoint<br \/>\nLe verrouillage multipoint emp\u00eache la porte coupe-feu de se d\u00e9former en raison de temp\u00e9ratures \u00e9lev\u00e9es. En outre, l&rsquo;\u00e9tanch\u00e9it\u00e9 particuli\u00e8rement bonne emp\u00eache l&rsquo;entr\u00e9e d&rsquo;air ind\u00e9sirable et maintient ainsi la qualit\u00e9 de la combustion dans le four.<br \/>\nRaccordement pour l&rsquo;alimentation en air de combustion externe<br \/>\nDans les maisons modernes, particuli\u00e8rement denses, avec des syst\u00e8mes de ventilation contr\u00f4l\u00e9s, l&rsquo;air de combustion doit \u00eatre aliment\u00e9 de l&rsquo;ext\u00e9rieur afin qu&rsquo;aucune pression n\u00e9gative ne puisse appara\u00eetre dans l&rsquo;espace de vie avec le po\u00eale. Cela n\u00e9cessite une alimentation en air ext\u00e9rieur s\u00e9par\u00e9e.<br \/>\nRin\u00e7age des fen\u00eatres<br \/>\nUn flux d&rsquo;air cibl\u00e9 emp\u00eache la condensation et le d\u00e9p\u00f4t de gaz de combustion sur la face int\u00e9rieure de la fen\u00eatre. Cela permet de garder le disque propre.<br \/>\nSyst\u00e8me \u00e0 triple air<br \/>\nLe syst\u00e8me sp\u00e9cial \u00e0 triple air JUSTUS garantit que l&rsquo;air de combustion est toujours dos\u00e9 de mani\u00e8re optimale l\u00e0 o\u00f9 il est n\u00e9cessaire pour le processus de combustion. Une combustion particuli\u00e8rement propre et efficace est le r\u00e9sultat souhait\u00e9.<br \/>\nChemineeo.fr\u00a0dispose de toutes les informations importantes du po\u00eale \u00e0 bois JUSTUS FARO TOP 2.0 | 6 kW, nous vous offrons des services suppl\u00e9mentaires ou conseils en ligne de nos experts, qui se feront un plaisir d\u2019\u00eatre \u00e0 votre disposition par courriel\u00a0:\u00a0info@chemineeo.fr\u00a0ou par t\u00e9l\u00e9phone au\u00a001 76 36 00 27.<br \/>\nVous pouvez acheter en ligne en toute s\u00e9curit\u00e9 po\u00eale \u00e0 bois JUSTUS FARO TOP 2.0 | 6 kW toutes les sp\u00e9cifications ont \u00e9t\u00e9 test\u00e9es \u00e0 la puissance calorifique nominale et d\u00e9pendant de la version\/ conception.<\/p>\n","protected":false},"excerpt":{"rendered":"<p>Po\u00eale \u00e0 bois Justus Faro Top 2.0<br \/>\nPuissance nominale calorifique de 6 kW<br \/>\nDouble foyer en vermiculite profil\u00e9e et grille coul\u00e9e<br \/>\nPoign\u00e9e avec syst\u00e8me de verrouillage rapide<br \/>\nRaccordement pour l\u2019air ext\u00e9rieur<br \/>\nPorte massive en fonte<br \/>\nTest\u00e9e selon la norme EN 13240<\/p>\n","protected":false},"featured_media":4814,"template":"","meta":{"inline_featured_image":false},"product_brand":[],"product_cat":[166],"product_tag":[],"class_list":{"0":"post-4813","1":"product","2":"type-product","3":"status-publish","4":"has-post-thumbnail","6":"product_cat-justus","8":"first","9":"instock","10":"shipping-taxable","11":"purchasable","12":"product-type-simple"},"_links":{"self":[{"href":"https:\/\/bdoadvisory.fr\/index.php?rest_route=\/wp\/v2\/product\/4813","targetHints":{"allow":["GET"]}}],"collection":[{"href":"https:\/\/bdoadvisory.fr\/index.php?rest_route=\/wp\/v2\/product"}],"about":[{"href":"https:\/\/bdoadvisory.fr\/index.php?rest_route=\/wp\/v2\/types\/product"}],"wp:featuredmedia":[{"embeddable":true,"href":"https:\/\/bdoadvisory.fr\/index.php?rest_route=\/wp\/v2\/media\/4814"}],"wp:attachment":[{"href":"https:\/\/bdoadvisory.fr\/index.php?rest_route=%2Fwp%2Fv2%2Fmedia&parent=4813"}],"wp:term":[{"taxonomy":"product_brand","embeddable":true,"href":"https:\/\/bdoadvisory.fr\/index.php?rest_route=%2Fwp%2Fv2%2Fproduct_brand&post=4813"},{"taxonomy":"product_cat","embeddable":true,"href":"https:\/\/bdoadvisory.fr\/index.php?rest_route=%2Fwp%2Fv2%2Fproduct_cat&post=4813"},{"taxonomy":"product_tag","embeddable":true,"href":"https:\/\/bdoadvisory.fr\/index.php?rest_route=%2Fwp%2Fv2%2Fproduct_tag&post=4813"}],"curies":[{"name":"wp","href":"https:\/\/api.w.org\/{rel}","templated":true}]}}