{"id":4811,"date":"2026-04-21T16:45:10","date_gmt":"2026-04-21T14:45:10","guid":{"rendered":"https:\/\/bdoadvisory.fr\/?post_type=product&#038;p=4811"},"modified":"2026-04-21T16:45:10","modified_gmt":"2026-04-21T14:45:10","slug":"poele-a-bois-oranier-polar-7-2-0-65-kw","status":"publish","type":"product","link":"https:\/\/bdoadvisory.fr\/produit\/poele-a-bois-oranier-polar-7-2-0-65-kw\/","title":{"rendered":"Po\u00eale \u00e0 bois Oranier Polar 7 &#8211; 2.0 | 6,5 kW"},"content":{"rendered":"<p>Po\u00eale \u00e0 bois Oranier Polar 7 &#8211; 2.0 | 6,5 kW<\/p>\n<p>Le successeur du po\u00eale Oranier Polar 6 convainc par ses performances techniques am\u00e9lior\u00e9es et son design plus mince. Le po\u00eale Oranier Polar 7 &#8211; 2. 0 est disponible en quatre finis diff\u00e9rents en acier, pierre et c\u00e9ramique. De forme et d&rsquo;\u00e9quipement, la 2\u00e8me g\u00e9n\u00e9ration de la s\u00e9rie Polar est un classique intemporel de forme et d&rsquo;\u00e9quipement et peut s&rsquo;int\u00e9grer dans n&rsquo;importe quelle pi\u00e8ce.<\/p>\n<p>L&rsquo;\u00e9quipement de s\u00e9rie du po\u00eale \u00e0 bois Oranier Polar 7 &#8211; 2. 0 comprend un r\u00e9gulateur d&rsquo;air, un compartiment de rangement en bois qui peut \u00eatre verrouill\u00e9 par une porte et une poign\u00e9e de ventilation. En option, une buse d&rsquo;air de combustion externe peut \u00e9galement \u00eatre ajout\u00e9e pour am\u00e9liorer l&rsquo;alimentation d&rsquo;air de l&rsquo;ext\u00e9rieur et rendre le chauffage du foyer plus efficace.<br \/>\n\u00a0<br \/>\n\u00a0<br \/>\nLe po\u00eale Oranier Polar 7 &#8211; 2. 0 est disponible dans les versions suivantes :<\/p>\n<p>Acier Noir<br \/>\nAcier noir, rev\u00eatement en pierre ollaire<br \/>\nacier noir, rev\u00eatement gr\u00e8s<br \/>\nAcier noir, rev\u00eatement c\u00e9ramique Namib<br \/>\nacier noir, rev\u00eatement c\u00e9ramique blanc soie<br \/>\nAcier noir, rev\u00eatement en c\u00e9ramique grappa<\/p>\n<p>Chemineeo.fr dispose de toutes les informations importantes sur le po\u00eale Oranier Polar 7 que vous pouvez t\u00e9l\u00e9charger au format PDF.<br \/>\nEnfin, nous offrons des services suppl\u00e9mentaires tels que conseils en ligne. Nous vous recommandons les conseils d\u00e9taill\u00e9s de nos experts, qui sont \u00e0 votre disposition via courriel \u00e0  contact@bdoadvisory.fr \u00a0ou par t\u00e9l\u00e9phone.<br \/>\nToutes les sp\u00e9cifications ont \u00e9t\u00e9 test\u00e9es \u00e0 la puissance calorifique nominale et d\u00e9pendent de la version\/conception.<\/p>\n","protected":false},"excerpt":{"rendered":"<p>Po\u00eale \u00e0 bois Oranier Polar 7 \u2013 2.0<br \/>\nPuissance nominale de 6,5 kW<br \/>\nPour un bien-\u00eatre d\u00e9tendu, reposant et qualitatif<br \/>\nRev\u00eatements \u00e9l\u00e9gants, \u00e9l\u00e9gants et r\u00e9alistes pour le po\u00eale<br \/>\nFonctionnement efficace, respectueux de l&rsquo;environnement 24h\/24<br \/>\nCombustion impeccable et efficace gr\u00e2ce au triple syst\u00e8me d&rsquo;air<br \/>\nDesign unique avec de nombreuses fonctions<br \/>\nAvec une capacit\u00e9 de chauffage optimale jusqu&rsquo;\u00e0 131 m\u00e8tres cubes<br \/>\nTest\u00e9 selon DIN EN 13240<\/p>\n","protected":false},"featured_media":4812,"template":"","meta":{"inline_featured_image":false},"product_brand":[],"product_cat":[165],"product_tag":[],"class_list":{"0":"post-4811","1":"product","2":"type-product","3":"status-publish","4":"has-post-thumbnail","6":"product_cat-oranier","8":"first","9":"instock","10":"shipping-taxable","11":"purchasable","12":"product-type-simple"},"_links":{"self":[{"href":"https:\/\/bdoadvisory.fr\/wp-json\/wp\/v2\/product\/4811","targetHints":{"allow":["GET"]}}],"collection":[{"href":"https:\/\/bdoadvisory.fr\/wp-json\/wp\/v2\/product"}],"about":[{"href":"https:\/\/bdoadvisory.fr\/wp-json\/wp\/v2\/types\/product"}],"wp:featuredmedia":[{"embeddable":true,"href":"https:\/\/bdoadvisory.fr\/wp-json\/wp\/v2\/media\/4812"}],"wp:attachment":[{"href":"https:\/\/bdoadvisory.fr\/wp-json\/wp\/v2\/media?parent=4811"}],"wp:term":[{"taxonomy":"product_brand","embeddable":true,"href":"https:\/\/bdoadvisory.fr\/wp-json\/wp\/v2\/product_brand?post=4811"},{"taxonomy":"product_cat","embeddable":true,"href":"https:\/\/bdoadvisory.fr\/wp-json\/wp\/v2\/product_cat?post=4811"},{"taxonomy":"product_tag","embeddable":true,"href":"https:\/\/bdoadvisory.fr\/wp-json\/wp\/v2\/product_tag?post=4811"}],"curies":[{"name":"wp","href":"https:\/\/api.w.org\/{rel}","templated":true}]}}