{"id":4809,"date":"2026-04-21T16:45:09","date_gmt":"2026-04-21T14:45:09","guid":{"rendered":"https:\/\/bdoadvisory.fr\/?post_type=product&#038;p=4809"},"modified":"2026-04-21T16:45:09","modified_gmt":"2026-04-21T14:45:09","slug":"poele-a-bois-oranier-polar-eck-65-kw","status":"publish","type":"product","link":"https:\/\/bdoadvisory.fr\/produit\/poele-a-bois-oranier-polar-eck-65-kw\/","title":{"rendered":"Po\u00eale \u00e0 bois Oranier Polar Eck 6,5 kW"},"content":{"rendered":"<p>\u00a0Po\u00eale \u00e0 bois Oranier Polar Eck 6,5 kW<br \/>\n\u00a0<br \/>\nSi vous voulez acheter un po\u00eale, vous devrez d&rsquo;abord penser \u00e0 l&rsquo;endroit o\u00f9 il sera plus tard. Si, pour des raisons d&rsquo;espace, seule une installation dans le coin d&rsquo;une pi\u00e8ce est remise en question, le choix est soudainement assez limit\u00e9. Le fabricant traditionnel Oranier a donc \u00e9tendu sa s\u00e9rie polar \u00e0 succ\u00e8s avec un mod\u00e8le tr\u00e8s sp\u00e9cial. Nous parlons du po\u00eale particuli\u00e8rement compact Oranier Polar Eck\u00a0avec une puissance calorifique nominale de 6,5 kW.<br \/>\nL&rsquo;Oranier Polar Eck\u00a0est un v\u00e9ritable accroche-regard gr\u00e2ce sa conception sp\u00e9ciale. N\u00e9anmoins, la conception du po\u00eale reste classique et discr\u00e8te. Le premier coup d&rsquo;\u0153il tombe sur la porte coupe-feu l\u00e9g\u00e8rement cintr\u00e9e avec une lentille panoramique et une fine poign\u00e9e en acier inoxydable. Contrairement \u00e0 ses mod\u00e8les soeurs, la version d&rsquo;angle de la s\u00e9rie Polar comporte deux panneaux lat\u00e9raux suppl\u00e9mentaires, de sorte que la forme g\u00e9n\u00e9rale du po\u00eale est d&rsquo;un quart de cercle. En cons\u00e9quence, l&rsquo;Oranier Polar\u00a0d&rsquo;angle peut \u00e9galement \u00eatre install\u00e9 au ras du mur (voir photo).<br \/>\nChemineeo.fr offre des services suppl\u00e9mentaires tels que conseils en ligne. Nous vous recommandons les conseils d\u00e9taill\u00e9s de nos experts, qui sont \u00e0 votre disposition via courriel \u00e0\u00a0 contact@bdoadvisory.fr\u00a0\u00a0ou par t\u00e9l\u00e9phone\u00a0.<br \/>\nToutes les sp\u00e9cifications ont \u00e9t\u00e9 test\u00e9es \u00e0 la puissance calorifique nominale et d\u00e9pendent de la version\/conception.\u00a0\u00a0<br \/>\nL&rsquo;\u00e9quipement de base du po\u00eale est en acier inoxydable gris. Si vous souhaitez donner une touche individuelle \u00e0 l&rsquo;Oranier Polar Eck\u00a0, vous pouvez choisir parmi de nombreuses variantes d&rsquo;\u00e9quipement. Au total, six rev\u00eatements diff\u00e9rents en acier, pierre et carrelage sont disponibles. Le design compact du po\u00eale de 114 cm de hauteur est compl\u00e9t\u00e9 par un compartiment chauffant et une \u00e9tag\u00e8re en bois.<br \/>\nLe po\u00eale Polar Eck\u00a0a \u00e9galement beaucoup \u00e0 offrir : La puissance calorifique nominale du po\u00eale est de 6,5 kW, ce qui correspond \u00e0 une capacit\u00e9 de chauffage de 55\u00a0m\u00b2. Important pour tous les propri\u00e9taires d&rsquo;une maison \u00e0 faible consommation d\u2019\u00e9nergie, pour un fonctionnement ind\u00e9pendant de l&rsquo;air ambiant, le bloc de foyer du foyer d&rsquo;angle doit \u00eatre \u00e9quip\u00e9 d&rsquo;une connexion suppl\u00e9mentaire pour la connexion \u00e0 l&rsquo;alimentation en air externe. En cons\u00e9quence, ce mod\u00e8le de la s\u00e9rie Oranier Polar r\u00e9pond \u00e9galement \u00e0 toutes les r\u00e9glementations actuelles en mati\u00e8re de protection contre les immissions.<br \/>\nL&rsquo;efficacit\u00e9 du\u00a0 Polar\u00a0 se situe \u00e0 un peu moins de 82%, avec des briquettes de lignite atteignant presque 84% : ces chiffres consid\u00e9rables sont en grande partie dus au syst\u00e8me Oranier triple air. Un stockage de chaleur re\u00e7oit le po\u00eale sur le rev\u00eatement en vermiculite. La haute fonctionnalit\u00e9 de\u00a0 ce po\u00eale d&rsquo;angle est illustr\u00e9e, entre autres, par le syst\u00e8me de verrouillage pratique \u00e0 deux points de la porte coulissante panoramique.<br \/>\nSyst\u00e8me innovant \u00e0 triple air<br \/>\nLe syst\u00e8me triple air de la marque Oranier est bas\u00e9 sur un principe simple : l&rsquo;air primaire est responsable du d\u00e9part, l&rsquo;air secondaire pour le flamboiement continu et l&rsquo;air tertiaire pour le tir suppl\u00e9mentaire de la combustion, de sorte qu&rsquo;une post-combustion ait lieu. La ligne de fond est donc toujours l\u00e0 pour un air de combustion de mesure optimale, o\u00f9 il est n\u00e9cessaire pour le processus de combustion. En m\u00eame temps, le contr\u00f4le suppl\u00e9mentaire de l&rsquo;alimentation en oxyg\u00e8ne favorise la combustion lente et contr\u00f4l\u00e9e du bois ou des briquettes. Pas \u00e9tonnant que l&rsquo;Oranier Polar Eck\u00a0soit con\u00e7u pour une utilisation continue 24h.<br \/>\nL&rsquo;\u00e9cran panoramique de l&rsquo;Oranier Polar Eck\u00a0est en verre c\u00e9ramique, assurant une s\u00e9curit\u00e9 maximale m\u00eame \u00e0 tr\u00e8s haute temp\u00e9rature. N\u00e9anmoins, des facteurs tels que le volume de bois, l&rsquo;humidit\u00e9 du bois, la pression de la chemin\u00e9e, la construction et le fonctionnement influent sur la propret\u00e9 de la lentille. Le po\u00eale Oranier a d\u00e9velopp\u00e9 un nettoyage de fen\u00eatre extr\u00eamement efficace, dans lequel un flux d&rsquo;air cible \u00e0 guidage emp\u00eache la condensation et le d\u00e9p\u00f4t de particules de poussi\u00e8res et de suie sur la vitre \u00e0 l&rsquo;int\u00e9rieur. Ainsi, la vue du jeu de flamme confortable reste libre.<br \/>\nAvantages :<br \/>\n\u2022 un po\u00eale \u00e0 faible encombrement<br \/>\n\u2022 design classique<br \/>\n\u2022 haute efficacit\u00e9<br \/>\n\u2022 combustion propre<br \/>\n\u2022 nombreux panneaux<br \/>\n\u2022 vidage de disque int\u00e9gr\u00e9<br \/>\n\u2022 longueur de bois de chauffage jusqu&rsquo;\u00e0 33 cm<br \/>\nLes Po\u00eales Oranier sont disponibles dans\u00a0la boutique de po\u00eales,\u00a0chemineeo.fr,\u00a0site s\u00fbr et s\u00e9curis\u00e9 en ligne.<\/p>\n","protected":false},"excerpt":{"rendered":"<p>Po\u00eale \u00e0 bois Oranier Polar Eck 6,5\u00a0kW\u00a0<br \/>\nPo\u00eale Eck adossable au mur avec vitre galb\u00e9e<br \/>\nFonctionnement \u00e9cologique continu<br \/>\nCorps de chauffe en vermiculite et b\u00fbcher ouvert<br \/>\nCombustion efficace et sans r\u00e9sidus gr\u00e2ce \u00e0 la triple r\u00e9partition d\u2019air<br \/>\nPoign\u00e9e ventil\u00e9e et tiroir \u00e0 cendres inclus<br \/>\nPour un volume d\u2019habitation de\u00a055\u00a0m\u00b2<br \/>\nCertifi\u00e9 conforme NF EN 13240<\/p>\n","protected":false},"featured_media":4810,"template":"","meta":{"inline_featured_image":false},"product_brand":[],"product_cat":[165],"product_tag":[],"class_list":{"0":"post-4809","1":"product","2":"type-product","3":"status-publish","4":"has-post-thumbnail","6":"product_cat-oranier","8":"first","9":"instock","10":"shipping-taxable","11":"purchasable","12":"product-type-simple"},"_links":{"self":[{"href":"https:\/\/bdoadvisory.fr\/wp-json\/wp\/v2\/product\/4809","targetHints":{"allow":["GET"]}}],"collection":[{"href":"https:\/\/bdoadvisory.fr\/wp-json\/wp\/v2\/product"}],"about":[{"href":"https:\/\/bdoadvisory.fr\/wp-json\/wp\/v2\/types\/product"}],"wp:featuredmedia":[{"embeddable":true,"href":"https:\/\/bdoadvisory.fr\/wp-json\/wp\/v2\/media\/4810"}],"wp:attachment":[{"href":"https:\/\/bdoadvisory.fr\/wp-json\/wp\/v2\/media?parent=4809"}],"wp:term":[{"taxonomy":"product_brand","embeddable":true,"href":"https:\/\/bdoadvisory.fr\/wp-json\/wp\/v2\/product_brand?post=4809"},{"taxonomy":"product_cat","embeddable":true,"href":"https:\/\/bdoadvisory.fr\/wp-json\/wp\/v2\/product_cat?post=4809"},{"taxonomy":"product_tag","embeddable":true,"href":"https:\/\/bdoadvisory.fr\/wp-json\/wp\/v2\/product_tag?post=4809"}],"curies":[{"name":"wp","href":"https:\/\/api.w.org\/{rel}","templated":true}]}}