{"id":3,"date":"2025-01-23T22:54:25","date_gmt":"2025-01-23T21:54:25","guid":{"rendered":"https:\/\/bdoadvisory.fr\/?page_id=3"},"modified":"2026-03-26T19:06:12","modified_gmt":"2026-03-26T18:06:12","slug":"politique-de-confidentialite","status":"publish","type":"page","link":"https:\/\/bdoadvisory.fr\/?page_id=3","title":{"rendered":"Politique de confidentialit\u00e9"},"content":{"rendered":"\n<p>Bienvenue sur&nbsp;<strong>BDO ADVISORY<\/strong>&nbsp;! Cette Politique de confidentialit\u00e9 s\u2019adresse \u00e0 vous, en votre qualit\u00e9 d\u2019utilisateur du site internet&nbsp;<a href=\"https:\/\/bdoadvisory.fr\/\/\"><strong>https:\/\/bdoadvisory.fr\/<\/strong><\/a>&nbsp;(ci-apr\u00e8s le \u00ab SITE \u00bb), et a pour objectif de vous informer de la mani\u00e8re dont vos informations personnelles peuvent \u00eatre collect\u00e9es et trait\u00e9es par&nbsp;<strong>BDO ADVISORY<\/strong>.<\/p>\n\n\n\n<p>Le respect de votre vie priv\u00e9e et de vos donn\u00e9es \u00e0 caract\u00e8re personnel est pour nous une priorit\u00e9 et nous nous engageons \u00e0 traiter vos donn\u00e9es dans le plus strict respect de la&nbsp;<strong>Loi Informatique et Libert\u00e9s du 6 janvier 1978<\/strong>&nbsp;(ci-apr\u00e8s \u00ab loi IEL \u00bb) modifi\u00e9e et du&nbsp;<strong>R\u00e8glement (UE) g\u00e9n\u00e9ral sur la protection des donn\u00e9es du 27 avril 2016<\/strong>&nbsp;(ci-apr\u00e8s \u00ab RGPD \u00bb).<\/p>\n\n\n\n<p>Nous nous engageons \u00e0 respecter les principes suivants :<\/p>\n\n\n\n<ul class=\"wp-block-list\">\n<li><strong>Vous restez ma\u00eetre de vos donn\u00e9es \u00e0 caract\u00e8re personnel<\/strong>&nbsp;;<\/li>\n\n\n\n<li><strong>Vos donn\u00e9es sont trait\u00e9es de mani\u00e8re transparente, confidentielle et s\u00e9curis\u00e9e<\/strong>.<\/li>\n<\/ul>\n\n\n\n<hr class=\"wp-block-separator has-alpha-channel-opacity\"\/>\n\n\n\n<h2 class=\"wp-block-heading\">Article 1. Identit\u00e9 &amp; Coordonn\u00e9es du Responsable de Traitement<\/h2>\n\n\n\n<p>Le responsable du traitement de vos donn\u00e9es est :<\/p>\n\n\n\n<p><strong>BDO ADVISORY<\/strong><br><strong>Si\u00e8ge social :<\/strong>&nbsp;<span class=\"site-adress\">12 Rue de Belfond 16730 Fl\u00e9ac<\/span>, France<br><strong>Email :<\/strong>&nbsp;<a><a href=\"mailto:&#99;&#111;n&#116;ac&#116;&#64;&#98;&#100;oadv&#105;&#115;&#111;&#114;&#121;&#46;&#102;r\" class=\"text-decoration-none\">co&#110;&#116;&#97;c&#116;&#64;b&#100;&#111;a&#100;vis&#111;&#114;y&#46;&#102;&#114;<\/a><\/a><\/p>\n\n\n\n<p>Pour toute question relative \u00e0 la gestion et \u00e0 l\u2019utilisation de vos donn\u00e9es \u00e0 caract\u00e8re personnel, vous pouvez nous contacter :<\/p>\n\n\n\n<ul class=\"wp-block-list\">\n<li><strong>Par email :<\/strong>&nbsp;<a><a href=\"mailto:c&#111;&#110;&#116;&#97;&#99;t&#64;&#98;&#100;oad&#118;&#105;&#115;&#111;r&#121;.fr\" class=\"text-decoration-none\">con&#116;&#97;ct&#64;&#98;d&#111;a&#100;v&#105;so&#114;y.&#102;&#114;<\/a><\/a><\/li>\n\n\n\n<li><strong>Par courrier :<\/strong>&nbsp;BDO ADVISORY, <span class=\"site-adress\">12 Rue de Belfond 16730 Fl\u00e9ac<\/span>, France<\/li>\n<\/ul>\n\n\n\n<hr class=\"wp-block-separator has-alpha-channel-opacity\"\/>\n\n\n\n<h2 class=\"wp-block-heading\">Article 2. Collecte &amp; Origine des Donn\u00e9es<\/h2>\n\n\n\n<p>Vos donn\u00e9es personnelles sont collect\u00e9es soit&nbsp;<strong>directement<\/strong>&nbsp;(inscription, commande, formulaire de contact), soit&nbsp;<strong>indirectement<\/strong>&nbsp;(donn\u00e9es de connexion et de navigation sur le SITE).<\/p>\n\n\n\n<p>Les donn\u00e9es collect\u00e9es sont utilis\u00e9es pour :<\/p>\n\n\n\n<ul class=\"wp-block-list\">\n<li>G\u00e9rer votre compte et vos commandes,<\/li>\n\n\n\n<li>Assurer le service client et r\u00e9pondre \u00e0 vos demandes,<\/li>\n\n\n\n<li>Am\u00e9liorer l\u2019exp\u00e9rience utilisateur sur notre SITE,<\/li>\n\n\n\n<li>Se conformer aux obligations l\u00e9gales et r\u00e9glementaires.<\/li>\n<\/ul>\n\n\n\n<p>Nous recueillons votre&nbsp;<strong>consentement explicite<\/strong>&nbsp;lorsque cela est n\u00e9cessaire et vous permettons de&nbsp;<strong>vous opposer<\/strong>&nbsp;\u00e0 certaines utilisations (prospection commerciale, cookies tiers, etc.).<\/p>\n\n\n\n<hr class=\"wp-block-separator has-alpha-channel-opacity\"\/>\n\n\n\n<h2 class=\"wp-block-heading\">Article 3. Finalit\u00e9s &amp; Base L\u00e9gale des Traitements<\/h2>\n\n\n\n<figure class=\"wp-block-table\"><table class=\"has-fixed-layout\"><tbody><tr><th><strong>Finalit\u00e9<\/strong><\/th><th><strong>Base l\u00e9gale<\/strong><\/th><\/tr><tr><td>Gestion des comptes, commandes et factures<\/td><td><strong>Ex\u00e9cution du contrat<\/strong><\/td><\/tr><tr><td>R\u00e9ponse aux demandes clients<\/td><td><strong>Consentement<\/strong><\/td><\/tr><tr><td>Envoi d\u2019offres commerciales<\/td><td><strong>Int\u00e9r\u00eat l\u00e9gitime ou consentement<\/strong><\/td><\/tr><tr><td>Gestion des droits \u00ab Informatique &amp; Libert\u00e9s \u00bb<\/td><td><strong>Obligation l\u00e9gale<\/strong><\/td><\/tr><tr><td>Am\u00e9lioration du SITE et personnalisation des publicit\u00e9s<\/td><td><strong>Int\u00e9r\u00eat l\u00e9gitime ou consentement<\/strong><\/td><\/tr><tr><td>Lutte contre la fraude<\/td><td><strong>Obligation l\u00e9gale et ex\u00e9cution du contrat<\/strong><\/td><\/tr><\/tbody><\/table><\/figure>\n\n\n\n<hr class=\"wp-block-separator has-alpha-channel-opacity\"\/>\n\n\n\n<h2 class=\"wp-block-heading\">Article 4. Donn\u00e9es Trait\u00e9es<\/h2>\n\n\n\n<figure class=\"wp-block-table\"><table class=\"has-fixed-layout\"><tbody><tr><td><strong>Finalit\u00e9<\/strong><\/td><td><strong>Donn\u00e9es collect\u00e9es<\/strong><\/td><\/tr><tr><td>Gestion des comptes et commandes<\/td><td>Nom, pr\u00e9nom, email, t\u00e9l\u00e9phone, adresse postale, donn\u00e9es bancaires anonymis\u00e9es<\/td><\/tr><tr><td>R\u00e9ponse aux demandes clients<\/td><td>Nom, pr\u00e9nom, email, t\u00e9l\u00e9phone<\/td><\/tr><tr><td>Envoi d\u2019offres commerciales<\/td><td>Email, nom, pr\u00e9nom, t\u00e9l\u00e9phone<\/td><\/tr><tr><td>Exercice des droits \u00ab Informatique et Libert\u00e9s \u00bb<\/td><td>Identit\u00e9, coordonn\u00e9es, copie de pi\u00e8ce d\u2019identit\u00e9 si n\u00e9cessaire<\/td><\/tr><tr><td>Lutte contre la fraude<\/td><td>Identit\u00e9, type de carte bancaire, IP<\/td><\/tr><\/tbody><\/table><\/figure>\n\n\n\n<hr class=\"wp-block-separator has-alpha-channel-opacity\"\/>\n\n\n\n<h2 class=\"wp-block-heading\">Article 5. Destinataires de Vos Donn\u00e9es<\/h2>\n\n\n\n<p>Vos donn\u00e9es sont accessibles uniquement aux parties suivantes :<\/p>\n\n\n\n<ul class=\"wp-block-list\">\n<li><strong>Personnel habilit\u00e9<\/strong>&nbsp;d\u2019BDO ADVISORY (support client, comptabilit\u00e9, logistique, etc.),<\/li>\n\n\n\n<li><strong>Sous-traitants<\/strong>&nbsp;(services de paiement, transporteurs, h\u00e9bergeurs),<\/li>\n\n\n\n<li><strong>Autorit\u00e9s comp\u00e9tentes<\/strong>, en cas d\u2019obligation l\u00e9gale.<\/li>\n<\/ul>\n\n\n\n<hr class=\"wp-block-separator has-alpha-channel-opacity\"\/>\n\n\n\n<h2 class=\"wp-block-heading\">Article 6. Dur\u00e9e de Conservation des Donn\u00e9es<\/h2>\n\n\n\n<figure class=\"wp-block-table\"><table class=\"has-fixed-layout\"><tbody><tr><td><strong>Finalit\u00e9<\/strong><\/td><td><strong>Dur\u00e9e de conservation<\/strong><\/td><\/tr><tr><td>Gestion des comptes et commandes<\/td><td>3 ans apr\u00e8s la derni\u00e8re transaction<\/td><\/tr><tr><td>Envoi d\u2019offres commerciales<\/td><td>3 ans apr\u00e8s le dernier contact<\/td><\/tr><tr><td>Gestion des demandes RGPD<\/td><td>1 \u00e0 3 ans<\/td><\/tr><tr><td>Lutte contre la fraude<\/td><td>3 ans apr\u00e8s la transaction<\/td><\/tr><\/tbody><\/table><\/figure>\n\n\n\n<hr class=\"wp-block-separator has-alpha-channel-opacity\"\/>\n\n\n\n<h2 class=\"wp-block-heading\">Article 7. Vos Droits<\/h2>\n\n\n\n<p>Vous disposez des droits suivants sur vos donn\u00e9es personnelles :<\/p>\n\n\n\n<ul class=\"wp-block-list\">\n<li><strong>Droit d\u2019acc\u00e8s, de rectification et de mise \u00e0 jour<\/strong>&nbsp;;<\/li>\n\n\n\n<li><strong>Droit \u00e0 l\u2019effacement des donn\u00e9es (\u00ab droit \u00e0 l\u2019oubli \u00bb)<\/strong>&nbsp;;<\/li>\n\n\n\n<li><strong>Droit d\u2019opposition et de limitation du traitement<\/strong>&nbsp;;<\/li>\n\n\n\n<li><strong>Droit \u00e0 la portabilit\u00e9 des donn\u00e9es<\/strong>&nbsp;;<\/li>\n\n\n\n<li><strong>Droit de d\u00e9finir des directives post-mortem sur vos donn\u00e9es<\/strong>.<\/li>\n<\/ul>\n\n\n\n<p>Pour exercer vos droits, contactez-nous :<\/p>\n\n\n\n<ul class=\"wp-block-list\">\n<li><strong>Par email :<\/strong>&nbsp;<a><a href=\"mailto:&#99;&#111;nta&#99;&#116;&#64;&#98;doad&#118;i&#115;&#111;r&#121;.f&#114;\" class=\"text-decoration-none\">c&#111;nt&#97;c&#116;&#64;&#98;doa&#100;&#118;&#105;&#115;&#111;r&#121;&#46;&#102;r<\/a><\/a><\/li>\n\n\n\n<li><strong>Par courrier :<\/strong>&nbsp;BDO ADVISORY, <span class=\"site-adress\">12 Rue de Belfond 16730 Fl\u00e9ac<\/span>, France<\/li>\n<\/ul>\n\n\n\n<p>Si vous estimez que vos droits ne sont pas respect\u00e9s, vous pouvez d\u00e9poser une plainte aupr\u00e8s de la&nbsp;<strong>CNIL<\/strong>&nbsp;(<a href=\"https:\/\/www.cnil.fr\/\">www.cnil.fr<\/a>).<\/p>\n\n\n\n<hr class=\"wp-block-separator has-alpha-channel-opacity\"\/>\n\n\n\n<h2 class=\"wp-block-heading\">Article 8. S\u00e9curit\u00e9 des Donn\u00e9es<\/h2>\n\n\n\n<p>Nous mettons en place des mesures de&nbsp;<strong>s\u00e9curit\u00e9 techniques et organisationnelles<\/strong>&nbsp;pour prot\u00e9ger vos donn\u00e9es contre l\u2019acc\u00e8s non autoris\u00e9, la perte ou la divulgation.<\/p>\n\n\n\n<hr class=\"wp-block-separator has-alpha-channel-opacity\"\/>\n\n\n\n<h2 class=\"wp-block-heading\">Article 9. Cookies et Technologies de Suivi<\/h2>\n\n\n\n<p>Nous utilisons des cookies et des technologies similaires pour am\u00e9liorer votre exp\u00e9rience utilisateur et analyser le trafic du SITE. Vous pouvez g\u00e9rer vos pr\u00e9f\u00e9rences de cookies dans les param\u00e8tres de votre navigateur.<\/p>\n\n\n\n<hr class=\"wp-block-separator has-alpha-channel-opacity\"\/>\n\n\n\n<h2 class=\"wp-block-heading\">Article 10. Transfert de Donn\u00e9es Hors UE<\/h2>\n\n\n\n<p>Si n\u00e9cessaire, nous garantissons que tout transfert de donn\u00e9es hors de l\u2019Union Europ\u00e9enne respecte les standards de protection ad\u00e9quats.<\/p>\n\n\n\n<hr class=\"wp-block-separator has-alpha-channel-opacity\"\/>\n\n\n\n<h2 class=\"wp-block-heading\">Article 11. Contact<\/h2>\n\n\n\n<p>Pour toute question concernant cette politique, contactez-nous :<\/p>\n\n\n\n<ul class=\"wp-block-list\">\n<li><strong>Email :<\/strong>&nbsp;<a><a href=\"mailto:&#99;o&#110;&#116;&#97;ct&#64;b&#100;&#111;&#97;d&#118;&#105;s&#111;&#114;&#121;.&#102;&#114;\" class=\"text-decoration-none\">&#99;o&#110;&#116;a&#99;t&#64;&#98;d&#111;a&#100;viso&#114;y&#46;fr<\/a><\/a><\/li>\n\n\n\n<li><strong>Adresse postale :<\/strong>&nbsp;BDO ADVISORY, <span class=\"site-adress\">12 Rue de Belfond 16730 Fl\u00e9ac<\/span>, France<\/li>\n<\/ul>\n\n\n\n<p>Merci de votre confiance envers&nbsp;<strong>BDO ADVISORY<\/strong>&nbsp;!<\/p>\n","protected":false},"excerpt":{"rendered":"<p>Bienvenue sur&nbsp;&nbsp;! Cette Politique de confidentialit\u00e9 s\u2019adresse \u00e0 vous, en votre qualit\u00e9 d\u2019utilisateur du site internet&nbsp;https:\/\/bdoadvisory.fr\/&nbsp;(ci-apr\u00e8s le \u00ab SITE \u00bb), et a pour objectif de vous informer de la mani\u00e8re dont vos informations personnelles peuvent \u00eatre collect\u00e9es et trait\u00e9es par&nbsp;. Le respect de votre vie priv\u00e9e et de vos donn\u00e9es \u00e0 caract\u00e8re personnel est pour . . . <\/p>\n","protected":false},"author":1,"featured_media":0,"parent":0,"menu_order":2000,"comment_status":"closed","ping_status":"closed","template":"","meta":{"inline_featured_image":false,"footnotes":""},"class_list":["post-3","page","type-page","status-publish","hentry"],"_links":{"self":[{"href":"https:\/\/bdoadvisory.fr\/index.php?rest_route=\/wp\/v2\/pages\/3","targetHints":{"allow":["GET"]}}],"collection":[{"href":"https:\/\/bdoadvisory.fr\/index.php?rest_route=\/wp\/v2\/pages"}],"about":[{"href":"https:\/\/bdoadvisory.fr\/index.php?rest_route=\/wp\/v2\/types\/page"}],"author":[{"embeddable":true,"href":"https:\/\/bdoadvisory.fr\/index.php?rest_route=\/wp\/v2\/users\/1"}],"replies":[{"embeddable":true,"href":"https:\/\/bdoadvisory.fr\/index.php?rest_route=%2Fwp%2Fv2%2Fcomments&post=3"}],"version-history":[{"count":0,"href":"https:\/\/bdoadvisory.fr\/index.php?rest_route=\/wp\/v2\/pages\/3\/revisions"}],"wp:attachment":[{"href":"https:\/\/bdoadvisory.fr\/index.php?rest_route=%2Fwp%2Fv2%2Fmedia&parent=3"}],"curies":[{"name":"wp","href":"https:\/\/api.w.org\/{rel}","templated":true}]}}