{"id":2,"date":"2025-01-23T22:54:25","date_gmt":"2025-01-23T21:54:25","guid":{"rendered":"https:\/\/bdoadvisory.fr\/?page_id=2"},"modified":"2026-04-21T14:25:36","modified_gmt":"2026-04-21T12:25:36","slug":"accueil","status":"publish","type":"page","link":"https:\/\/bdoadvisory.fr\/","title":{"rendered":"Accueil"},"content":{"rendered":"\n<div class=\"wp-block-m-column-section-megastrap m-column-section-edit row g-0\">\n<div class=\"wp-block-m-column-section-half-megastrap m-column-section-half col-lg-6 has-white-color text-unset half-section-b882e889-1c9c-41b7-b575-c5008a15ba61\" style=\"background:linear-gradient(310deg,rgb(205,200,200) 0%,rgb(188,188,188) 100%)\"><div class=\"m-container-section-half h-100 d-flex flex-column justify-content-center pt-5 pb-5 pe-lg-5 has-indent-p m-container-half\">\n<h1 class=\"wp-block-heading has-text-align-left display-5 m-max-width-900 mb-2\" style=\"font-style:normal;font-weight:700;text-transform:uppercase\">L&rsquo;expertise au service de vos ambitions<\/h1>\n\n\n\n<p class=\"has-text-align-left mb-4 lead\">Dans un monde en constante mutation, BDO Advisory accompagne les dirigeants pour transformer les d\u00e9fis complexes en opportunit\u00e9s de croissance. Nous allions vision strat\u00e9gique et pragmatisme op\u00e9rationnel pour b\u00e2tir, avec vous, le futur de votre organisation.<\/p>\n\n\n\n<div class=\"wp-block-m-bootstrap-buttons-megastrap m-bootstrap-buttons d-flex flex-wrap gap-3 flex-row align-items-center justify-content-unset mb-5 has-indent-m\">\n<a href=\"https:\/\/bdoadvisory.fr\/\/catalogue\/\" class=\"wp-block-m-bootstrap-button-megastrap m-bootstrap-button btn btn-light text-dark\" style=\"--bs-btn-padding-x:1.75rem;--bs-btn-padding-y:0.75rem;--bs-btn-active-color:var(--bs-dark);--bs-btn-hover-color:var(--bs-secondary);--bs-btn-color:var(--bs-dark);--bs-btn-hover-bg:var(--bs-white);--bs-btn-hover-border-color:var(--bs-white);--bs-btn-active-bg:var(--bs-white);--bs-btn-active-border-color:var(--bs-white);--bs-btn-border-color:var(--bs-white);--bs-btn-bg:var(--bs-white);--bs-btn-font-weight:700\">Acheter maintenant<\/a>\n<\/div>\n<\/div><\/div>\n\n\n\n<div class=\"wp-block-m-column-section-half-megastrap m-column-section-half col-lg-6 text-unset half-section-18977351-e986-4fb1-b719-0d21bc3d17a3\" style=\"background:url('http:\/\/bdoadvisory.fr\/wp-content\/uploads\/2026\/04\/hero.webp') 84% 53% \/ cover no-repeat scroll #ffffff\"><div class=\"m-container-section-half h-100 pt-5 pb-5 has-indent-p m-container-half\"><\/div><style>\n.half-section-18977351-e986-4fb1-b719-0d21bc3d17a3 { min-height: 20rem; }  \n@media (min-width: 992px) { .half-section-18977351-e986-4fb1-b719-0d21bc3d17a3 { min-height: 35rem; } } \n<\/style><\/div>\n<\/div>\n\n\n\n<div class=\"wp-block-m-basic-section-megastrap m-basic-section d-unset has-light-background-color text-unset\"><div class=\"m-basic-section-container pt-4 pb-4 has-indent-p container\">\n<div class=\"wp-block-m-bootstrap-row-megastrap m-row row row-cols-2 row-cols-lg-4 align-items-unset justify-content-unset gx-3 gy-3\">\n<div class=\"wp-block-m-bootstrap-column-megastrap m-col col order-unset d-unset text-unset col-a96c4a3a-6a87-4824-bb88-ecf088bbfa62\"><div class=\"col-content\">\n<p class=\"has-text-align-center has-primary-color has-text-color has-link-color display-4 mb-0 wp-elements-10b12b07a1f2eade0b2642df9984c724\"><i class=\"bi bi-headset\"><\/i><\/p>\n\n\n\n<p class=\"has-text-align-center h5 me-auto ms-auto m-max-width-300 mb-1\">24\\7 support<\/p>\n\n\n\n<p class=\"has-text-align-center m-max-width-200 ms-auto me-auto lh-1\" style=\"font-size:0.9rem;font-style:normal;font-weight:400\">Conseillers techniques\u2028sp\u00e9cialis\u00e9s<\/p>\n<\/div><\/div>\n\n\n\n<div class=\"wp-block-m-bootstrap-column-megastrap m-col col order-unset d-unset text-unset col-8faa058e-5cd1-41db-9a3d-852af6fbbb9d\"><div class=\"col-content\">\n<p class=\"has-text-align-center has-primary-color has-text-color has-link-color display-4 mb-0 wp-elements-bb38ea31be1bbf52dc48886b2b9f6107\"><i class=\"bi bi-person-gear\"><\/i><\/p>\n\n\n\n<p class=\"has-text-align-center h5 me-auto ms-auto m-max-width-300 mb-1\">Paiement plusieurs fois<\/p>\n\n\n\n<p class=\"has-text-align-center m-max-width-200 ms-auto me-auto lh-1\" style=\"font-size:0.9rem;font-style:normal;font-weight:400\">avec Floa et Oney<\/p>\n<\/div><\/div>\n\n\n\n<div class=\"wp-block-m-bootstrap-column-megastrap m-col col order-unset d-unset text-unset col-5d4f60de-bd9b-4f8a-a836-dee6a999b45f\"><div class=\"col-content\">\n<p class=\"has-text-align-center has-primary-color has-text-color has-link-color display-4 mb-0 wp-elements-0522b0c92a378e1ac8ba95002a4bb8ba\"><i class=\"bi bi-credit-card\"><\/i><\/p>\n\n\n\n<p class=\"has-text-align-center h5 me-auto ms-auto m-max-width-300 mb-1\">Garantie 2 ans fabricants<\/p>\n\n\n\n<p class=\"has-text-align-center m-max-width-200 ms-auto me-auto lh-1\" style=\"font-size:0.9rem;font-style:normal;font-weight:400\">Extension de garantie<br>jusqu&rsquo;\u00e0 5 ans<\/p>\n<\/div><\/div>\n\n\n\n<div class=\"wp-block-m-bootstrap-column-megastrap m-col col order-unset d-unset text-unset col-28ce4fff-c638-4cc4-ae15-7e30423e7952\"><div class=\"col-content\">\n<p class=\"has-text-align-center has-primary-color has-text-color has-link-color display-4 mb-0 wp-elements-80ec0345c5d07427f123cb7086fcdd2e\"><i class=\"bi bi-shield-check\"><\/i><\/p>\n\n\n\n<p class=\"has-text-align-center h5 me-auto ms-auto m-max-width-300 mb-1\">Livraison gratuite<\/p>\n\n\n\n<p class=\"has-text-align-center m-max-width-200 ms-auto me-auto lh-1\" style=\"font-size:0.9rem;font-style:normal;font-weight:400\">Exp\u00e9dition rapide<\/p>\n<\/div><\/div>\n<\/div>\n<\/div><\/div>\n\n\n\n<div class=\"wp-block-m-basic-section-megastrap m-basic-section mt-0 mb-0 has-indent-m d-unset has-white-background-color text-unset\"><div class=\"m-basic-section-container pt-5 pb-5 has-indent-p container\"><div class=\"woocommerce columns-5 new-products-grid my-4\"><\/div>\n<\/div><\/div>\n\n\n\n<div class=\"wp-block-m-basic-section-megastrap m-basic-section d-unset has-white-background-color text-unset\"><div class=\"m-basic-section-container pt-5 pb-5 has-indent-p container\">\n<h2 class=\"wp-block-heading has-text-align-center has-black-color has-text-color has-link-color mb-4 m-max-width-800 me-auto ms-auto lh-1 wp-elements-f42143eb8bbc235a6378eef013290834\"><span>Nos recommandations du moment<\/span><\/h2>\n\n\n<div class=\"woocommerce columns-5 new-products-grid my-4\"><\/div>\n<\/div><\/div>\n\n\n\n<div class=\"wp-block-m-basic-section-megastrap m-basic-section d-unset text-unset\"><div class=\"m-basic-section-container pt-5 pb-5 has-indent-p container\">\n<h2 class=\"wp-block-heading has-text-align-center has-black-color has-text-color has-link-color mb-4 m-max-width-800 me-auto ms-auto lh-1 wp-elements-7243d412be7ce05e471c09d17f9c101f\"><span>Bonnes affaires<\/span><\/h2>\n\n\n<div class=\"woocommerce columns-5 on-sale-products-grid\"><\/div>\n<\/div><\/div>\n\n\n\n<div class=\"wp-block-m-basic-section-megastrap m-basic-section d-unset text-unset\"><div class=\"m-basic-section-container pt-3 pb-5 has-indent-p container\">\n<h2 class=\"wp-block-heading h3 mb-4 lh-1 mt-0\">Avis de nos clients<\/h2>\n\n\n\n<div class=\"wp-block-k-blocks-slick-html-parent-k-blocks k-blocks-slick-html-parent html-gallery has-arrows arrows-outer\"><style>#html-gallery-10b1e6b2-5450-488c-bfa0-ac27aac02b03 .k-blocks-slick-html-inner-content { min-height: 8rem }<\/style><style>\n    #html-gallery-10b1e6b2-5450-488c-bfa0-ac27aac02b03 .k-blocks-slick-html-slide {\n      margin-left: 0.845rem;\n      margin-right: 0.845rem;\n    }\n    #html-gallery-10b1e6b2-5450-488c-bfa0-ac27aac02b03:not(.slick-initialized) { display:flex; overflow-x:hidden; }\n    #html-gallery-10b1e6b2-5450-488c-bfa0-ac27aac02b03:not(.slick-initialized) .k-blocks-slick-html-slide {\n      width:calc(100%\/1 - 1.69rem); flex-shrink: 0; flex-grow: 0;\n    }\n    @media (min-width: 768px) {\n      #html-gallery-10b1e6b2-5450-488c-bfa0-ac27aac02b03:not(.slick-initialized) .k-blocks-slick-html-slide { width:calc(100%\/2 - 1.69rem); }\n    }\n    @media (min-width: 1200px) {\n      #html-gallery-10b1e6b2-5450-488c-bfa0-ac27aac02b03:not(.slick-initialized) .k-blocks-slick-html-slide { width:calc(100%\/3 - 1.69rem); }\n    }<\/style><div class=\"k-slider\" id=\"html-gallery-10b1e6b2-5450-488c-bfa0-ac27aac02b03\">\n<div class=\"k-blocks-slick-html-slide p-3 p-lg-4 bg-white\" style=\"color:inherit;background-color:transparent;background-image:none,none;background-size:auto, cover;background-repeat:no-repeat,no-repeat;background-position:center,50% 50%\"><div class=\"k-blocks-slick-html-inner-content d-flex flex-column justify-content-center align-items-stretch\">\n<p class=\"has-primary-color has-text-color has-link-color wp-elements-c4a7049d5faf3e2c03f863adbafa2aa8\"><i class=\"bi bi-star-fill me-1\"><\/i><i class=\"bi bi-star-fill me-1\"><\/i><i class=\"bi bi-star-fill me-1\"><\/i><i class=\"bi bi-star-fill me-1\"><\/i><i class=\"bi bi-star-fill me-1\"><\/i><\/p>\n\n\n\n<p class=\"mt-2 lh-sm mb-2 small\">\u201cJ\u2019ai command\u00e9 une perceuse chez BDO ADVISORY et tout s\u2019est tr\u00e8s bien pass\u00e9. Livraison rapide et produit de tr\u00e8s bonne qualit\u00e9. Je suis vraiment satisfait.\u201d<\/p>\n\n\n\n<p style=\"font-size:1.2rem\" class=\"mb-0\"><strong>Marc<\/strong><\/p>\n<\/div><\/div>\n\n\n\n<div class=\"k-blocks-slick-html-slide p-3 p-lg-4 bg-white\" style=\"color:inherit;background-color:transparent;background-image:none,none;background-size:auto, cover;background-repeat:no-repeat,no-repeat;background-position:center,50% 50%\"><div class=\"k-blocks-slick-html-inner-content d-flex flex-column justify-content-center align-items-stretch\">\n<p class=\"has-primary-color has-text-color has-link-color wp-elements-c4a7049d5faf3e2c03f863adbafa2aa8\"><i class=\"bi bi-star-fill me-1\"><\/i><i class=\"bi bi-star-fill me-1\"><\/i><i class=\"bi bi-star-fill me-1\"><\/i><i class=\"bi bi-star-fill me-1\"><\/i><i class=\"bi bi-star-fill me-1\"><\/i><\/p>\n\n\n\n<p class=\"mt-2 lh-sm mb-2 small\">\u201cTr\u00e8s contente de mon achat chez BDO ADVISORY. Les prix sont int\u00e9ressants et mon appareil fonctionne parfaitement. Je recommanderai sans h\u00e9siter.\u201d<\/p>\n\n\n\n<p style=\"font-size:1.2rem\" class=\"mb-0\"><strong>Sophie<\/strong><\/p>\n<\/div><\/div>\n\n\n\n<div class=\"k-blocks-slick-html-slide p-3 p-lg-4 bg-white\" style=\"color:inherit;background-color:transparent;background-image:none,none;background-size:auto, cover;background-repeat:no-repeat,no-repeat;background-position:center,50% 50%\"><div class=\"k-blocks-slick-html-inner-content d-flex flex-column justify-content-center align-items-stretch\">\n<p class=\"has-primary-color has-text-color has-link-color wp-elements-c4a7049d5faf3e2c03f863adbafa2aa8\"><i class=\"bi bi-star-fill me-1\"><\/i><i class=\"bi bi-star-fill me-1\"><\/i><i class=\"bi bi-star-fill me-1\"><\/i><i class=\"bi bi-star-fill me-1\"><\/i><i class=\"bi bi-star-fill me-1\"><\/i><\/p>\n\n\n\n<p class=\"mt-2 lh-sm mb-2 small\">\u201cService client au top ! J\u2019ai eu une r\u00e9ponse rapide \u00e0 ma question avant d\u2019acheter mon nettoyeur haute pression. Merci \u00e0 toute l\u2019\u00e9quipe de BDO ADVISORY.\u201d<\/p>\n\n\n\n<p style=\"font-size:1.2rem\" class=\"mb-0\"><strong>Julien<\/strong><\/p>\n<\/div><\/div>\n\n\n\n<div class=\"k-blocks-slick-html-slide p-3 p-lg-4 bg-white\" style=\"color:inherit;background-color:transparent;background-image:none,none;background-size:auto, cover;background-repeat:no-repeat,no-repeat;background-position:center,50% 50%\"><div class=\"k-blocks-slick-html-inner-content d-flex flex-column justify-content-center align-items-stretch\">\n<p class=\"has-primary-color has-text-color has-link-color wp-elements-c4a7049d5faf3e2c03f863adbafa2aa8\"><i class=\"bi bi-star-fill me-1\"><\/i><i class=\"bi bi-star-fill me-1\"><\/i><i class=\"bi bi-star-fill me-1\"><\/i><i class=\"bi bi-star-fill me-1\"><\/i><i class=\"bi bi-star-fill me-1\"><\/i><\/p>\n\n\n\n<p class=\"mt-2 lh-sm mb-2 small\">\u201cLes produits de BDO ADVISORY sont fiables et durables. Cela fait plusieurs mois que j\u2019utilise mon outil et il marche toujours comme neuf.\u201d<\/p>\n\n\n\n<p style=\"font-size:1.2rem\" class=\"mb-0\"><strong>Claire<\/strong><\/p>\n<\/div><\/div>\n\n\n\n<div class=\"k-blocks-slick-html-slide p-3 p-lg-4 bg-white\" style=\"color:inherit;background-color:transparent;background-image:none,none;background-size:auto, cover;background-repeat:no-repeat,no-repeat;background-position:center,50% 50%\"><div class=\"k-blocks-slick-html-inner-content d-flex flex-column justify-content-center align-items-stretch\">\n<p class=\"has-primary-color has-text-color has-link-color wp-elements-c4a7049d5faf3e2c03f863adbafa2aa8\"><i class=\"bi bi-star-fill me-1\"><\/i><i class=\"bi bi-star-fill me-1\"><\/i><i class=\"bi bi-star-fill me-1\"><\/i><i class=\"bi bi-star-fill me-1\"><\/i><i class=\"bi bi-star-fill me-1\"><\/i><\/p>\n\n\n\n<p class=\"mt-2 lh-sm mb-2 small\">\u201cLivraison ultra rapide ! Ma commande est arriv\u00e9e deux jours plus t\u00f4t que pr\u00e9vu et parfaitement emball\u00e9e. Merci BDO ADVISORY pour votre s\u00e9rieux.\u201d<\/p>\n\n\n\n<p style=\"font-size:1.2rem\" class=\"mb-0\"><strong>Nicolas<\/strong><\/p>\n<\/div><\/div>\n\n\n\n<div class=\"k-blocks-slick-html-slide p-3 p-lg-4 bg-white\" style=\"color:inherit;background-color:transparent;background-image:none,none;background-size:auto, cover;background-repeat:no-repeat,no-repeat;background-position:center,50% 50%\"><div class=\"k-blocks-slick-html-inner-content d-flex flex-column justify-content-center align-items-stretch\">\n<p class=\"has-primary-color has-text-color has-link-color wp-elements-c4a7049d5faf3e2c03f863adbafa2aa8\"><i class=\"bi bi-star-fill me-1\"><\/i><i class=\"bi bi-star-fill me-1\"><\/i><i class=\"bi bi-star-fill me-1\"><\/i><i class=\"bi bi-star-fill me-1\"><\/i><i class=\"bi bi-star-fill me-1\"><\/i><\/p>\n\n\n\n<p class=\"mt-2 lh-sm mb-2 small\">\u201cSite clair, choix vari\u00e9 et produits de qualit\u00e9. BDO ADVISORY est devenu mon magasin pr\u00e9f\u00e9r\u00e9 pour tout le mat\u00e9riel \u00e9lectrique.\u201d<\/p>\n\n\n\n<p style=\"font-size:1.2rem\" class=\"mb-0\"><strong>\u00c9lodie<\/strong><\/p>\n<\/div><\/div>\n<\/div><script>\n    jQuery(document).ready(function($) {\n      var options = {\n        slidesToShow: 1,\n        slidesToScroll: 1,\n        arrows: true,\n        dots: false,\n        infinite: false,\n        autoplay: false,\n        centerMode: false,\n        pauseOnHover: false,\n        adaptiveHeight: false,\n        fade: false,\n        mobileFirst: true,\n        responsive: [\n      { breakpoint: 768, settings: { slidesToShow: 2, slidesToScroll: 1, } },\n      { breakpoint: 1200, settings: { slidesToShow: 3, slidesToScroll: 1, } },]\n      }\n      $(\"#html-gallery-10b1e6b2-5450-488c-bfa0-ac27aac02b03\").not('.slick-initialized').slick(options);\n      $(window).on( 'resize', function() {\n        $(\"#html-gallery-10b1e6b2-5450-488c-bfa0-ac27aac02b03\").not('.slick-initialized').slick(options);\n      } );\n    });<\/script><\/div>\n\n\n\n<p><\/p>\n\n\n\n<div style=\"height:2rem\" aria-hidden=\"true\" class=\"wp-block-spacer\"><\/div>\n<\/div><\/div>\n\n\n\n<div class=\"wp-block-m-basic-section-megastrap m-basic-section d-unset has-dark-color text-unset\" style=\"background-color:#e5e5e5\"><div class=\"m-basic-section-container pt-5 pb-5 has-indent-p container\">\n<div class=\"wp-block-m-bootstrap-row-megastrap m-row row align-items-center justify-content-unset gx-3 gy-3 m-max-width-1100 mx-auto\">\n<div class=\"wp-block-m-bootstrap-column-megastrap m-col col-12 col-md-6 col-xl-8 align-self-unset offset-unset order-unset d-unset text-unset col-9cfa4ad0-38ce-45ff-aaa0-915e088aced4\"><div class=\"col-content\">\n<div class=\"wp-block-m-bootstrap-flex-megastrap m-bootstrap-flex d-flex flex-nowrap flex-unset gap-3 align-items-center justify-content-unset\">\n<div class=\"wp-block-m-bootstrap-flex-item-megastrap m-bootstrap-flex-item align-self-unset order-unset flex-unset d-unset text-unset\">\n<p class=\"has-white-color has-text-color has-link-color display-6 wp-elements-c7144f608381ab0bc90909764a1b2652\"><i class=\"bi bi-envelope-open\"><\/i><\/p>\n<\/div>\n\n\n\n<div class=\"wp-block-m-bootstrap-flex-item-megastrap m-bootstrap-flex-item align-self-unset order-unset flex-unset d-unset text-unset\">\n<p style=\"font-style:normal;font-weight:400\" class=\"lead m-max-width-500 lh-1\">Obtenez toutes les derni\u00e8res informations sur les \u00e9v\u00e9nements, les ventes et les offres .<\/p>\n<\/div>\n<\/div>\n<\/div><\/div>\n\n\n\n<div class=\"wp-block-m-bootstrap-column-megastrap m-col col-12 col-md-6 col-xl-4 align-self-unset offset-unset order-unset d-unset text-unset col-c2a9b6fb-10b5-4a3c-a6c7-6898189100fa\"><div class=\"col-content\"><div class=\"custom-subscription \">\r\n<form method=\"post\" action=\"https:\/\/bdoadvisory.fr\/wp-admin\/admin-ajax.php?action=tnp&na=s\">\r\n<input type=\"hidden\" name=\"nlang\" value=\"\">\r\n<div class=\"input-group overflow-hidden\">\r\n<input class=\"form-control px-3\" type=\"email\" name=\"ne\" id=\"tnp-1\" value=\"\" placeholder=\"Email\" required>\r\n<input class=\"btn btn-primary px-3\" type=\"submit\" value=\"S'abonner\" style=\"\">\r\n<\/div>\r\n<\/form>\r\n<\/div><input type=\"hidden\" name=\"nlang\" value=\"\">\n\n<\/div><\/div>\n<\/div>\n<\/div><\/div>\n","protected":false},"excerpt":{"rendered":"","protected":false},"author":1,"featured_media":0,"parent":0,"menu_order":0,"comment_status":"closed","ping_status":"closed","template":"template-builder.php","meta":{"inline_featured_image":false,"footnotes":""},"class_list":["post-2","page","type-page","status-publish","hentry"],"_links":{"self":[{"href":"https:\/\/bdoadvisory.fr\/index.php?rest_route=\/wp\/v2\/pages\/2","targetHints":{"allow":["GET"]}}],"collection":[{"href":"https:\/\/bdoadvisory.fr\/index.php?rest_route=\/wp\/v2\/pages"}],"about":[{"href":"https:\/\/bdoadvisory.fr\/index.php?rest_route=\/wp\/v2\/types\/page"}],"author":[{"embeddable":true,"href":"https:\/\/bdoadvisory.fr\/index.php?rest_route=\/wp\/v2\/users\/1"}],"replies":[{"embeddable":true,"href":"https:\/\/bdoadvisory.fr\/index.php?rest_route=%2Fwp%2Fv2%2Fcomments&post=2"}],"version-history":[{"count":0,"href":"https:\/\/bdoadvisory.fr\/index.php?rest_route=\/wp\/v2\/pages\/2\/revisions"}],"wp:attachment":[{"href":"https:\/\/bdoadvisory.fr\/index.php?rest_route=%2Fwp%2Fv2%2Fmedia&parent=2"}],"curies":[{"name":"wp","href":"https:\/\/api.w.org\/{rel}","templated":true}]}}